{"id":1578,"date":"2025-01-10T09:22:11","date_gmt":"2025-01-10T09:22:11","guid":{"rendered":"https:\/qualitat\/"},"modified":"2025-04-10T14:10:00","modified_gmt":"2025-04-10T14:10:00","slug":"qualitat","status":"publish","type":"page","link":"https:\/\/tech-complex.com\/ca\/qualitat\/","title":{"rendered":"Qualitat"},"content":{"rendered":"<p>[et_pb_section fb_built=&#8221;1&#8243; _builder_version=&#8221;4.27.4&#8243; _module_preset=&#8221;default&#8221; background_color=&#8221;#ede6da&#8221; custom_padding=&#8221;0px||0px||false|false&#8221; locked=&#8221;off&#8221; global_colors_info=&#8221;{}&#8221;][et_pb_row column_structure=&#8221;1_2,1_2&#8243; make_equal=&#8221;on&#8221; module_class=&#8221;fila_sangre  align-center row-reverse-tab&#8221; _builder_version=&#8221;4.27.4&#8243; _module_preset=&#8221;default&#8221; custom_padding=&#8221;0px||0px||false|false&#8221; global_colors_info=&#8221;{}&#8221;][et_pb_column type=&#8221;1_2&#8243; _builder_version=&#8221;4.27.4&#8243; _module_preset=&#8221;default&#8221; custom_padding=&#8221;0px||0px||true|false&#8221; custom_padding_tablet=&#8221;3em||||false|false&#8221; custom_padding_phone=&#8221;3em||||false|false&#8221; custom_padding_last_edited=&#8221;on|tablet&#8221; global_colors_info=&#8221;{}&#8221;][et_pb_text _builder_version=&#8221;4.27.4&#8243; _module_preset=&#8221;default&#8221; custom_margin=&#8221;0px||16px||false|false&#8221; global_colors_info=&#8221;{}&#8221;]<\/p>\n<h1>COMPROM\u00cdS AMB LA NUTRICI\u00d3 ANIMAL<\/h1>\n<p>[\/et_pb_text][et_pb_text _builder_version=&#8221;4.27.4&#8243; _module_preset=&#8221;default&#8221; width=&#8221;100%&#8221; custom_margin=&#8221;||26px||false|false&#8221; global_colors_info=&#8221;{}&#8221;]<\/p>\n<p>A Tech-Complex, la qualitat no \u00e9s nom\u00e9s un est\u00e0ndard, \u00e9s la nostra ess\u00e8ncia.<\/p>\n<p>Cada producte que desenvolupem i cada servei que oferim estan dissenyats per no sols complir, sin\u00f3 superar les expectatives m\u00e9s exigents del sector agroalimentari.<\/p>\n<p>Ens comprometem a oferir solucions que generen confian\u00e7a, maximitzen l&#8217;efici\u00e8ncia i aporten un valor durador als nostres clients i als seus negocis.<\/p>\n<p>[\/et_pb_text][dsm_button button_one_text=&#8221;Pol\u00edtica de qualitat&#8221; button_one_url=&#8221;https:\/\/tech-complex.com\/wp-content\/uploads\/2025\/02\/POLITICA-SEGURIDAD-Y-CALIDAD.pdf&#8221; button_one_url_new_window=&#8221;on&#8221; button_two_text=&#8221;FAMI-QS Code&#8221; button_two_url=&#8221;https:\/\/tech-complex.com\/wp-content\/uploads\/2026\/03\/CERTIFICADO-FAMI-QS-2029.pdf&#8221; button_two_url_new_window=&#8221;on&#8221; _builder_version=&#8221;4.27.4&#8243; _module_preset=&#8221;default&#8221; custom_button_one=&#8221;on&#8221; button_one_text_color=&#8221;#FFFFFF&#8221; button_one_bg_color=&#8221;#B42E34&#8243; button_one_border_width=&#8221;0px&#8221; button_one_border_radius=&#8221;50px&#8221; button_one_use_icon=&#8221;off&#8221; button_one_custom_padding=&#8221;0.5em|1.5em|0.5em|1.5em|true|true&#8221; custom_button_two=&#8221;on&#8221; button_two_text_color=&#8221;#B42E34&#8243; button_two_bg_color=&#8221;#FFFFFF&#8221; button_two_border_width=&#8221;0px&#8221; button_two_border_radius=&#8221;50px&#8221; button_two_use_icon=&#8221;off&#8221; button_two_custom_margin_tablet=&#8221;&#8221; button_two_custom_margin_phone=&#8221;|||0px|false|false&#8221; button_two_custom_margin_last_edited=&#8221;on|desktop&#8221; button_two_custom_padding=&#8221;0.5em|1.5em|0.5em|1.5em|true|true&#8221; global_colors_info=&#8221;{}&#8221; button_one_bg_color__hover_enabled=&#8221;on|hover&#8221; button_one_bg_color__hover=&#8221;#000000&#8243; button_one_bg_enable_color__hover=&#8221;on&#8221; button_two_bg_color__hover_enabled=&#8221;on|hover&#8221; button_two_bg_color__hover=&#8221;#000000&#8243; button_two_bg_enable_color__hover=&#8221;on&#8221; button_two_text_color__hover_enabled=&#8221;on|desktop&#8221; button_two_text_color__hover=&#8221;#FFFFFF&#8221;][\/dsm_button][et_pb_image src=&#8221;https:\/\/tech-complex.com\/wp-content\/uploads\/2025\/03\/image001.png&#8221; title_text=&#8221;image001&#8243; _builder_version=&#8221;4.27.4&#8243; _module_preset=&#8221;default&#8221; global_colors_info=&#8221;{}&#8221;][\/et_pb_image][\/et_pb_column][et_pb_column type=&#8221;1_2&#8243; module_class=&#8221;sangre_derecha&#8221; _builder_version=&#8221;4.27.4&#8243; _module_preset=&#8221;default&#8221; background_image=&#8221;https:\/\/tech-complex.com\/wp-content\/uploads\/2024\/12\/about.jpg&#8221; custom_padding=&#8221;0px||0px||false|false&#8221; global_colors_info=&#8221;{}&#8221;][et_pb_image src=&#8221;https:\/\/tech-complex.com\/wp-content\/uploads\/2025\/01\/gallina.jpg&#8221; title_text=&#8221;gallina&#8221; align=&#8221;right&#8221; _builder_version=&#8221;4.27.4&#8243; _module_preset=&#8221;default&#8221; custom_padding=&#8221;0px||0px||false|false&#8221; global_colors_info=&#8221;{}&#8221;][\/et_pb_image][\/et_pb_column][\/et_pb_row][\/et_pb_section][et_pb_section fb_built=&#8221;1&#8243; _builder_version=&#8221;4.27.4&#8243; _module_preset=&#8221;default&#8221; custom_padding=&#8221;3em||3em||false|false&#8221; global_colors_info=&#8221;{}&#8221;][et_pb_row column_structure=&#8221;1_2,1_2&#8243; make_equal=&#8221;on&#8221; module_class=&#8221;align-center&#8221; _builder_version=&#8221;4.27.4&#8243; _module_preset=&#8221;default&#8221; global_colors_info=&#8221;{}&#8221;][et_pb_column type=&#8221;1_2&#8243; _builder_version=&#8221;4.27.4&#8243; _module_preset=&#8221;default&#8221; global_colors_info=&#8221;{}&#8221;][et_pb_image src=&#8221;https:\/\/tech-complex.com\/wp-content\/uploads\/2024\/12\/62e293_ef8bb84463474f7ba57dd51fa487bb83mv2.png&#8221; title_text=&#8221;62e293_ef8bb84463474f7ba57dd51fa487bb83~mv2&#8243; _builder_version=&#8221;4.27.4&#8243; _module_preset=&#8221;default&#8221; global_colors_info=&#8221;{}&#8221;][\/et_pb_image][\/et_pb_column][et_pb_column type=&#8221;1_2&#8243; _builder_version=&#8221;4.27.4&#8243; _module_preset=&#8221;default&#8221; global_colors_info=&#8221;{}&#8221;][et_pb_text _builder_version=&#8221;4.27.4&#8243; _module_preset=&#8221;default&#8221; custom_margin=&#8221;||16px||false|false&#8221; global_colors_info=&#8221;{}&#8221;]<\/p>\n<h2>Excel\u00b7l\u00e8ncia a Cada Etapa del Proc\u00e9s<\/h2>\n<p>[\/et_pb_text][et_pb_text _builder_version=&#8221;4.27.4&#8243; _module_preset=&#8221;default&#8221; width=&#8221;100%&#8221; custom_margin=&#8221;||26px||false|false&#8221; global_colors_info=&#8221;{}&#8221;]<\/p>\n<p>Des de la selecci\u00f3 de prove\u00efdors fins al lliurament final, cada pas est\u00e0 supervisat amb cura pel nostre equip d&#8217;experts. Gr\u00e0cies a rigorosos controls i una inversi\u00f3 constant en innovaci\u00f3, garantim productes que compleixen els est\u00e0ndards m\u00e9s exigents del mercat.<\/p>\n<p>[\/et_pb_text][dsm_icon_list _builder_version=&#8221;4.27.4&#8243; _module_preset=&#8221;default&#8221; global_colors_info=&#8221;{}&#8221;][dsm_icon_list_child text=&#8221;Selecci\u00f3 estricta de prove\u00efdors&#8221; font_icon=&#8221;&#xf722;||fa||900&#8243; icon_padding=&#8221;10px&#8221; icon_font_size=&#8221;20px&#8221; _builder_version=&#8221;4.27.4&#8243; _module_preset=&#8221;default&#8221; global_colors_info=&#8221;{}&#8221;][\/dsm_icon_list_child][dsm_icon_list_child text=&#8221;Control de qualitat certificat&#8221; font_icon=&#8221;&#xf559;||fa||900&#8243; icon_padding=&#8221;12px&#8221; icon_font_size=&#8221;24px&#8221; _builder_version=&#8221;4.27.4&#8243; _module_preset=&#8221;default&#8221; global_colors_info=&#8221;{}&#8221;][\/dsm_icon_list_child][dsm_icon_list_child text=&#8221;Compliment de normatives internacionals&#8221; font_icon=&#8221;&#xf15c;||fa||900&#8243; icon_padding=&#8221;13px&#8221; icon_font_size=&#8221;20px&#8221; _builder_version=&#8221;4.27.4&#8243; _module_preset=&#8221;default&#8221; global_colors_info=&#8221;{}&#8221;][\/dsm_icon_list_child][\/dsm_icon_list][\/et_pb_column][\/et_pb_row][\/et_pb_section][et_pb_section fb_built=&#8221;1&#8243; _builder_version=&#8221;4.27.4&#8243; _module_preset=&#8221;default&#8221; custom_padding=&#8221;0px||3em||false|false&#8221; global_colors_info=&#8221;{}&#8221;][et_pb_row column_structure=&#8221;1_2,1_2&#8243; make_equal=&#8221;on&#8221; module_class=&#8221;align-center row-reverse-tab&#8221; _builder_version=&#8221;4.27.4&#8243; _module_preset=&#8221;default&#8221; global_colors_info=&#8221;{}&#8221;][et_pb_column type=&#8221;1_2&#8243; _builder_version=&#8221;4.27.4&#8243; _module_preset=&#8221;default&#8221; custom_padding_tablet=&#8221;3em||||false|false&#8221; custom_padding_phone=&#8221;3em||||false|false&#8221; custom_padding_last_edited=&#8221;on|tablet&#8221; global_colors_info=&#8221;{}&#8221;][et_pb_text _builder_version=&#8221;4.27.4&#8243; _module_preset=&#8221;default&#8221; custom_margin=&#8221;||16px||false|false&#8221; global_colors_info=&#8221;{}&#8221;]<\/p>\n<h2>El que ens fa diferents<\/h2>\n<p>[\/et_pb_text][et_pb_text _builder_version=&#8221;4.27.4&#8243; _module_preset=&#8221;default&#8221; width=&#8221;100%&#8221; custom_margin=&#8221;||26px||false|false&#8221; global_colors_info=&#8221;{}&#8221;]<\/p>\n<p>El nostre enfocament a la qualitat va m\u00e9s enll\u00e0 dels productes: es reflecteix en les nostres relacions amb els clients, la nostra \u00e8tica empresarial i el nostre comprom\u00eds amb la sostenibilitat. Creiem que la qualitat no \u00e9s negociable perqu\u00e8 impacta directament en la rendibilitat i el benestar dels nostres clients.<\/p>\n<p>[\/et_pb_text][dsm_icon_list _builder_version=&#8221;4.27.4&#8243; _module_preset=&#8221;default&#8221; global_colors_info=&#8221;{}&#8221;][dsm_icon_list_child text=&#8221;Recerca cont\u00ednua per oferir solucions avan\u00e7ades&#8221; font_icon=&#8221;&#xf610;||fa||900&#8243; icon_padding=&#8221;10px&#8221; icon_font_size=&#8221;20px&#8221; _builder_version=&#8221;4.27.4&#8243; _module_preset=&#8221;default&#8221; global_colors_info=&#8221;{}&#8221;][\/dsm_icon_list_child][dsm_icon_list_child text=&#8221;M\u00e9s de 20 anys recolzant els nostres clients&#8221; font_icon=&#8221;&#xf4ce;||fa||900&#8243; icon_padding=&#8221;7px&#8221; icon_font_size=&#8221;21px&#8221; _builder_version=&#8221;4.27.4&#8243; _module_preset=&#8221;default&#8221; global_colors_info=&#8221;{}&#8221;][\/dsm_icon_list_child][dsm_icon_list_child text=&#8221;Productes que respecten el medi ambient&#8221; font_icon=&#8221;&#xf06c;||fa||900&#8243; icon_padding=&#8221;8px&#8221; icon_font_size=&#8221;20px&#8221; _builder_version=&#8221;4.27.4&#8243; _module_preset=&#8221;default&#8221; global_colors_info=&#8221;{}&#8221;][\/dsm_icon_list_child][\/dsm_icon_list][\/et_pb_column][et_pb_column type=&#8221;1_2&#8243; _builder_version=&#8221;4.27.4&#8243; _module_preset=&#8221;default&#8221; global_colors_info=&#8221;{}&#8221;][et_pb_image src=&#8221;https:\/\/tech-complex.com\/wp-content\/uploads\/2025\/01\/cerditos.jpg&#8221; title_text=&#8221;porquets&#8221; _builder_version=&#8221;4.27.4&#8243; _module_preset=&#8221;default&#8221; global_colors_info=&#8221;{}&#8221;][\/et_pb_image][\/et_pb_column][\/et_pb_row][\/et_pb_section]<\/p>\n","protected":false},"excerpt":{"rendered":"<p>COMPROM\u00cdS AMB LA NUTRICI\u00d3 ANIMALA Tech-Complex, la qualitat no \u00e9s nom\u00e9s un est\u00e0ndard, \u00e9s la nostra ess\u00e8ncia. Cada producte que desenvolupem i cada servei que oferim estan dissenyats per no sols complir, sin\u00f3 superar les expectatives m\u00e9s exigents del sector agroalimentari. Ens comprometem a oferir solucions que generen confian\u00e7a, maximitzen l&#8217;efici\u00e8ncia i aporten un valor durador als nostres clients i als seus negocis.<div class=\"et_pb_module dsm_button dsm_button_0 et_pb_bg_layout_light\">\n\t\t\t\t\n\t\t\t\t\n\t\t\t\t\n\t\t\t\t\n\t\t\t\t\n\t\t\t\t\n\t\t\t\t<div class=\"et_pb_module_inner\">\n\t\t\t\t\t<div class=\"et_pb_button_module_wrappers dsm_button_0_wrapper  et_pb_module\">\n\t\t\t\t<a class=\"et_pb_button et_pb_button_one et_pb_bg_layout_light dsm-none \"  href=https:\/\/tech-complex.com\/wp-content\/uploads\/2025\/02\/POLITICA-SEGURIDAD-Y-CALIDAD.pdf target=\"_blank\" data-dsm-lightbox-id=\"dsm_button_one_lightbox dsm_button_0\"><span>Pol\u00edtica de qualitat<\/span><\/a><a class=\"et_pb_button et_pb_button_two et_pb_bg_layout_light dsm-none \"  href=https:\/\/tech-complex.com\/wp-content\/uploads\/2026\/03\/CERTIFICADO-FAMI-QS-2029.pdf target=\"_blank\" data-dsm-lightbox-id=\"dsm_button_two_lightbox dsm_button_0\"><span>FAMI-QS Code<\/span><\/a>\n\t\t\t<\/div>\n\t\t\t\t<\/div>\n\t\t\t<\/div>Excel\u00b7l\u00e8ncia a Cada Etapa del Proc\u00e9sDes de la selecci\u00f3 de prove\u00efdors fins al lliurament final, cada pas est\u00e0 supervisat amb cura pel nostre equip d&#8217;experts. Gr\u00e0cies a rigorosos controls i una inversi\u00f3 constant en innovaci\u00f3, garantim productes que compleixen els est\u00e0ndards m\u00e9s exigents del mercat.<div class=\"et_pb_module dsm_icon_list dsm_icon_list_0\">\n\t\t\t\t\n\t\t\t\t\n\t\t\t\t\n\t\t\t\t\n\t\t\t\t\n\t\t\t\t\n\t\t\t\t<div class=\"et_pb_module_inner\">\n\t\t\t\t\t<ul class=\"dsm_icon_list_items dsm_icon_list_ltr_direction dsm_icon_list_layout_vertical\"><li class=\"dsm_icon_list_child dsm_icon_list_child_0\">\n\t\t\t\t\n\t\t\t\t\n\t\t\t\t\n\t\t\t\t\n\t\t\t\t<span class=\"dsm_icon_list_wrapper\"><span class=\"dsm_icon_list_icon\">\uf722<\/span><\/span><span class=\"dsm_icon_list_text\">Selecci\u00f3 estricta de prove\u00efdors<\/span>\n\t\t\t<\/li><li class=\"dsm_icon_list_child dsm_icon_list_child_1\">\n\t\t\t\t\n\t\t\t\t\n\t\t\t\t\n\t\t\t\t\n\t\t\t\t<span class=\"dsm_icon_list_wrapper\"><span class=\"dsm_icon_list_icon\">\uf559<\/span><\/span><span class=\"dsm_icon_list_text\">Control de qualitat certificat<\/span>\n\t\t\t<\/li><li class=\"dsm_icon_list_child dsm_icon_list_child_2\">\n\t\t\t\t\n\t\t\t\t\n\t\t\t\t\n\t\t\t\t\n\t\t\t\t<span class=\"dsm_icon_list_wrapper\"><span class=\"dsm_icon_list_icon\">\uf15c<\/span><\/span><span class=\"dsm_icon_list_text\">Compliment de normatives internacionals<\/span>\n\t\t\t<\/li><\/ul>\n\t\t\t\t<\/div>\n\t\t\t<\/div>El que ens fa diferentsEl nostre enfocament a la qualitat va m\u00e9s enll\u00e0 dels productes: es reflecteix en les nostres relacions amb els clients, [&hellip;]<\/p>\n","protected":false},"author":2,"featured_media":0,"parent":0,"menu_order":0,"comment_status":"closed","ping_status":"closed","template":"","meta":{"_et_pb_use_builder":"on","_et_pb_old_content":"","_et_gb_content_width":"","footnotes":""},"class_list":["post-1578","page","type-page","status-publish","hentry"],"yoast_head":"<!-- This site is optimized with the Yoast SEO plugin v27.4 - https:\/\/yoast.com\/product\/yoast-seo-wordpress\/ -->\n<title>Qualitat - TECH-COMPLEX<\/title>\n<meta name=\"robots\" content=\"index, follow, max-snippet:-1, max-image-preview:large, max-video-preview:-1\" \/>\n<link rel=\"canonical\" href=\"https:\/\/tech-complex.com\/calidad\/\" \/>\n<meta property=\"og:locale\" content=\"ca_ES\" \/>\n<meta property=\"og:type\" content=\"article\" \/>\n<meta property=\"og:title\" content=\"Qualitat - TECH-COMPLEX\" \/>\n<meta property=\"og:description\" content=\"COMPROM\u00cdS AMB LA NUTRICI\u00d3 ANIMALA Tech-Complex, la qualitat no \u00e9s nom\u00e9s un est\u00e0ndard, \u00e9s la nostra ess\u00e8ncia. Cada producte que desenvolupem i cada servei que oferim estan dissenyats per no sols complir, sin\u00f3 superar les expectatives m\u00e9s exigents del sector agroalimentari. Ens comprometem a oferir solucions que generen confian\u00e7a, maximitzen l&#039;efici\u00e8ncia i aporten un valor durador als nostres clients i als seus negocis.Excel\u00b7l\u00e8ncia a Cada Etapa del Proc\u00e9sDes de la selecci\u00f3 de prove\u00efdors fins al lliurament final, cada pas est\u00e0 supervisat amb cura pel nostre equip d&#039;experts. Gr\u00e0cies a rigorosos controls i una inversi\u00f3 constant en innovaci\u00f3, garantim productes que compleixen els est\u00e0ndards m\u00e9s exigents del mercat.El que ens fa diferentsEl nostre enfocament a la qualitat va m\u00e9s enll\u00e0 dels productes: es reflecteix en les nostres relacions amb els clients, [&hellip;]\" \/>\n<meta property=\"og:url\" content=\"https:\/\/tech-complex.com\/calidad\/\" \/>\n<meta property=\"og:site_name\" content=\"TECH-COMPLEX\" \/>\n<meta property=\"article:modified_time\" content=\"2025-04-10T14:10:00+00:00\" \/>\n<meta name=\"twitter:card\" content=\"summary_large_image\" \/>\n<meta name=\"twitter:label1\" content=\"Temps estimat de lectura\" \/>\n\t<meta name=\"twitter:data1\" content=\"6 minuts\" \/>\n<script type=\"application\/ld+json\" class=\"yoast-schema-graph\">{\"@context\":\"https:\\\/\\\/schema.org\",\"@graph\":[{\"@type\":\"WebPage\",\"@id\":\"https:\\\/\\\/tech-complex.com\\\/calidad\\\/\",\"url\":\"https:\\\/\\\/tech-complex.com\\\/calidad\\\/\",\"name\":\"Qualitat - TECH-COMPLEX\",\"isPartOf\":{\"@id\":\"https:\\\/\\\/www.tech-complex.com\\\/#website\"},\"datePublished\":\"2025-01-10T09:22:11+00:00\",\"dateModified\":\"2025-04-10T14:10:00+00:00\",\"breadcrumb\":{\"@id\":\"https:\\\/\\\/tech-complex.com\\\/calidad\\\/#breadcrumb\"},\"inLanguage\":\"ca\",\"potentialAction\":[{\"@type\":\"ReadAction\",\"target\":[\"https:\\\/\\\/tech-complex.com\\\/calidad\\\/\"]}]},{\"@type\":\"BreadcrumbList\",\"@id\":\"https:\\\/\\\/tech-complex.com\\\/calidad\\\/#breadcrumb\",\"itemListElement\":[{\"@type\":\"ListItem\",\"position\":1,\"name\":\"Portada\",\"item\":\"https:\\\/\\\/tech-complex.com\\\/ca\\\/\"},{\"@type\":\"ListItem\",\"position\":2,\"name\":\"Qualitat\"}]},{\"@type\":\"WebSite\",\"@id\":\"https:\\\/\\\/www.tech-complex.com\\\/#website\",\"url\":\"https:\\\/\\\/www.tech-complex.com\\\/\",\"name\":\"TECH-COMPLEX\",\"description\":\"Soluciones nutricionales para el bienestar animal\",\"publisher\":{\"@id\":\"https:\\\/\\\/www.tech-complex.com\\\/#organization\"},\"potentialAction\":[{\"@type\":\"SearchAction\",\"target\":{\"@type\":\"EntryPoint\",\"urlTemplate\":\"https:\\\/\\\/www.tech-complex.com\\\/?s={search_term_string}\"},\"query-input\":{\"@type\":\"PropertyValueSpecification\",\"valueRequired\":true,\"valueName\":\"search_term_string\"}}],\"inLanguage\":\"ca\"},{\"@type\":\"Organization\",\"@id\":\"https:\\\/\\\/www.tech-complex.com\\\/#organization\",\"name\":\"TECH-COMPLEX\",\"url\":\"https:\\\/\\\/www.tech-complex.com\\\/\",\"logo\":{\"@type\":\"ImageObject\",\"inLanguage\":\"ca\",\"@id\":\"https:\\\/\\\/www.tech-complex.com\\\/#\\\/schema\\\/logo\\\/image\\\/\",\"url\":\"https:\\\/\\\/tech-complex.com\\\/wp-content\\\/uploads\\\/2024\\\/12\\\/Logo-TECHCOMPLEX-COLOR.png\",\"contentUrl\":\"https:\\\/\\\/tech-complex.com\\\/wp-content\\\/uploads\\\/2024\\\/12\\\/Logo-TECHCOMPLEX-COLOR.png\",\"width\":2560,\"height\":313,\"caption\":\"TECH-COMPLEX\"},\"image\":{\"@id\":\"https:\\\/\\\/www.tech-complex.com\\\/#\\\/schema\\\/logo\\\/image\\\/\"}}]}<\/script>\n<!-- \/ Yoast SEO plugin. -->","yoast_head_json":{"title":"Qualitat - TECH-COMPLEX","robots":{"index":"index","follow":"follow","max-snippet":"max-snippet:-1","max-image-preview":"max-image-preview:large","max-video-preview":"max-video-preview:-1"},"canonical":"https:\/\/tech-complex.com\/calidad\/","og_locale":"ca_ES","og_type":"article","og_title":"Qualitat - TECH-COMPLEX","og_description":"COMPROM\u00cdS AMB LA NUTRICI\u00d3 ANIMALA Tech-Complex, la qualitat no \u00e9s nom\u00e9s un est\u00e0ndard, \u00e9s la nostra ess\u00e8ncia. Cada producte que desenvolupem i cada servei que oferim estan dissenyats per no sols complir, sin\u00f3 superar les expectatives m\u00e9s exigents del sector agroalimentari. Ens comprometem a oferir solucions que generen confian\u00e7a, maximitzen l'efici\u00e8ncia i aporten un valor durador als nostres clients i als seus negocis.Excel\u00b7l\u00e8ncia a Cada Etapa del Proc\u00e9sDes de la selecci\u00f3 de prove\u00efdors fins al lliurament final, cada pas est\u00e0 supervisat amb cura pel nostre equip d'experts. Gr\u00e0cies a rigorosos controls i una inversi\u00f3 constant en innovaci\u00f3, garantim productes que compleixen els est\u00e0ndards m\u00e9s exigents del mercat.El que ens fa diferentsEl nostre enfocament a la qualitat va m\u00e9s enll\u00e0 dels productes: es reflecteix en les nostres relacions amb els clients, [&hellip;]","og_url":"https:\/\/tech-complex.com\/calidad\/","og_site_name":"TECH-COMPLEX","article_modified_time":"2025-04-10T14:10:00+00:00","twitter_card":"summary_large_image","twitter_misc":{"Temps estimat de lectura":"6 minuts"},"schema":{"@context":"https:\/\/schema.org","@graph":[{"@type":"WebPage","@id":"https:\/\/tech-complex.com\/calidad\/","url":"https:\/\/tech-complex.com\/calidad\/","name":"Qualitat - TECH-COMPLEX","isPartOf":{"@id":"https:\/\/www.tech-complex.com\/#website"},"datePublished":"2025-01-10T09:22:11+00:00","dateModified":"2025-04-10T14:10:00+00:00","breadcrumb":{"@id":"https:\/\/tech-complex.com\/calidad\/#breadcrumb"},"inLanguage":"ca","potentialAction":[{"@type":"ReadAction","target":["https:\/\/tech-complex.com\/calidad\/"]}]},{"@type":"BreadcrumbList","@id":"https:\/\/tech-complex.com\/calidad\/#breadcrumb","itemListElement":[{"@type":"ListItem","position":1,"name":"Portada","item":"https:\/\/tech-complex.com\/ca\/"},{"@type":"ListItem","position":2,"name":"Qualitat"}]},{"@type":"WebSite","@id":"https:\/\/www.tech-complex.com\/#website","url":"https:\/\/www.tech-complex.com\/","name":"TECH-COMPLEX","description":"Soluciones nutricionales para el bienestar animal","publisher":{"@id":"https:\/\/www.tech-complex.com\/#organization"},"potentialAction":[{"@type":"SearchAction","target":{"@type":"EntryPoint","urlTemplate":"https:\/\/www.tech-complex.com\/?s={search_term_string}"},"query-input":{"@type":"PropertyValueSpecification","valueRequired":true,"valueName":"search_term_string"}}],"inLanguage":"ca"},{"@type":"Organization","@id":"https:\/\/www.tech-complex.com\/#organization","name":"TECH-COMPLEX","url":"https:\/\/www.tech-complex.com\/","logo":{"@type":"ImageObject","inLanguage":"ca","@id":"https:\/\/www.tech-complex.com\/#\/schema\/logo\/image\/","url":"https:\/\/tech-complex.com\/wp-content\/uploads\/2024\/12\/Logo-TECHCOMPLEX-COLOR.png","contentUrl":"https:\/\/tech-complex.com\/wp-content\/uploads\/2024\/12\/Logo-TECHCOMPLEX-COLOR.png","width":2560,"height":313,"caption":"TECH-COMPLEX"},"image":{"@id":"https:\/\/www.tech-complex.com\/#\/schema\/logo\/image\/"}}]}},"_links":{"self":[{"href":"https:\/\/tech-complex.com\/ca\/wp-json\/wp\/v2\/pages\/1578","targetHints":{"allow":["GET"]}}],"collection":[{"href":"https:\/\/tech-complex.com\/ca\/wp-json\/wp\/v2\/pages"}],"about":[{"href":"https:\/\/tech-complex.com\/ca\/wp-json\/wp\/v2\/types\/page"}],"author":[{"embeddable":true,"href":"https:\/\/tech-complex.com\/ca\/wp-json\/wp\/v2\/users\/2"}],"replies":[{"embeddable":true,"href":"https:\/\/tech-complex.com\/ca\/wp-json\/wp\/v2\/comments?post=1578"}],"version-history":[{"count":10,"href":"https:\/\/tech-complex.com\/ca\/wp-json\/wp\/v2\/pages\/1578\/revisions"}],"predecessor-version":[{"id":1998,"href":"https:\/\/tech-complex.com\/ca\/wp-json\/wp\/v2\/pages\/1578\/revisions\/1998"}],"wp:attachment":[{"href":"https:\/\/tech-complex.com\/ca\/wp-json\/wp\/v2\/media?parent=1578"}],"curies":[{"name":"wp","href":"https:\/\/api.w.org\/{rel}","templated":true}]}}