{"id":1591,"date":"2025-01-29T18:13:20","date_gmt":"2025-01-29T18:13:20","guid":{"rendered":"https:\/avis-legal\/"},"modified":"2025-04-09T05:54:00","modified_gmt":"2025-04-09T05:54:00","slug":"avis-legal","status":"publish","type":"page","link":"https:\/\/tech-complex.com\/ca\/avis-legal\/","title":{"rendered":"Av\u00eds legal"},"content":{"rendered":"<p>[et_pb_section fb_built=&#8221;1&#8243; admin_label=&#8221;section&#8221; _builder_version=&#8221;4.16&#8243; global_colors_info=&#8221;{}&#8221;][et_pb_row column_structure=&#8221;3_5,2_5&#8243; admin_label=&#8221;row&#8221; _builder_version=&#8221;4.16&#8243; background_size=&#8221;initial&#8221; background_position=&#8221;top_left&#8221; background_repeat=&#8221;repeat&#8221; global_colors_info=&#8221;{}&#8221;][et_pb_column type=&#8221;3_5&#8243; _builder_version=&#8221;4.16&#8243; custom_padding=&#8221;|||&#8221; global_colors_info=&#8221;{}&#8221; custom_padding__hover=&#8221;|||&#8221;][et_pb_text admin_label=&#8221;Text&#8221; _builder_version=&#8221;4.27.4&#8243; header_2_font_size=&#8221;36px&#8221; header_2_line_height=&#8221;38px&#8221; background_size=&#8221;initial&#8221; background_position=&#8221;top_left&#8221; background_repeat=&#8221;repeat&#8221; global_colors_info=&#8221;{}&#8221;]<\/p>\n<h1>AV\u00cdS LEGAL<\/h1>\n<p>&nbsp;<\/p>\n<h2>LLEI DELS SERVEIS DE LA SOCIETAT DE LA INFORMACI\u00d3 (LSSI)<\/h2>\n<p><strong>Tech Complex, S.L. <\/strong>, responsable del lloc web, d&#8217;ara endavant TechComplex, posa a disposici\u00f3 dels usuaris aquest document, amb el qual pret\u00e9n donar compliment a les obligacions disposades a la Llei 34\/2002, d&#8217;11 de juliol, de Serveis de la Societat de la Informaci\u00f3 i del Comer\u00e7 Electr\u00f2nic (LSSICE), aix\u00ed com informar a tots els usuaris del lloc web sobre quines condicions.<\/p>\n<p>Tota persona que accedeixi a aquest lloc web assumeix el paper d&#8217;usuari, comprometent-se a l&#8217;observan\u00e7a i el compliment rigor\u00f3s de les disposicions aqu\u00ed disposades, aix\u00ed com a qualsevol altra disposici\u00f3 legal que sigui aplicable.<\/p>\n<p><strong>Tech Complex, SL<\/strong> es reserva el dret de modificar qualsevol tipus d&#8217;informaci\u00f3 que pogu\u00e9s apar\u00e8ixer al lloc web, sense que hi hagi obligaci\u00f3 de preavisar o posar en coneixement dels usuaris aquestes obligacions, entenent-se com a suficient amb la publicaci\u00f3 al lloc web de <strong>Tech Complex, SL<\/strong><\/p>\n<p><strong><\/strong><\/p>\n<h2>1. DADES IDENTIFICATIVES<\/h2>\n<p><strong>Denominaci\u00f3 social:<\/strong> Tech Complex, SL<br \/><strong>Nom comercial:<\/strong> TechComplex<br \/><strong>CIF:<\/strong> B61070512<br \/><strong>Domicili:<\/strong> Carrer dels Argenters, 11-13 Nau 3, pol\u00edgon industrial Santiga. 08130 Santa Perp\u00e8tua de Mogoda, Barcelona <br \/><strong>Email:<\/strong> <a href=\"mailto:tc@tech-complex.com\">tc@tech-complex.com<\/a><\/p>\n<p>&nbsp;<\/p>\n<h2>2. OBJECTE<\/h2>\n<p>A trav\u00e9s del Lloc Web, us oferim als Usuaris la possibilitat d&#8217;accedir a la informaci\u00f3 sobre els nostres serveis.<\/p>\n<p>&nbsp;<\/p>\n<h2>3. PRIVACITAT I TRACTAMENT DE DADES<\/h2>\n<p>Quan per a l&#8217;acc\u00e9s a determinats continguts o servei sigui necessari facilitar dades de car\u00e0cter personal, els Usuaris garantiran la seva veracitat, exactitud, autenticitat i vig\u00e8ncia. TechComplex donar\u00e0 a aquestes dades el tractament automatitzat que correspongui en funci\u00f3 de la seva naturalesa o finalitat, en els termes indicats a la secci\u00f3 de Pol\u00edtica de Privadesa. <\/p>\n<p>&nbsp;<\/p>\n<h2>4. PROPIETAT INDUSTRIAL I INTEL\u00b7LECTUAL<\/h2>\n<p>L&#8217;Usuari reconeix i accepta que tots els continguts que es mostren a l&#8217;Espai Web i en especial, dissenys, textos, imatges, logos, icones, botons, programari, noms comercials, marques, o qualssevol altres signes susceptibles d&#8217;utilitzaci\u00f3 industrial i\/o comercial estan subjectes a drets de Propietat Intel\u00b7lectual i totes les marques, noms comercials o signes distintius, dos a la p\u00e0gina, que s\u00f3n propietat exclusiva de TechComplex i\/o de tercers, els qui tenen el dret exclusiu d&#8217;utilitzar-los al tr\u00e0nsit econ\u00f2mic.<\/p>\n<p>&nbsp;<\/p>\n<h2>5. OBLIGACIONS I RESPONSABILITATS DE L&#8217;USUARI DE L&#8217;ESPAI WEB<\/h2>\n<p>L&#8217;Usuari es compromet a:<\/p>\n<ul>\n<li>Fer un \u00fas adequat i l\u00edcit de l&#8217;Espai Web aix\u00ed com dels continguts i els serveis.<\/li>\n<li>Proveir-se de tots els mitjans i requeriments t\u00e8cnics que calguin per accedir a l&#8217;Espai Web.<\/li>\n<li>Facilitar informaci\u00f3 vera\u00e7 en emplenar amb les vostres dades de car\u00e0cter personal els formularis continguts a l&#8217;Espai Web.<\/li>\n<\/ul>\n<p>&nbsp;<\/p>\n<h2>6. RESPONSABILITATS<\/h2>\n<p>No es garanteix l&#8217;acc\u00e9s continuat, ni la correcta visualitzaci\u00f3, desc\u00e0rrega o utilitat dels elements i les informacions contingudes al web.<\/p>\n<p>&nbsp;<\/p>\n<h2>7. HIPERVINCLES<\/h2>\n<p>L&#8217;Usuari s&#8217;obliga a no reproduir de cap manera, ni tan sols mitjan\u00e7ant un hiperenlla\u00e7 o hipervincle, l&#8217;Espai Web, aix\u00ed com cap dels seus continguts, llevat d&#8217;autoritzaci\u00f3 expressa i per escrit del responsable del fitxer.<\/p>\n<p>&nbsp;<\/p>\n<h2>8. PROTECCI\u00d3 DE DADES<\/h2>\n<p>Per utilitzar alguns dels serveis, l&#8217;usuari ha de proporcionar pr\u00e8viament certes dades de car\u00e0cter personal. TechComplex tractar\u00e0 automatitzadament aquestes dades i aplicar\u00e0 les mesures de seguretat corresponents. <\/p>\n<p>&nbsp;<\/p>\n<h2>9. COOKIES<\/h2>\n<p>TechComplex es reserva el dret d&#8217;utilitzar la tecnologia \u201ccookie\u201d a l&#8217;Espai Web, per tal de recon\u00e8ixer-ho com a Usuari freq\u00fcent i personalitzar l&#8217;\u00fas que realitzi de l&#8217;Espai Web.<\/p>\n<p>&nbsp;<\/p>\n<h2>10. DECLARACIONS I GARANTIES<\/h2>\n<p>En general, els continguts i serveis oferts a l&#8217;Espai Web tenen car\u00e0cter merament informatiu.<\/p>\n<p>&nbsp;<\/p>\n<h2>11. FOR\u00c7A MAJOR<\/h2>\n<p>TechComplex no ser\u00e0 responsable en tot cas d&#8217;impossibilitat de prestar servei.<\/p>\n<p>&nbsp;<\/p>\n<h2>12. RESOLUCI\u00d3 DE CONTROV\u00c8RSIES. LLEI APLICABLE I JURISDICCI\u00d3 <\/h2>\n<p>Aquestes Condicions Generals d&#8217;\u00das, aix\u00ed com l&#8217;\u00fas de l&#8217;Espai Web, es regeixen per la legislaci\u00f3 espanyola.<\/p>\n<p>[\/et_pb_text][\/et_pb_column][et_pb_column type=&#8221;2_5&#8243; _builder_version=&#8221;4.16&#8243; custom_padding=&#8221;|||&#8221; global_colors_info=&#8221;{}&#8221; custom_padding__hover=&#8221;|||&#8221;][\/et_pb_column][\/et_pb_row][\/et_pb_section]<\/p>\n","protected":false},"excerpt":{"rendered":"<p>AV\u00cdS LEGAL &nbsp; LLEI DELS SERVEIS DE LA SOCIETAT DE LA INFORMACI\u00d3 (LSSI) Tech Complex, S.L. , responsable del lloc web, d&#8217;ara endavant TechComplex, posa a disposici\u00f3 dels usuaris aquest document, amb el qual pret\u00e9n donar compliment a les obligacions disposades a la Llei 34\/2002, d&#8217;11 de juliol, de Serveis de la Societat de la Informaci\u00f3 i del Comer\u00e7 Electr\u00f2nic (LSSICE), aix\u00ed com informar a tots els usuaris del lloc web sobre quines condicions. Tota persona que accedeixi a aquest lloc web assumeix el paper d&#8217;usuari, comprometent-se a l&#8217;observan\u00e7a i el compliment rigor\u00f3s de les disposicions aqu\u00ed disposades, aix\u00ed com a qualsevol altra disposici\u00f3 legal que sigui aplicable. Tech Complex, SL es reserva el dret de modificar qualsevol tipus d&#8217;informaci\u00f3 que pogu\u00e9s apar\u00e8ixer al lloc web, sense que hi hagi obligaci\u00f3 de preavisar o posar en coneixement dels usuaris aquestes obligacions, entenent-se com a suficient amb la publicaci\u00f3 al lloc web de Tech Complex, SL 1. DADES IDENTIFICATIVES Denominaci\u00f3 social: Tech Complex, SLNom comercial: TechComplexCIF: B61070512Domicili: Carrer dels Argenters, 11-13 Nau 3, pol\u00edgon industrial Santiga. 08130 Santa Perp\u00e8tua de Mogoda, Barcelona Email: tc@tech-complex.com &nbsp; 2. OBJECTE A trav\u00e9s del Lloc Web, us oferim als Usuaris la possibilitat d&#8217;accedir a la [&hellip;]<\/p>\n","protected":false},"author":2,"featured_media":0,"parent":0,"menu_order":0,"comment_status":"closed","ping_status":"closed","template":"","meta":{"_et_pb_use_builder":"on","_et_pb_old_content":"","_et_gb_content_width":"","footnotes":""},"class_list":["post-1591","page","type-page","status-publish","hentry"],"yoast_head":"<!-- This site is optimized with the Yoast SEO plugin v27.4 - https:\/\/yoast.com\/product\/yoast-seo-wordpress\/ -->\n<title>Av\u00eds legal - TECH-COMPLEX<\/title>\n<meta name=\"robots\" content=\"index, follow, max-snippet:-1, max-image-preview:large, max-video-preview:-1\" \/>\n<link rel=\"canonical\" href=\"https:\/\/www.tech-complex.com\/ca\/avis-legal\/\" \/>\n<meta property=\"og:locale\" content=\"ca_ES\" \/>\n<meta property=\"og:type\" content=\"article\" \/>\n<meta property=\"og:title\" content=\"Av\u00eds legal - TECH-COMPLEX\" \/>\n<meta property=\"og:description\" content=\"AV\u00cdS LEGAL &nbsp; LLEI DELS SERVEIS DE LA SOCIETAT DE LA INFORMACI\u00d3 (LSSI) Tech Complex, S.L. , responsable del lloc web, d&#039;ara endavant TechComplex, posa a disposici\u00f3 dels usuaris aquest document, amb el qual pret\u00e9n donar compliment a les obligacions disposades a la Llei 34\/2002, d&#039;11 de juliol, de Serveis de la Societat de la Informaci\u00f3 i del Comer\u00e7 Electr\u00f2nic (LSSICE), aix\u00ed com informar a tots els usuaris del lloc web sobre quines condicions. Tota persona que accedeixi a aquest lloc web assumeix el paper d&#039;usuari, comprometent-se a l&#039;observan\u00e7a i el compliment rigor\u00f3s de les disposicions aqu\u00ed disposades, aix\u00ed com a qualsevol altra disposici\u00f3 legal que sigui aplicable. Tech Complex, SL es reserva el dret de modificar qualsevol tipus d&#039;informaci\u00f3 que pogu\u00e9s apar\u00e8ixer al lloc web, sense que hi hagi obligaci\u00f3 de preavisar o posar en coneixement dels usuaris aquestes obligacions, entenent-se com a suficient amb la publicaci\u00f3 al lloc web de Tech Complex, SL 1. DADES IDENTIFICATIVES Denominaci\u00f3 social: Tech Complex, SLNom comercial: TechComplexCIF: B61070512Domicili: Carrer dels Argenters, 11-13 Nau 3, pol\u00edgon industrial Santiga. 08130 Santa Perp\u00e8tua de Mogoda, Barcelona Email: tc@tech-complex.com &nbsp; 2. OBJECTE A trav\u00e9s del Lloc Web, us oferim als Usuaris la possibilitat d&#039;accedir a la [&hellip;]\" \/>\n<meta property=\"og:url\" content=\"https:\/\/www.tech-complex.com\/ca\/avis-legal\/\" \/>\n<meta property=\"og:site_name\" content=\"TECH-COMPLEX\" \/>\n<meta property=\"article:modified_time\" content=\"2025-04-09T05:54:00+00:00\" \/>\n<meta name=\"twitter:card\" content=\"summary_large_image\" \/>\n<meta name=\"twitter:label1\" content=\"Temps estimat de lectura\" \/>\n\t<meta name=\"twitter:data1\" content=\"4 minuts\" \/>\n<script type=\"application\/ld+json\" class=\"yoast-schema-graph\">{\"@context\":\"https:\\\/\\\/schema.org\",\"@graph\":[{\"@type\":\"WebPage\",\"@id\":\"https:\\\/\\\/www.tech-complex.com\\\/ca\\\/avis-legal\\\/\",\"url\":\"https:\\\/\\\/www.tech-complex.com\\\/ca\\\/avis-legal\\\/\",\"name\":\"Av\u00eds legal - TECH-COMPLEX\",\"isPartOf\":{\"@id\":\"https:\\\/\\\/www.tech-complex.com\\\/#website\"},\"datePublished\":\"2025-01-29T18:13:20+00:00\",\"dateModified\":\"2025-04-09T05:54:00+00:00\",\"breadcrumb\":{\"@id\":\"https:\\\/\\\/www.tech-complex.com\\\/ca\\\/avis-legal\\\/#breadcrumb\"},\"inLanguage\":\"ca\",\"potentialAction\":[{\"@type\":\"ReadAction\",\"target\":[\"https:\\\/\\\/www.tech-complex.com\\\/ca\\\/avis-legal\\\/\"]}]},{\"@type\":\"BreadcrumbList\",\"@id\":\"https:\\\/\\\/www.tech-complex.com\\\/ca\\\/avis-legal\\\/#breadcrumb\",\"itemListElement\":[{\"@type\":\"ListItem\",\"position\":1,\"name\":\"Portada\",\"item\":\"https:\\\/\\\/tech-complex.com\\\/ca\\\/\"},{\"@type\":\"ListItem\",\"position\":2,\"name\":\"Av\u00eds legal\"}]},{\"@type\":\"WebSite\",\"@id\":\"https:\\\/\\\/www.tech-complex.com\\\/#website\",\"url\":\"https:\\\/\\\/www.tech-complex.com\\\/\",\"name\":\"TECH-COMPLEX\",\"description\":\"Soluciones nutricionales para el bienestar animal\",\"publisher\":{\"@id\":\"https:\\\/\\\/www.tech-complex.com\\\/#organization\"},\"potentialAction\":[{\"@type\":\"SearchAction\",\"target\":{\"@type\":\"EntryPoint\",\"urlTemplate\":\"https:\\\/\\\/www.tech-complex.com\\\/?s={search_term_string}\"},\"query-input\":{\"@type\":\"PropertyValueSpecification\",\"valueRequired\":true,\"valueName\":\"search_term_string\"}}],\"inLanguage\":\"ca\"},{\"@type\":\"Organization\",\"@id\":\"https:\\\/\\\/www.tech-complex.com\\\/#organization\",\"name\":\"TECH-COMPLEX\",\"url\":\"https:\\\/\\\/www.tech-complex.com\\\/\",\"logo\":{\"@type\":\"ImageObject\",\"inLanguage\":\"ca\",\"@id\":\"https:\\\/\\\/www.tech-complex.com\\\/#\\\/schema\\\/logo\\\/image\\\/\",\"url\":\"https:\\\/\\\/tech-complex.com\\\/wp-content\\\/uploads\\\/2024\\\/12\\\/Logo-TECHCOMPLEX-COLOR.png\",\"contentUrl\":\"https:\\\/\\\/tech-complex.com\\\/wp-content\\\/uploads\\\/2024\\\/12\\\/Logo-TECHCOMPLEX-COLOR.png\",\"width\":2560,\"height\":313,\"caption\":\"TECH-COMPLEX\"},\"image\":{\"@id\":\"https:\\\/\\\/www.tech-complex.com\\\/#\\\/schema\\\/logo\\\/image\\\/\"}}]}<\/script>\n<!-- \/ Yoast SEO plugin. -->","yoast_head_json":{"title":"Av\u00eds legal - TECH-COMPLEX","robots":{"index":"index","follow":"follow","max-snippet":"max-snippet:-1","max-image-preview":"max-image-preview:large","max-video-preview":"max-video-preview:-1"},"canonical":"https:\/\/www.tech-complex.com\/ca\/avis-legal\/","og_locale":"ca_ES","og_type":"article","og_title":"Av\u00eds legal - TECH-COMPLEX","og_description":"AV\u00cdS LEGAL &nbsp; LLEI DELS SERVEIS DE LA SOCIETAT DE LA INFORMACI\u00d3 (LSSI) Tech Complex, S.L. , responsable del lloc web, d'ara endavant TechComplex, posa a disposici\u00f3 dels usuaris aquest document, amb el qual pret\u00e9n donar compliment a les obligacions disposades a la Llei 34\/2002, d'11 de juliol, de Serveis de la Societat de la Informaci\u00f3 i del Comer\u00e7 Electr\u00f2nic (LSSICE), aix\u00ed com informar a tots els usuaris del lloc web sobre quines condicions. Tota persona que accedeixi a aquest lloc web assumeix el paper d'usuari, comprometent-se a l'observan\u00e7a i el compliment rigor\u00f3s de les disposicions aqu\u00ed disposades, aix\u00ed com a qualsevol altra disposici\u00f3 legal que sigui aplicable. Tech Complex, SL es reserva el dret de modificar qualsevol tipus d'informaci\u00f3 que pogu\u00e9s apar\u00e8ixer al lloc web, sense que hi hagi obligaci\u00f3 de preavisar o posar en coneixement dels usuaris aquestes obligacions, entenent-se com a suficient amb la publicaci\u00f3 al lloc web de Tech Complex, SL 1. DADES IDENTIFICATIVES Denominaci\u00f3 social: Tech Complex, SLNom comercial: TechComplexCIF: B61070512Domicili: Carrer dels Argenters, 11-13 Nau 3, pol\u00edgon industrial Santiga. 08130 Santa Perp\u00e8tua de Mogoda, Barcelona Email: tc@tech-complex.com &nbsp; 2. OBJECTE A trav\u00e9s del Lloc Web, us oferim als Usuaris la possibilitat d'accedir a la [&hellip;]","og_url":"https:\/\/www.tech-complex.com\/ca\/avis-legal\/","og_site_name":"TECH-COMPLEX","article_modified_time":"2025-04-09T05:54:00+00:00","twitter_card":"summary_large_image","twitter_misc":{"Temps estimat de lectura":"4 minuts"},"schema":{"@context":"https:\/\/schema.org","@graph":[{"@type":"WebPage","@id":"https:\/\/www.tech-complex.com\/ca\/avis-legal\/","url":"https:\/\/www.tech-complex.com\/ca\/avis-legal\/","name":"Av\u00eds legal - TECH-COMPLEX","isPartOf":{"@id":"https:\/\/www.tech-complex.com\/#website"},"datePublished":"2025-01-29T18:13:20+00:00","dateModified":"2025-04-09T05:54:00+00:00","breadcrumb":{"@id":"https:\/\/www.tech-complex.com\/ca\/avis-legal\/#breadcrumb"},"inLanguage":"ca","potentialAction":[{"@type":"ReadAction","target":["https:\/\/www.tech-complex.com\/ca\/avis-legal\/"]}]},{"@type":"BreadcrumbList","@id":"https:\/\/www.tech-complex.com\/ca\/avis-legal\/#breadcrumb","itemListElement":[{"@type":"ListItem","position":1,"name":"Portada","item":"https:\/\/tech-complex.com\/ca\/"},{"@type":"ListItem","position":2,"name":"Av\u00eds legal"}]},{"@type":"WebSite","@id":"https:\/\/www.tech-complex.com\/#website","url":"https:\/\/www.tech-complex.com\/","name":"TECH-COMPLEX","description":"Soluciones nutricionales para el bienestar animal","publisher":{"@id":"https:\/\/www.tech-complex.com\/#organization"},"potentialAction":[{"@type":"SearchAction","target":{"@type":"EntryPoint","urlTemplate":"https:\/\/www.tech-complex.com\/?s={search_term_string}"},"query-input":{"@type":"PropertyValueSpecification","valueRequired":true,"valueName":"search_term_string"}}],"inLanguage":"ca"},{"@type":"Organization","@id":"https:\/\/www.tech-complex.com\/#organization","name":"TECH-COMPLEX","url":"https:\/\/www.tech-complex.com\/","logo":{"@type":"ImageObject","inLanguage":"ca","@id":"https:\/\/www.tech-complex.com\/#\/schema\/logo\/image\/","url":"https:\/\/tech-complex.com\/wp-content\/uploads\/2024\/12\/Logo-TECHCOMPLEX-COLOR.png","contentUrl":"https:\/\/tech-complex.com\/wp-content\/uploads\/2024\/12\/Logo-TECHCOMPLEX-COLOR.png","width":2560,"height":313,"caption":"TECH-COMPLEX"},"image":{"@id":"https:\/\/www.tech-complex.com\/#\/schema\/logo\/image\/"}}]}},"_links":{"self":[{"href":"https:\/\/tech-complex.com\/ca\/wp-json\/wp\/v2\/pages\/1591","targetHints":{"allow":["GET"]}}],"collection":[{"href":"https:\/\/tech-complex.com\/ca\/wp-json\/wp\/v2\/pages"}],"about":[{"href":"https:\/\/tech-complex.com\/ca\/wp-json\/wp\/v2\/types\/page"}],"author":[{"embeddable":true,"href":"https:\/\/tech-complex.com\/ca\/wp-json\/wp\/v2\/users\/2"}],"replies":[{"embeddable":true,"href":"https:\/\/tech-complex.com\/ca\/wp-json\/wp\/v2\/comments?post=1591"}],"version-history":[{"count":5,"href":"https:\/\/tech-complex.com\/ca\/wp-json\/wp\/v2\/pages\/1591\/revisions"}],"predecessor-version":[{"id":1965,"href":"https:\/\/tech-complex.com\/ca\/wp-json\/wp\/v2\/pages\/1591\/revisions\/1965"}],"wp:attachment":[{"href":"https:\/\/tech-complex.com\/ca\/wp-json\/wp\/v2\/media?parent=1591"}],"curies":[{"name":"wp","href":"https:\/\/api.w.org\/{rel}","templated":true}]}}