{"id":1594,"date":"2025-01-29T17:33:30","date_gmt":"2025-01-29T17:33:30","guid":{"rendered":"https:\/politica-de-cookies\/"},"modified":"2025-02-14T11:34:45","modified_gmt":"2025-02-14T11:34:45","slug":"politica-de-cookies","status":"publish","type":"page","link":"https:\/\/tech-complex.com\/ca\/politica-de-cookies\/","title":{"rendered":"Pol\u00edtica de cookies"},"content":{"rendered":"<p>[et_pb_section fb_built=&#8221;1&#8243; admin_label=&#8221;section&#8221; _builder_version=&#8221;4.16&#8243; global_colors_info=&#8221;{}&#8221; theme_builder_area=&#8221;post_content&#8221;][et_pb_row column_structure=&#8221;3_5,2_5&#8243; admin_label=&#8221;row&#8221; _builder_version=&#8221;4.16&#8243; background_size=&#8221;initial&#8221; background_position=&#8221;top_left&#8221; background_repeat=&#8221;repeat&#8221; global_colors_info=&#8221;{}&#8221; theme_builder_area=&#8221;post_content&#8221;][et_pb_column type=&#8221;3_5&#8243; _builder_version=&#8221;4.16&#8243; custom_padding=&#8221;|||&#8221; global_colors_info=&#8221;{}&#8221; custom_padding__hover=&#8221;|||&#8221; theme_builder_area=&#8221;post_content&#8221;][et_pb_text admin_label=&#8221;Text&#8221; _builder_version=&#8221;4.27.4&#8243; header_2_font_size=&#8221;36px&#8221; background_size=&#8221;initial&#8221; background_position=&#8221;top_left&#8221; background_repeat=&#8221;repeat&#8221; hover_enabled=&#8221;0&#8243; global_colors_info=&#8221;{}&#8221; theme_builder_area=&#8221;post_content&#8221; sticky_enabled=&#8221;0&#8243;]<\/p>\n<h1>Pol\u00edtica de Cookies<\/h1>\n<p>&nbsp;<\/p>\n<h2>Qu\u00e8 s\u00f3n les galetes?<\/h2>\n<p>Les cookies s\u00f3n petits fitxers de dades que arriben al terminal des del lloc web visitat i s&#8217;usen per registrar certes interaccions de la navegaci\u00f3 en un lloc web, emmagatzemant dades que podran ser actualitzades i recuperades. Aquests fitxers s&#8217;emmagatzemen a l&#8217;ordinador de l&#8217;usuari i contenen dades an\u00f2nimes que no s\u00f3n perjudicials per al vostre equip. S&#8217;utilitzen per recordar les prefer\u00e8ncies de l&#8217;usuari, com ara l&#8217;idioma seleccionat, les dades d&#8217;acc\u00e9s o la personalitzaci\u00f3 de la p\u00e0gina.  <\/p>\n<p>Les galetes tamb\u00e9 poden ser utilitzades per registrar informaci\u00f3 an\u00f2nima sobre com utilitza el lloc web el visitant. Per exemple, des de quina p\u00e0gina web heu accedit o si heu utilitzat un banner publicitari per arribar-hi. <\/p>\n<p>&nbsp;<\/p>\n<h2>Tech Complex, SL utilitza\u2026<\/h2>\n<p><strong>Galetes t\u00e8cniques:<\/strong> aquelles imprescindibles i estrictament necess\u00e0ries per al funcionament correcte d&#8217;un lloc web i la utilitzaci\u00f3 de les diferents opcions i serveis que ofereix. Per exemple, les que serveixen per al manteniment de la sessi\u00f3, la gesti\u00f3 del temps de resposta, el rendiment o la validaci\u00f3 d&#8217;opcions, l&#8217;\u00fas d&#8217;elements de seguretat, la compartici\u00f3 de contingut amb xarxes socials, etc. <\/p>\n<p><strong>Galetes anal\u00edtiques:<\/strong> Les galetes anal\u00edtiques s\u00f3n les utilitzades pel nostre lloc web per elaborar perfils de navegaci\u00f3 i poder con\u00e8ixer les prefer\u00e8ncies dels usuaris per tal de millorar l&#8217;oferta de productes i serveis. Per exemple, mitjan\u00e7ant una galeta anal\u00edtica es controlaran les \u00e0rees geogr\u00e0fiques de m\u00e9s inter\u00e8s d&#8217;un usuari, quin \u00e9s el producte de m\u00e9s acceptaci\u00f3, etc. <\/p>\n<p>&nbsp;<\/p>\n<h2>I si no vull tenir aquestes galetes?<\/h2>\n<p>Per complir amb la legislaci\u00f3 vigent, hem de demanar perm\u00eds per gestionar cookies. Si decidiu no autoritzar el tractament indicant-nos que no hi esteu d&#8217;acord, nom\u00e9s utilitzarem les cookies t\u00e8cniques, ja que s\u00f3n imprescindibles per navegar per la nostra web. En aquest cas, no emmagatzemem cap galeta. Si continueu navegant pel nostre lloc web sense denegar l&#8217;autoritzaci\u00f3, aix\u00f2 implica que accepta l&#8217;\u00fas.   <\/p>\n<p>&nbsp;<\/p>\n<h2>Configuraci\u00f3 de cookies segons el navegador<\/h2>\n<ul>\n<li><a href=\"https:\/\/support.microsoft.com\/es-es\/help\/17442\/windows-internet-explorer-delete-manage-cookies\" target=\"_blank\" rel=\"noopener\">Configuraci\u00f3 de galetes d&#8217;Internet Explorer<\/a><\/li>\n<li><a href=\"https:\/\/support.mozilla.org\/es\/kb\/Borrar%20cookies\" target=\"_blank\" rel=\"noopener\">Configuraci\u00f3 de cookies de Firefox<\/a><\/li>\n<li><a href=\"https:\/\/support.google.com\/chrome\/answer\/95647?hl=es\" target=\"_blank\" rel=\"noopener\">Configuraci\u00f3 de galetes de Google Chrome<\/a><\/li>\n<li><a href=\"https:\/\/support.apple.com\/es-es\/guide\/safari\/sfri11471\/mac\" target=\"_blank\" rel=\"noopener\">Configuraci\u00f3 de cookies de Safari<\/a><\/li>\n<\/ul>\n<p>Aquests navegadors estan sotmesos a actualitzacions o modificacions, per la qual cosa no podem garantir que s&#8217;ajustin completament a la versi\u00f3 del vostre navegador. Tamb\u00e9 pot ser que utilitzeu un altre navegador no contemplat en aquests enlla\u00e7os com Konqueror, Arora, Flock, etc. Per evitar aquests desajustaments, podeu accedir directament des de les opcions del vostre navegador, que es troba generalment al men\u00fa d&#8217;Opcions, a la secci\u00f3 de \u201cPrivadesa\u201d. (Si us plau, consulteu l&#8217;ajuda del vostre navegador per a m\u00e9s informaci\u00f3.)   <\/p>\n<p>[\/et_pb_text][\/et_pb_column][et_pb_column type=&#8221;2_5&#8243; _builder_version=&#8221;4.16&#8243; custom_padding=&#8221;|||&#8221; global_colors_info=&#8221;{}&#8221; custom_padding__hover=&#8221;|||&#8221; theme_builder_area=&#8221;post_content&#8221;][\/et_pb_column][\/et_pb_row][\/et_pb_section]<\/p>\n","protected":false},"excerpt":{"rendered":"<p>Pol\u00edtica de Cookies &nbsp; Qu\u00e8 s\u00f3n les galetes? Les cookies s\u00f3n petits fitxers de dades que arriben al terminal des del lloc web visitat i s&#8217;usen per registrar certes interaccions de la navegaci\u00f3 en un lloc web, emmagatzemant dades que podran ser actualitzades i recuperades. Aquests fitxers s&#8217;emmagatzemen a l&#8217;ordinador de l&#8217;usuari i contenen dades an\u00f2nimes que no s\u00f3n perjudicials per al vostre equip. S&#8217;utilitzen per recordar les prefer\u00e8ncies de l&#8217;usuari, com ara l&#8217;idioma seleccionat, les dades d&#8217;acc\u00e9s o la personalitzaci\u00f3 de la p\u00e0gina. Les galetes tamb\u00e9 poden ser utilitzades per registrar informaci\u00f3 an\u00f2nima sobre com utilitza el lloc web el visitant. Per exemple, des de quina p\u00e0gina web heu accedit o si heu utilitzat un banner publicitari per arribar-hi. &nbsp; Tech Complex, SL utilitza\u2026 Galetes t\u00e8cniques: aquelles imprescindibles i estrictament necess\u00e0ries per al funcionament correcte d&#8217;un lloc web i la utilitzaci\u00f3 de les diferents opcions i serveis que ofereix. Per exemple, les que serveixen per al manteniment de la sessi\u00f3, la gesti\u00f3 del temps de resposta, el rendiment o la validaci\u00f3 d&#8217;opcions, l&#8217;\u00fas d&#8217;elements de seguretat, la compartici\u00f3 de contingut amb xarxes socials, etc. Galetes anal\u00edtiques: Les galetes anal\u00edtiques s\u00f3n les utilitzades pel nostre lloc web per elaborar perfils [&hellip;]<\/p>\n","protected":false},"author":2,"featured_media":0,"parent":0,"menu_order":0,"comment_status":"closed","ping_status":"closed","template":"","meta":{"_et_pb_use_builder":"on","_et_pb_old_content":"","_et_gb_content_width":"","footnotes":""},"class_list":["post-1594","page","type-page","status-publish","hentry"],"yoast_head":"<!-- This site is optimized with the Yoast SEO plugin v27.4 - https:\/\/yoast.com\/product\/yoast-seo-wordpress\/ -->\n<title>Pol\u00edtica de cookies - TECH-COMPLEX<\/title>\n<meta name=\"robots\" content=\"index, follow, max-snippet:-1, max-image-preview:large, max-video-preview:-1\" \/>\n<link rel=\"canonical\" href=\"https:\/\/www.tech-complex.com\/ca\/politica-de-cookies\/\" \/>\n<meta property=\"og:locale\" content=\"ca_ES\" \/>\n<meta property=\"og:type\" content=\"article\" \/>\n<meta property=\"og:title\" content=\"Pol\u00edtica de cookies - TECH-COMPLEX\" \/>\n<meta property=\"og:description\" content=\"Pol\u00edtica de Cookies &nbsp; Qu\u00e8 s\u00f3n les galetes? Les cookies s\u00f3n petits fitxers de dades que arriben al terminal des del lloc web visitat i s&#039;usen per registrar certes interaccions de la navegaci\u00f3 en un lloc web, emmagatzemant dades que podran ser actualitzades i recuperades. Aquests fitxers s&#039;emmagatzemen a l&#039;ordinador de l&#039;usuari i contenen dades an\u00f2nimes que no s\u00f3n perjudicials per al vostre equip. S&#039;utilitzen per recordar les prefer\u00e8ncies de l&#039;usuari, com ara l&#039;idioma seleccionat, les dades d&#039;acc\u00e9s o la personalitzaci\u00f3 de la p\u00e0gina. Les galetes tamb\u00e9 poden ser utilitzades per registrar informaci\u00f3 an\u00f2nima sobre com utilitza el lloc web el visitant. Per exemple, des de quina p\u00e0gina web heu accedit o si heu utilitzat un banner publicitari per arribar-hi. &nbsp; Tech Complex, SL utilitza\u2026 Galetes t\u00e8cniques: aquelles imprescindibles i estrictament necess\u00e0ries per al funcionament correcte d&#039;un lloc web i la utilitzaci\u00f3 de les diferents opcions i serveis que ofereix. Per exemple, les que serveixen per al manteniment de la sessi\u00f3, la gesti\u00f3 del temps de resposta, el rendiment o la validaci\u00f3 d&#039;opcions, l&#039;\u00fas d&#039;elements de seguretat, la compartici\u00f3 de contingut amb xarxes socials, etc. Galetes anal\u00edtiques: Les galetes anal\u00edtiques s\u00f3n les utilitzades pel nostre lloc web per elaborar perfils [&hellip;]\" \/>\n<meta property=\"og:url\" content=\"https:\/\/www.tech-complex.com\/ca\/politica-de-cookies\/\" \/>\n<meta property=\"og:site_name\" content=\"TECH-COMPLEX\" \/>\n<meta property=\"article:modified_time\" content=\"2025-02-14T11:34:45+00:00\" \/>\n<meta name=\"twitter:card\" content=\"summary_large_image\" \/>\n<meta name=\"twitter:label1\" content=\"Temps estimat de lectura\" \/>\n\t<meta name=\"twitter:data1\" content=\"3 minuts\" \/>\n<script type=\"application\/ld+json\" class=\"yoast-schema-graph\">{\"@context\":\"https:\\\/\\\/schema.org\",\"@graph\":[{\"@type\":\"WebPage\",\"@id\":\"https:\\\/\\\/www.tech-complex.com\\\/ca\\\/politica-de-cookies\\\/\",\"url\":\"https:\\\/\\\/www.tech-complex.com\\\/ca\\\/politica-de-cookies\\\/\",\"name\":\"Pol\u00edtica de cookies - TECH-COMPLEX\",\"isPartOf\":{\"@id\":\"https:\\\/\\\/www.tech-complex.com\\\/#website\"},\"datePublished\":\"2025-01-29T17:33:30+00:00\",\"dateModified\":\"2025-02-14T11:34:45+00:00\",\"breadcrumb\":{\"@id\":\"https:\\\/\\\/www.tech-complex.com\\\/ca\\\/politica-de-cookies\\\/#breadcrumb\"},\"inLanguage\":\"ca\",\"potentialAction\":[{\"@type\":\"ReadAction\",\"target\":[\"https:\\\/\\\/www.tech-complex.com\\\/ca\\\/politica-de-cookies\\\/\"]}]},{\"@type\":\"BreadcrumbList\",\"@id\":\"https:\\\/\\\/www.tech-complex.com\\\/ca\\\/politica-de-cookies\\\/#breadcrumb\",\"itemListElement\":[{\"@type\":\"ListItem\",\"position\":1,\"name\":\"Portada\",\"item\":\"https:\\\/\\\/tech-complex.com\\\/ca\\\/\"},{\"@type\":\"ListItem\",\"position\":2,\"name\":\"Pol\u00edtica de cookies\"}]},{\"@type\":\"WebSite\",\"@id\":\"https:\\\/\\\/www.tech-complex.com\\\/#website\",\"url\":\"https:\\\/\\\/www.tech-complex.com\\\/\",\"name\":\"TECH-COMPLEX\",\"description\":\"Soluciones nutricionales para el bienestar animal\",\"publisher\":{\"@id\":\"https:\\\/\\\/www.tech-complex.com\\\/#organization\"},\"potentialAction\":[{\"@type\":\"SearchAction\",\"target\":{\"@type\":\"EntryPoint\",\"urlTemplate\":\"https:\\\/\\\/www.tech-complex.com\\\/?s={search_term_string}\"},\"query-input\":{\"@type\":\"PropertyValueSpecification\",\"valueRequired\":true,\"valueName\":\"search_term_string\"}}],\"inLanguage\":\"ca\"},{\"@type\":\"Organization\",\"@id\":\"https:\\\/\\\/www.tech-complex.com\\\/#organization\",\"name\":\"TECH-COMPLEX\",\"url\":\"https:\\\/\\\/www.tech-complex.com\\\/\",\"logo\":{\"@type\":\"ImageObject\",\"inLanguage\":\"ca\",\"@id\":\"https:\\\/\\\/www.tech-complex.com\\\/#\\\/schema\\\/logo\\\/image\\\/\",\"url\":\"https:\\\/\\\/tech-complex.com\\\/wp-content\\\/uploads\\\/2024\\\/12\\\/Logo-TECHCOMPLEX-COLOR.png\",\"contentUrl\":\"https:\\\/\\\/tech-complex.com\\\/wp-content\\\/uploads\\\/2024\\\/12\\\/Logo-TECHCOMPLEX-COLOR.png\",\"width\":2560,\"height\":313,\"caption\":\"TECH-COMPLEX\"},\"image\":{\"@id\":\"https:\\\/\\\/www.tech-complex.com\\\/#\\\/schema\\\/logo\\\/image\\\/\"}}]}<\/script>\n<!-- \/ Yoast SEO plugin. -->","yoast_head_json":{"title":"Pol\u00edtica de cookies - TECH-COMPLEX","robots":{"index":"index","follow":"follow","max-snippet":"max-snippet:-1","max-image-preview":"max-image-preview:large","max-video-preview":"max-video-preview:-1"},"canonical":"https:\/\/www.tech-complex.com\/ca\/politica-de-cookies\/","og_locale":"ca_ES","og_type":"article","og_title":"Pol\u00edtica de cookies - TECH-COMPLEX","og_description":"Pol\u00edtica de Cookies &nbsp; Qu\u00e8 s\u00f3n les galetes? Les cookies s\u00f3n petits fitxers de dades que arriben al terminal des del lloc web visitat i s'usen per registrar certes interaccions de la navegaci\u00f3 en un lloc web, emmagatzemant dades que podran ser actualitzades i recuperades. Aquests fitxers s'emmagatzemen a l'ordinador de l'usuari i contenen dades an\u00f2nimes que no s\u00f3n perjudicials per al vostre equip. S'utilitzen per recordar les prefer\u00e8ncies de l'usuari, com ara l'idioma seleccionat, les dades d'acc\u00e9s o la personalitzaci\u00f3 de la p\u00e0gina. Les galetes tamb\u00e9 poden ser utilitzades per registrar informaci\u00f3 an\u00f2nima sobre com utilitza el lloc web el visitant. Per exemple, des de quina p\u00e0gina web heu accedit o si heu utilitzat un banner publicitari per arribar-hi. &nbsp; Tech Complex, SL utilitza\u2026 Galetes t\u00e8cniques: aquelles imprescindibles i estrictament necess\u00e0ries per al funcionament correcte d'un lloc web i la utilitzaci\u00f3 de les diferents opcions i serveis que ofereix. Per exemple, les que serveixen per al manteniment de la sessi\u00f3, la gesti\u00f3 del temps de resposta, el rendiment o la validaci\u00f3 d'opcions, l'\u00fas d'elements de seguretat, la compartici\u00f3 de contingut amb xarxes socials, etc. Galetes anal\u00edtiques: Les galetes anal\u00edtiques s\u00f3n les utilitzades pel nostre lloc web per elaborar perfils [&hellip;]","og_url":"https:\/\/www.tech-complex.com\/ca\/politica-de-cookies\/","og_site_name":"TECH-COMPLEX","article_modified_time":"2025-02-14T11:34:45+00:00","twitter_card":"summary_large_image","twitter_misc":{"Temps estimat de lectura":"3 minuts"},"schema":{"@context":"https:\/\/schema.org","@graph":[{"@type":"WebPage","@id":"https:\/\/www.tech-complex.com\/ca\/politica-de-cookies\/","url":"https:\/\/www.tech-complex.com\/ca\/politica-de-cookies\/","name":"Pol\u00edtica de cookies - TECH-COMPLEX","isPartOf":{"@id":"https:\/\/www.tech-complex.com\/#website"},"datePublished":"2025-01-29T17:33:30+00:00","dateModified":"2025-02-14T11:34:45+00:00","breadcrumb":{"@id":"https:\/\/www.tech-complex.com\/ca\/politica-de-cookies\/#breadcrumb"},"inLanguage":"ca","potentialAction":[{"@type":"ReadAction","target":["https:\/\/www.tech-complex.com\/ca\/politica-de-cookies\/"]}]},{"@type":"BreadcrumbList","@id":"https:\/\/www.tech-complex.com\/ca\/politica-de-cookies\/#breadcrumb","itemListElement":[{"@type":"ListItem","position":1,"name":"Portada","item":"https:\/\/tech-complex.com\/ca\/"},{"@type":"ListItem","position":2,"name":"Pol\u00edtica de cookies"}]},{"@type":"WebSite","@id":"https:\/\/www.tech-complex.com\/#website","url":"https:\/\/www.tech-complex.com\/","name":"TECH-COMPLEX","description":"Soluciones nutricionales para el bienestar animal","publisher":{"@id":"https:\/\/www.tech-complex.com\/#organization"},"potentialAction":[{"@type":"SearchAction","target":{"@type":"EntryPoint","urlTemplate":"https:\/\/www.tech-complex.com\/?s={search_term_string}"},"query-input":{"@type":"PropertyValueSpecification","valueRequired":true,"valueName":"search_term_string"}}],"inLanguage":"ca"},{"@type":"Organization","@id":"https:\/\/www.tech-complex.com\/#organization","name":"TECH-COMPLEX","url":"https:\/\/www.tech-complex.com\/","logo":{"@type":"ImageObject","inLanguage":"ca","@id":"https:\/\/www.tech-complex.com\/#\/schema\/logo\/image\/","url":"https:\/\/tech-complex.com\/wp-content\/uploads\/2024\/12\/Logo-TECHCOMPLEX-COLOR.png","contentUrl":"https:\/\/tech-complex.com\/wp-content\/uploads\/2024\/12\/Logo-TECHCOMPLEX-COLOR.png","width":2560,"height":313,"caption":"TECH-COMPLEX"},"image":{"@id":"https:\/\/www.tech-complex.com\/#\/schema\/logo\/image\/"}}]}},"_links":{"self":[{"href":"https:\/\/tech-complex.com\/ca\/wp-json\/wp\/v2\/pages\/1594","targetHints":{"allow":["GET"]}}],"collection":[{"href":"https:\/\/tech-complex.com\/ca\/wp-json\/wp\/v2\/pages"}],"about":[{"href":"https:\/\/tech-complex.com\/ca\/wp-json\/wp\/v2\/types\/page"}],"author":[{"embeddable":true,"href":"https:\/\/tech-complex.com\/ca\/wp-json\/wp\/v2\/users\/2"}],"replies":[{"embeddable":true,"href":"https:\/\/tech-complex.com\/ca\/wp-json\/wp\/v2\/comments?post=1594"}],"version-history":[{"count":2,"href":"https:\/\/tech-complex.com\/ca\/wp-json\/wp\/v2\/pages\/1594\/revisions"}],"predecessor-version":[{"id":1596,"href":"https:\/\/tech-complex.com\/ca\/wp-json\/wp\/v2\/pages\/1594\/revisions\/1596"}],"wp:attachment":[{"href":"https:\/\/tech-complex.com\/ca\/wp-json\/wp\/v2\/media?parent=1594"}],"curies":[{"name":"wp","href":"https:\/\/api.w.org\/{rel}","templated":true}]}}