{"id":1675,"date":"2025-01-20T14:48:23","date_gmt":"2025-01-20T14:48:23","guid":{"rendered":"https:\/producto\/oleobiotec-poultry-liquid\/"},"modified":"2025-04-10T14:05:55","modified_gmt":"2025-04-10T14:05:55","slug":"oleobiotec-poultry-liquid","status":"publish","type":"product","link":"https:\/\/tech-complex.com\/ca\/producto\/oleobiotec-poultry-liquid\/","title":{"rendered":"OLEOBIOTEC POULTRY LIQUID"},"content":{"rendered":"<p>Oleobiotec: Solucions sensorials innovadores per a la nutrici\u00f3 animal<\/p>\n<p>Oleobiotec \u00e9s una gamma de productes basada en combinacions exclusives d&#8217;olis essencials i extractes d&#8217;esp\u00e8cies, com ara orenga, farigola, canyella, gingebre i pebre. Aquests productes estan dissenyats per interactuar amb els sentits de l&#8217;olfacte i el gust, proporcionant una experi\u00e8ncia sensorial \u00fanica. <\/p>\n<p>Caracter\u00edstiques principals:<\/p>\n<ol>\n<li>Sinergia d&#8217;actius: La formulaci\u00f3 combina olis essencials i esp\u00e8cies que actuen de manera complement\u00e0ria per optimitzar-ne la funcionalitat.<\/li>\n<li>Interacci\u00f3 amb microbiota: Oleobiotec est\u00e0 desenvolupat per influir en l&#8217;equilibri i la diversitat de l&#8217;ecosistema microbi\u00e0 intestinal.<\/li>\n<li>Estimulaci\u00f3 sensorial: Els olis essencials s\u00f3n principis actius que interactuen amb els receptors sensorials, connectant directament amb el sistema nervi\u00f3s central a trav\u00e9s de l&#8217;eix microbiota-intest\u00ed-cervell.<\/li>\n<li>Suport a la funci\u00f3 digestiva: Les esp\u00e8cies presents a la f\u00f3rmula estimulen processos fisiol\u00f2gics com la motilitat g\u00e0strica i l&#8217;alliberament d&#8217;enzims digestius.<\/li>\n<\/ol>\n<p>Oleobiotec s&#8217;ofereix en format l\u00edquid, cosa que permet una f\u00e0cil aplicaci\u00f3 a l&#8217;aigua de beguda, facilitant la seva incorporaci\u00f3 a les rutines di\u00e0ries d&#8217;alimentaci\u00f3.<\/p>\n<p>Oleobiotec representa un enfocament innovador en nutrici\u00f3 animal, dissenyat per aprofitar les propietats funcionals dels ingredients naturals i adaptar-se a les necessitats espec\u00edfiques de l&#8217;avicultura.<\/p>\n","protected":false},"excerpt":{"rendered":"<p>Barreja sin\u00e8rgica d&#8217;olis essencials i esp\u00e8cies per millorar l&#8217;efici\u00e8ncia aliment\u00e0ria en aus.<\/p>\n","protected":false},"featured_media":1521,"comment_status":"closed","ping_status":"closed","template":"","meta":{"_et_pb_use_builder":"","_et_pb_old_content":"","_et_gb_content_width":""},"product_brand":[],"product_cat":[118],"product_tag":[],"class_list":{"0":"post-1675","1":"product","2":"type-product","3":"status-publish","4":"has-post-thumbnail","6":"product_cat-sense-categoritzar","8":"first","9":"instock","10":"purchasable","11":"product-type-simple"},"yoast_head":"<!-- This site is optimized with the Yoast SEO plugin v27.4 - https:\/\/yoast.com\/product\/yoast-seo-wordpress\/ -->\n<title>OLEOBIOTEC POULTRY LIQUID - TECH-COMPLEX<\/title>\n<meta name=\"robots\" content=\"index, follow, max-snippet:-1, max-image-preview:large, max-video-preview:-1\" \/>\n<link rel=\"canonical\" href=\"https:\/\/tech-complex.com\/producto\/oleobiotec-poultry-liquid\/\" \/>\n<meta property=\"og:locale\" content=\"ca_ES\" \/>\n<meta property=\"og:type\" content=\"article\" \/>\n<meta property=\"og:title\" content=\"OLEOBIOTEC POULTRY LIQUID - TECH-COMPLEX\" \/>\n<meta property=\"og:description\" content=\"Barreja sin\u00e8rgica d&#039;olis essencials i esp\u00e8cies per millorar l&#039;efici\u00e8ncia aliment\u00e0ria en aus.\" \/>\n<meta property=\"og:url\" content=\"https:\/\/tech-complex.com\/producto\/oleobiotec-poultry-liquid\/\" \/>\n<meta property=\"og:site_name\" content=\"TECH-COMPLEX\" \/>\n<meta property=\"article:modified_time\" content=\"2025-04-10T14:05:55+00:00\" \/>\n<meta property=\"og:image\" content=\"https:\/\/tech-complex.com\/wp-content\/uploads\/2025\/01\/gallina-bebiendo.jpg\" \/>\n\t<meta property=\"og:image:width\" content=\"1500\" \/>\n\t<meta property=\"og:image:height\" content=\"1010\" \/>\n\t<meta property=\"og:image:type\" content=\"image\/jpeg\" \/>\n<meta name=\"twitter:card\" content=\"summary_large_image\" \/>\n<meta name=\"twitter:label1\" content=\"Temps estimat de lectura\" \/>\n\t<meta name=\"twitter:data1\" content=\"1 minut\" \/>\n<script type=\"application\/ld+json\" class=\"yoast-schema-graph\">{\"@context\":\"https:\\\/\\\/schema.org\",\"@graph\":[{\"@type\":\"WebPage\",\"@id\":\"https:\\\/\\\/tech-complex.com\\\/producto\\\/oleobiotec-poultry-liquid\\\/\",\"url\":\"https:\\\/\\\/tech-complex.com\\\/producto\\\/oleobiotec-poultry-liquid\\\/\",\"name\":\"OLEOBIOTEC POULTRY LIQUID - TECH-COMPLEX\",\"isPartOf\":{\"@id\":\"https:\\\/\\\/www.tech-complex.com\\\/#website\"},\"primaryImageOfPage\":{\"@id\":\"https:\\\/\\\/tech-complex.com\\\/producto\\\/oleobiotec-poultry-liquid\\\/#primaryimage\"},\"image\":{\"@id\":\"https:\\\/\\\/tech-complex.com\\\/producto\\\/oleobiotec-poultry-liquid\\\/#primaryimage\"},\"thumbnailUrl\":\"https:\\\/\\\/tech-complex.com\\\/wp-content\\\/uploads\\\/2025\\\/01\\\/gallina-bebiendo.jpg\",\"datePublished\":\"2025-01-20T14:48:23+00:00\",\"dateModified\":\"2025-04-10T14:05:55+00:00\",\"breadcrumb\":{\"@id\":\"https:\\\/\\\/tech-complex.com\\\/producto\\\/oleobiotec-poultry-liquid\\\/#breadcrumb\"},\"inLanguage\":\"ca\",\"potentialAction\":[{\"@type\":\"ReadAction\",\"target\":[\"https:\\\/\\\/tech-complex.com\\\/producto\\\/oleobiotec-poultry-liquid\\\/\"]}]},{\"@type\":\"ImageObject\",\"inLanguage\":\"ca\",\"@id\":\"https:\\\/\\\/tech-complex.com\\\/producto\\\/oleobiotec-poultry-liquid\\\/#primaryimage\",\"url\":\"https:\\\/\\\/tech-complex.com\\\/wp-content\\\/uploads\\\/2025\\\/01\\\/gallina-bebiendo.jpg\",\"contentUrl\":\"https:\\\/\\\/tech-complex.com\\\/wp-content\\\/uploads\\\/2025\\\/01\\\/gallina-bebiendo.jpg\",\"width\":1500,\"height\":1010},{\"@type\":\"BreadcrumbList\",\"@id\":\"https:\\\/\\\/tech-complex.com\\\/producto\\\/oleobiotec-poultry-liquid\\\/#breadcrumb\",\"itemListElement\":[{\"@type\":\"ListItem\",\"position\":1,\"name\":\"Portada\",\"item\":\"https:\\\/\\\/tech-complex.com\\\/ca\\\/\"},{\"@type\":\"ListItem\",\"position\":2,\"name\":\"Productes-tenda\",\"item\":\"https:\\\/\\\/www.tech-complex.com\\\/ca\\\/productes-tenda\\\/\"},{\"@type\":\"ListItem\",\"position\":3,\"name\":\"OLEOBIOTEC POULTRY LIQUID\"}]},{\"@type\":\"WebSite\",\"@id\":\"https:\\\/\\\/www.tech-complex.com\\\/#website\",\"url\":\"https:\\\/\\\/www.tech-complex.com\\\/\",\"name\":\"TECH-COMPLEX\",\"description\":\"Soluciones nutricionales para el bienestar animal\",\"publisher\":{\"@id\":\"https:\\\/\\\/www.tech-complex.com\\\/#organization\"},\"potentialAction\":[{\"@type\":\"SearchAction\",\"target\":{\"@type\":\"EntryPoint\",\"urlTemplate\":\"https:\\\/\\\/www.tech-complex.com\\\/?s={search_term_string}\"},\"query-input\":{\"@type\":\"PropertyValueSpecification\",\"valueRequired\":true,\"valueName\":\"search_term_string\"}}],\"inLanguage\":\"ca\"},{\"@type\":\"Organization\",\"@id\":\"https:\\\/\\\/www.tech-complex.com\\\/#organization\",\"name\":\"TECH-COMPLEX\",\"url\":\"https:\\\/\\\/www.tech-complex.com\\\/\",\"logo\":{\"@type\":\"ImageObject\",\"inLanguage\":\"ca\",\"@id\":\"https:\\\/\\\/www.tech-complex.com\\\/#\\\/schema\\\/logo\\\/image\\\/\",\"url\":\"https:\\\/\\\/tech-complex.com\\\/wp-content\\\/uploads\\\/2024\\\/12\\\/Logo-TECHCOMPLEX-COLOR.png\",\"contentUrl\":\"https:\\\/\\\/tech-complex.com\\\/wp-content\\\/uploads\\\/2024\\\/12\\\/Logo-TECHCOMPLEX-COLOR.png\",\"width\":2560,\"height\":313,\"caption\":\"TECH-COMPLEX\"},\"image\":{\"@id\":\"https:\\\/\\\/www.tech-complex.com\\\/#\\\/schema\\\/logo\\\/image\\\/\"}}]}<\/script>\n<!-- \/ Yoast SEO plugin. -->","yoast_head_json":{"title":"OLEOBIOTEC POULTRY LIQUID - TECH-COMPLEX","robots":{"index":"index","follow":"follow","max-snippet":"max-snippet:-1","max-image-preview":"max-image-preview:large","max-video-preview":"max-video-preview:-1"},"canonical":"https:\/\/tech-complex.com\/producto\/oleobiotec-poultry-liquid\/","og_locale":"ca_ES","og_type":"article","og_title":"OLEOBIOTEC POULTRY LIQUID - TECH-COMPLEX","og_description":"Barreja sin\u00e8rgica d'olis essencials i esp\u00e8cies per millorar l'efici\u00e8ncia aliment\u00e0ria en aus.","og_url":"https:\/\/tech-complex.com\/producto\/oleobiotec-poultry-liquid\/","og_site_name":"TECH-COMPLEX","article_modified_time":"2025-04-10T14:05:55+00:00","og_image":[{"width":1500,"height":1010,"url":"https:\/\/tech-complex.com\/wp-content\/uploads\/2025\/01\/gallina-bebiendo.jpg","type":"image\/jpeg"}],"twitter_card":"summary_large_image","twitter_misc":{"Temps estimat de lectura":"1 minut"},"schema":{"@context":"https:\/\/schema.org","@graph":[{"@type":"WebPage","@id":"https:\/\/tech-complex.com\/producto\/oleobiotec-poultry-liquid\/","url":"https:\/\/tech-complex.com\/producto\/oleobiotec-poultry-liquid\/","name":"OLEOBIOTEC POULTRY LIQUID - TECH-COMPLEX","isPartOf":{"@id":"https:\/\/www.tech-complex.com\/#website"},"primaryImageOfPage":{"@id":"https:\/\/tech-complex.com\/producto\/oleobiotec-poultry-liquid\/#primaryimage"},"image":{"@id":"https:\/\/tech-complex.com\/producto\/oleobiotec-poultry-liquid\/#primaryimage"},"thumbnailUrl":"https:\/\/tech-complex.com\/wp-content\/uploads\/2025\/01\/gallina-bebiendo.jpg","datePublished":"2025-01-20T14:48:23+00:00","dateModified":"2025-04-10T14:05:55+00:00","breadcrumb":{"@id":"https:\/\/tech-complex.com\/producto\/oleobiotec-poultry-liquid\/#breadcrumb"},"inLanguage":"ca","potentialAction":[{"@type":"ReadAction","target":["https:\/\/tech-complex.com\/producto\/oleobiotec-poultry-liquid\/"]}]},{"@type":"ImageObject","inLanguage":"ca","@id":"https:\/\/tech-complex.com\/producto\/oleobiotec-poultry-liquid\/#primaryimage","url":"https:\/\/tech-complex.com\/wp-content\/uploads\/2025\/01\/gallina-bebiendo.jpg","contentUrl":"https:\/\/tech-complex.com\/wp-content\/uploads\/2025\/01\/gallina-bebiendo.jpg","width":1500,"height":1010},{"@type":"BreadcrumbList","@id":"https:\/\/tech-complex.com\/producto\/oleobiotec-poultry-liquid\/#breadcrumb","itemListElement":[{"@type":"ListItem","position":1,"name":"Portada","item":"https:\/\/tech-complex.com\/ca\/"},{"@type":"ListItem","position":2,"name":"Productes-tenda","item":"https:\/\/www.tech-complex.com\/ca\/productes-tenda\/"},{"@type":"ListItem","position":3,"name":"OLEOBIOTEC POULTRY LIQUID"}]},{"@type":"WebSite","@id":"https:\/\/www.tech-complex.com\/#website","url":"https:\/\/www.tech-complex.com\/","name":"TECH-COMPLEX","description":"Soluciones nutricionales para el bienestar animal","publisher":{"@id":"https:\/\/www.tech-complex.com\/#organization"},"potentialAction":[{"@type":"SearchAction","target":{"@type":"EntryPoint","urlTemplate":"https:\/\/www.tech-complex.com\/?s={search_term_string}"},"query-input":{"@type":"PropertyValueSpecification","valueRequired":true,"valueName":"search_term_string"}}],"inLanguage":"ca"},{"@type":"Organization","@id":"https:\/\/www.tech-complex.com\/#organization","name":"TECH-COMPLEX","url":"https:\/\/www.tech-complex.com\/","logo":{"@type":"ImageObject","inLanguage":"ca","@id":"https:\/\/www.tech-complex.com\/#\/schema\/logo\/image\/","url":"https:\/\/tech-complex.com\/wp-content\/uploads\/2024\/12\/Logo-TECHCOMPLEX-COLOR.png","contentUrl":"https:\/\/tech-complex.com\/wp-content\/uploads\/2024\/12\/Logo-TECHCOMPLEX-COLOR.png","width":2560,"height":313,"caption":"TECH-COMPLEX"},"image":{"@id":"https:\/\/www.tech-complex.com\/#\/schema\/logo\/image\/"}}]}},"_links":{"self":[{"href":"https:\/\/tech-complex.com\/ca\/wp-json\/wp\/v2\/product\/1675","targetHints":{"allow":["GET"]}}],"collection":[{"href":"https:\/\/tech-complex.com\/ca\/wp-json\/wp\/v2\/product"}],"about":[{"href":"https:\/\/tech-complex.com\/ca\/wp-json\/wp\/v2\/types\/product"}],"replies":[{"embeddable":true,"href":"https:\/\/tech-complex.com\/ca\/wp-json\/wp\/v2\/comments?post=1675"}],"wp:featuredmedia":[{"embeddable":true,"href":"https:\/\/tech-complex.com\/ca\/wp-json\/wp\/v2\/media\/1521"}],"wp:attachment":[{"href":"https:\/\/tech-complex.com\/ca\/wp-json\/wp\/v2\/media?parent=1675"}],"wp:term":[{"taxonomy":"product_brand","embeddable":true,"href":"https:\/\/tech-complex.com\/ca\/wp-json\/wp\/v2\/product_brand?post=1675"},{"taxonomy":"product_cat","embeddable":true,"href":"https:\/\/tech-complex.com\/ca\/wp-json\/wp\/v2\/product_cat?post=1675"},{"taxonomy":"product_tag","embeddable":true,"href":"https:\/\/tech-complex.com\/ca\/wp-json\/wp\/v2\/product_tag?post=1675"}],"curies":[{"name":"wp","href":"https:\/\/api.w.org\/{rel}","templated":true}]}}