{"id":1678,"date":"2025-01-20T14:48:23","date_gmt":"2025-01-20T14:48:23","guid":{"rendered":"https:\/producto\/oleobiotec\/"},"modified":"2025-04-10T14:04:27","modified_gmt":"2025-04-10T14:04:27","slug":"oleobiotec","status":"publish","type":"product","link":"https:\/\/tech-complex.com\/ca\/producto\/oleobiotec\/","title":{"rendered":"OLEOBIOTEC"},"content":{"rendered":"<p>Oleobiotec: Innovaci\u00f3 en nutrici\u00f3 animal<\/p>\n<p>Oleobiotec \u00e9s una gamma de productes sensorials basats en sinergies exclusives entre olis essencials i extractes d&#8217;esp\u00e8cies, com ara orenga, farigola, canyella, gingebre i pebre. Aquesta l\u00ednia d&#8217;additius est\u00e0 dissenyada per interactuar amb la fisiologia de l&#8217;animal de manera integral. <\/p>\n<p>Caracter\u00edstiques principals<\/p>\n<ol>\n<li><strong>Enfocament a la microbiota<\/strong>: La formulaci\u00f3 est\u00e0 concebuda per influir positivament en l&#8217;ecosistema microbi\u00e0 intestinal. Busca promoure l&#8217;equilibri i la diversitat de la microbiota. <\/li>\n<li><strong>Interacci\u00f3 sensorial:<\/strong> Els olis essencials actuen com a principis actius sensorials. Es perceben a trav\u00e9s dels sentits de l&#8217;olfacte i del gust, establint una relaci\u00f3 directa amb el cervell. <\/li>\n<li><strong>Suport a la funci\u00f3 digestiva<\/strong>: Les esp\u00e8cies incloses a la f\u00f3rmula estan seleccionades pel seu potencial per afavorir el bon funcionament del sistema digestiu. Poden influir en aspectes com ara la motilitat g\u00e0strica i l&#8217;alliberament d&#8217;enzims digestius. <\/li>\n<\/ol>\n<p>Enfocament hol\u00edstic<\/p>\n<p>Oleobiotec es basa en el concepte de l&#8217;eix microbiota-intest\u00ed-cervell, buscant optimitzar la salut i el funcionament integral de l&#8217;organisme a trav\u00e9s d&#8217;aquesta interconnexi\u00f3 fisiol\u00f2gica.<\/p>\n<p>Aquesta aproximaci\u00f3 a la nutrici\u00f3 animal representa un enfocament innovador que considera m\u00faltiples aspectes de la salut i el funcionament de lorganisme, promovent una millor regulaci\u00f3 dels processos biol\u00f2gics.<\/p>\n","protected":false},"excerpt":{"rendered":"<p>Barreja sin\u00e8rgica d&#8217;olis essencials i esp\u00e8cies per millorar l&#8217;efici\u00e8ncia aliment\u00e0ria en monog\u00e0strics<\/p>\n","protected":false},"featured_media":1508,"comment_status":"closed","ping_status":"closed","template":"","meta":{"_et_pb_use_builder":"","_et_pb_old_content":"","_et_gb_content_width":""},"product_brand":[],"product_cat":[118],"product_tag":[],"class_list":{"0":"post-1678","1":"product","2":"type-product","3":"status-publish","4":"has-post-thumbnail","6":"product_cat-sense-categoritzar","8":"first","9":"instock","10":"purchasable","11":"product-type-simple"},"yoast_head":"<!-- This site is optimized with the Yoast SEO plugin v27.4 - https:\/\/yoast.com\/product\/yoast-seo-wordpress\/ -->\n<title>OLEOBIOTEC - TECH-COMPLEX<\/title>\n<meta name=\"robots\" content=\"index, follow, max-snippet:-1, max-image-preview:large, max-video-preview:-1\" \/>\n<link rel=\"canonical\" href=\"https:\/\/tech-complex.com\/producto\/oleobiotec\/\" \/>\n<meta property=\"og:locale\" content=\"ca_ES\" \/>\n<meta property=\"og:type\" content=\"article\" \/>\n<meta property=\"og:title\" content=\"OLEOBIOTEC - TECH-COMPLEX\" \/>\n<meta property=\"og:description\" content=\"Barreja sin\u00e8rgica d&#039;olis essencials i esp\u00e8cies per millorar l&#039;efici\u00e8ncia aliment\u00e0ria en monog\u00e0strics\" \/>\n<meta property=\"og:url\" content=\"https:\/\/tech-complex.com\/producto\/oleobiotec\/\" \/>\n<meta property=\"og:site_name\" content=\"TECH-COMPLEX\" \/>\n<meta property=\"article:modified_time\" content=\"2025-04-10T14:04:27+00:00\" \/>\n<meta property=\"og:image\" content=\"https:\/\/tech-complex.com\/wp-content\/uploads\/2025\/01\/cerdos.jpg\" \/>\n\t<meta property=\"og:image:width\" content=\"1500\" \/>\n\t<meta property=\"og:image:height\" content=\"1000\" \/>\n\t<meta property=\"og:image:type\" content=\"image\/jpeg\" \/>\n<meta name=\"twitter:card\" content=\"summary_large_image\" \/>\n<meta name=\"twitter:label1\" content=\"Temps estimat de lectura\" \/>\n\t<meta name=\"twitter:data1\" content=\"1 minut\" \/>\n<script type=\"application\/ld+json\" class=\"yoast-schema-graph\">{\"@context\":\"https:\\\/\\\/schema.org\",\"@graph\":[{\"@type\":\"WebPage\",\"@id\":\"https:\\\/\\\/tech-complex.com\\\/producto\\\/oleobiotec\\\/\",\"url\":\"https:\\\/\\\/tech-complex.com\\\/producto\\\/oleobiotec\\\/\",\"name\":\"OLEOBIOTEC - TECH-COMPLEX\",\"isPartOf\":{\"@id\":\"https:\\\/\\\/www.tech-complex.com\\\/#website\"},\"primaryImageOfPage\":{\"@id\":\"https:\\\/\\\/tech-complex.com\\\/producto\\\/oleobiotec\\\/#primaryimage\"},\"image\":{\"@id\":\"https:\\\/\\\/tech-complex.com\\\/producto\\\/oleobiotec\\\/#primaryimage\"},\"thumbnailUrl\":\"https:\\\/\\\/tech-complex.com\\\/wp-content\\\/uploads\\\/2025\\\/01\\\/cerdos.jpg\",\"datePublished\":\"2025-01-20T14:48:23+00:00\",\"dateModified\":\"2025-04-10T14:04:27+00:00\",\"breadcrumb\":{\"@id\":\"https:\\\/\\\/tech-complex.com\\\/producto\\\/oleobiotec\\\/#breadcrumb\"},\"inLanguage\":\"ca\",\"potentialAction\":[{\"@type\":\"ReadAction\",\"target\":[\"https:\\\/\\\/tech-complex.com\\\/producto\\\/oleobiotec\\\/\"]}]},{\"@type\":\"ImageObject\",\"inLanguage\":\"ca\",\"@id\":\"https:\\\/\\\/tech-complex.com\\\/producto\\\/oleobiotec\\\/#primaryimage\",\"url\":\"https:\\\/\\\/tech-complex.com\\\/wp-content\\\/uploads\\\/2025\\\/01\\\/cerdos.jpg\",\"contentUrl\":\"https:\\\/\\\/tech-complex.com\\\/wp-content\\\/uploads\\\/2025\\\/01\\\/cerdos.jpg\",\"width\":1500,\"height\":1000},{\"@type\":\"BreadcrumbList\",\"@id\":\"https:\\\/\\\/tech-complex.com\\\/producto\\\/oleobiotec\\\/#breadcrumb\",\"itemListElement\":[{\"@type\":\"ListItem\",\"position\":1,\"name\":\"Portada\",\"item\":\"https:\\\/\\\/tech-complex.com\\\/ca\\\/\"},{\"@type\":\"ListItem\",\"position\":2,\"name\":\"Productes-tenda\",\"item\":\"https:\\\/\\\/www.tech-complex.com\\\/ca\\\/productes-tenda\\\/\"},{\"@type\":\"ListItem\",\"position\":3,\"name\":\"OLEOBIOTEC\"}]},{\"@type\":\"WebSite\",\"@id\":\"https:\\\/\\\/www.tech-complex.com\\\/#website\",\"url\":\"https:\\\/\\\/www.tech-complex.com\\\/\",\"name\":\"TECH-COMPLEX\",\"description\":\"Soluciones nutricionales para el bienestar animal\",\"publisher\":{\"@id\":\"https:\\\/\\\/www.tech-complex.com\\\/#organization\"},\"potentialAction\":[{\"@type\":\"SearchAction\",\"target\":{\"@type\":\"EntryPoint\",\"urlTemplate\":\"https:\\\/\\\/www.tech-complex.com\\\/?s={search_term_string}\"},\"query-input\":{\"@type\":\"PropertyValueSpecification\",\"valueRequired\":true,\"valueName\":\"search_term_string\"}}],\"inLanguage\":\"ca\"},{\"@type\":\"Organization\",\"@id\":\"https:\\\/\\\/www.tech-complex.com\\\/#organization\",\"name\":\"TECH-COMPLEX\",\"url\":\"https:\\\/\\\/www.tech-complex.com\\\/\",\"logo\":{\"@type\":\"ImageObject\",\"inLanguage\":\"ca\",\"@id\":\"https:\\\/\\\/www.tech-complex.com\\\/#\\\/schema\\\/logo\\\/image\\\/\",\"url\":\"https:\\\/\\\/tech-complex.com\\\/wp-content\\\/uploads\\\/2024\\\/12\\\/Logo-TECHCOMPLEX-COLOR.png\",\"contentUrl\":\"https:\\\/\\\/tech-complex.com\\\/wp-content\\\/uploads\\\/2024\\\/12\\\/Logo-TECHCOMPLEX-COLOR.png\",\"width\":2560,\"height\":313,\"caption\":\"TECH-COMPLEX\"},\"image\":{\"@id\":\"https:\\\/\\\/www.tech-complex.com\\\/#\\\/schema\\\/logo\\\/image\\\/\"}}]}<\/script>\n<!-- \/ Yoast SEO plugin. -->","yoast_head_json":{"title":"OLEOBIOTEC - TECH-COMPLEX","robots":{"index":"index","follow":"follow","max-snippet":"max-snippet:-1","max-image-preview":"max-image-preview:large","max-video-preview":"max-video-preview:-1"},"canonical":"https:\/\/tech-complex.com\/producto\/oleobiotec\/","og_locale":"ca_ES","og_type":"article","og_title":"OLEOBIOTEC - TECH-COMPLEX","og_description":"Barreja sin\u00e8rgica d'olis essencials i esp\u00e8cies per millorar l'efici\u00e8ncia aliment\u00e0ria en monog\u00e0strics","og_url":"https:\/\/tech-complex.com\/producto\/oleobiotec\/","og_site_name":"TECH-COMPLEX","article_modified_time":"2025-04-10T14:04:27+00:00","og_image":[{"width":1500,"height":1000,"url":"https:\/\/tech-complex.com\/wp-content\/uploads\/2025\/01\/cerdos.jpg","type":"image\/jpeg"}],"twitter_card":"summary_large_image","twitter_misc":{"Temps estimat de lectura":"1 minut"},"schema":{"@context":"https:\/\/schema.org","@graph":[{"@type":"WebPage","@id":"https:\/\/tech-complex.com\/producto\/oleobiotec\/","url":"https:\/\/tech-complex.com\/producto\/oleobiotec\/","name":"OLEOBIOTEC - TECH-COMPLEX","isPartOf":{"@id":"https:\/\/www.tech-complex.com\/#website"},"primaryImageOfPage":{"@id":"https:\/\/tech-complex.com\/producto\/oleobiotec\/#primaryimage"},"image":{"@id":"https:\/\/tech-complex.com\/producto\/oleobiotec\/#primaryimage"},"thumbnailUrl":"https:\/\/tech-complex.com\/wp-content\/uploads\/2025\/01\/cerdos.jpg","datePublished":"2025-01-20T14:48:23+00:00","dateModified":"2025-04-10T14:04:27+00:00","breadcrumb":{"@id":"https:\/\/tech-complex.com\/producto\/oleobiotec\/#breadcrumb"},"inLanguage":"ca","potentialAction":[{"@type":"ReadAction","target":["https:\/\/tech-complex.com\/producto\/oleobiotec\/"]}]},{"@type":"ImageObject","inLanguage":"ca","@id":"https:\/\/tech-complex.com\/producto\/oleobiotec\/#primaryimage","url":"https:\/\/tech-complex.com\/wp-content\/uploads\/2025\/01\/cerdos.jpg","contentUrl":"https:\/\/tech-complex.com\/wp-content\/uploads\/2025\/01\/cerdos.jpg","width":1500,"height":1000},{"@type":"BreadcrumbList","@id":"https:\/\/tech-complex.com\/producto\/oleobiotec\/#breadcrumb","itemListElement":[{"@type":"ListItem","position":1,"name":"Portada","item":"https:\/\/tech-complex.com\/ca\/"},{"@type":"ListItem","position":2,"name":"Productes-tenda","item":"https:\/\/www.tech-complex.com\/ca\/productes-tenda\/"},{"@type":"ListItem","position":3,"name":"OLEOBIOTEC"}]},{"@type":"WebSite","@id":"https:\/\/www.tech-complex.com\/#website","url":"https:\/\/www.tech-complex.com\/","name":"TECH-COMPLEX","description":"Soluciones nutricionales para el bienestar animal","publisher":{"@id":"https:\/\/www.tech-complex.com\/#organization"},"potentialAction":[{"@type":"SearchAction","target":{"@type":"EntryPoint","urlTemplate":"https:\/\/www.tech-complex.com\/?s={search_term_string}"},"query-input":{"@type":"PropertyValueSpecification","valueRequired":true,"valueName":"search_term_string"}}],"inLanguage":"ca"},{"@type":"Organization","@id":"https:\/\/www.tech-complex.com\/#organization","name":"TECH-COMPLEX","url":"https:\/\/www.tech-complex.com\/","logo":{"@type":"ImageObject","inLanguage":"ca","@id":"https:\/\/www.tech-complex.com\/#\/schema\/logo\/image\/","url":"https:\/\/tech-complex.com\/wp-content\/uploads\/2024\/12\/Logo-TECHCOMPLEX-COLOR.png","contentUrl":"https:\/\/tech-complex.com\/wp-content\/uploads\/2024\/12\/Logo-TECHCOMPLEX-COLOR.png","width":2560,"height":313,"caption":"TECH-COMPLEX"},"image":{"@id":"https:\/\/www.tech-complex.com\/#\/schema\/logo\/image\/"}}]}},"_links":{"self":[{"href":"https:\/\/tech-complex.com\/ca\/wp-json\/wp\/v2\/product\/1678","targetHints":{"allow":["GET"]}}],"collection":[{"href":"https:\/\/tech-complex.com\/ca\/wp-json\/wp\/v2\/product"}],"about":[{"href":"https:\/\/tech-complex.com\/ca\/wp-json\/wp\/v2\/types\/product"}],"replies":[{"embeddable":true,"href":"https:\/\/tech-complex.com\/ca\/wp-json\/wp\/v2\/comments?post=1678"}],"wp:featuredmedia":[{"embeddable":true,"href":"https:\/\/tech-complex.com\/ca\/wp-json\/wp\/v2\/media\/1508"}],"wp:attachment":[{"href":"https:\/\/tech-complex.com\/ca\/wp-json\/wp\/v2\/media?parent=1678"}],"wp:term":[{"taxonomy":"product_brand","embeddable":true,"href":"https:\/\/tech-complex.com\/ca\/wp-json\/wp\/v2\/product_brand?post=1678"},{"taxonomy":"product_cat","embeddable":true,"href":"https:\/\/tech-complex.com\/ca\/wp-json\/wp\/v2\/product_cat?post=1678"},{"taxonomy":"product_tag","embeddable":true,"href":"https:\/\/tech-complex.com\/ca\/wp-json\/wp\/v2\/product_tag?post=1678"}],"curies":[{"name":"wp","href":"https:\/\/api.w.org\/{rel}","templated":true}]}}