{"id":1679,"date":"2025-01-20T14:48:23","date_gmt":"2025-01-20T14:48:23","guid":{"rendered":"https:\/producto\/oleobiotec-ruminant\/"},"modified":"2025-04-10T14:07:41","modified_gmt":"2025-04-10T14:07:41","slug":"oleobiotec-ruminant","status":"publish","type":"product","link":"https:\/\/tech-complex.com\/ca\/producto\/oleobiotec-ruminant\/","title":{"rendered":"OLEOBIOTEC RUMINANT"},"content":{"rendered":"<p class=\"my-0\"><strong>Oleobiotec: La clau per a una ramaderia m\u00e9s eficient i saludable<\/strong><\/p>\n<p class=\"my-0\">Oleobiotec \u00e9s una innovadora l\u00ednia de productes sensorials que combina les sinergies exclusives d&#8217;olis essencials i extractes d&#8217;esp\u00e8cies com orenga, farigola, canyella, gingebre i pebre. El nostre objectiu \u00e9s optimitzar la microbiota intestinal de l&#8217;animal, afavorint aix\u00ed l&#8217;eix microbiota-intest\u00ed-cervell. Aquesta interacci\u00f3 sin\u00e8rgica afavoreix l&#8217;home\u00f2stasi fisiol\u00f2gica i millora els par\u00e0metres productius mitjan\u00e7ant una regulaci\u00f3 neuroendocrina i immunol\u00f2gica m\u00e9s eficient.  <\/p>\n<p class=\"my-0\"><strong>Beneficis destacats:<\/strong><\/p>\n<ol>\n<li class=\"my-0\">Optimitza el consum de pinso i maximitza la productivitat a la ramaderia.<\/li>\n<li class=\"my-0\">Activaci\u00f3 sensorial enriquidora: Els olis essencials estimulen l&#8217;olfacte i el gust, interactuant directament amb el cervell per millorar la palatabilitat.<\/li>\n<li class=\"my-0\">Equilibri microbi\u00e0: Estudis recents confirmen que olis essencials com la farigola i l&#8217;orenga afavoreixen un equilibri i diversitat microbiana intestinal \u00f2ptims.<\/li>\n<li class=\"my-0\">Funci\u00f3 digestiva optimitzada: Les esp\u00e8cies estimulen la motilitat g\u00e0strica i l&#8217;alliberament d&#8217;enzims digestius, millorant significativament la salut intestinal.<\/li>\n<\/ol>\n<p class=\"my-0\">La incorporaci\u00f3 d&#8217;Oleobiotec en les estrat\u00e8gies d&#8217;alimentaci\u00f3 animal potencia la funcionalitat fisiol\u00f2gica i l&#8217;estat general dels animals, alhora que promou la sostenibilitat i efici\u00e8ncia en la producci\u00f3 ramadera. intensiva, oferint una soluci\u00f3 integral que harmonitza el benestar animal amb les pr\u00e0ctiques ramaderes sostenibles.  <\/p>\n","protected":false},"excerpt":{"rendered":"<p>Barreja sin\u00e8rgica d&#8217;olis essencials i esp\u00e8cies per millorar l&#8217;efici\u00e8ncia aliment\u00e0ria en remugants<\/p>\n","protected":false},"featured_media":1819,"comment_status":"closed","ping_status":"closed","template":"","meta":{"_et_pb_use_builder":"","_et_pb_old_content":"","_et_gb_content_width":""},"product_brand":[],"product_cat":[118],"product_tag":[],"class_list":{"0":"post-1679","1":"product","2":"type-product","3":"status-publish","4":"has-post-thumbnail","6":"product_cat-sense-categoritzar","8":"first","9":"instock","10":"purchasable","11":"product-type-simple"},"yoast_head":"<!-- This site is optimized with the Yoast SEO plugin v27.4 - https:\/\/yoast.com\/product\/yoast-seo-wordpress\/ -->\n<title>OLEOBIOTEC RUMINANT - TECH-COMPLEX<\/title>\n<meta name=\"robots\" content=\"index, follow, max-snippet:-1, max-image-preview:large, max-video-preview:-1\" \/>\n<link rel=\"canonical\" href=\"https:\/\/tech-complex.com\/ca\/producto\/oleobiotec-ruminant\/\" \/>\n<meta property=\"og:locale\" content=\"ca_ES\" \/>\n<meta property=\"og:type\" content=\"article\" \/>\n<meta property=\"og:title\" content=\"OLEOBIOTEC RUMINANT - TECH-COMPLEX\" \/>\n<meta property=\"og:description\" content=\"Barreja sin\u00e8rgica d&#039;olis essencials i esp\u00e8cies per millorar l&#039;efici\u00e8ncia aliment\u00e0ria en remugants\" \/>\n<meta property=\"og:url\" content=\"https:\/\/tech-complex.com\/ca\/producto\/oleobiotec-ruminant\/\" \/>\n<meta property=\"og:site_name\" content=\"TECH-COMPLEX\" \/>\n<meta property=\"article:modified_time\" content=\"2025-04-10T14:07:41+00:00\" \/>\n<meta property=\"og:image\" content=\"https:\/\/tech-complex.com\/wp-content\/uploads\/2025\/01\/Oleobiotec-Ruminant.png\" \/>\n\t<meta property=\"og:image:width\" content=\"1284\" \/>\n\t<meta property=\"og:image:height\" content=\"863\" \/>\n\t<meta property=\"og:image:type\" content=\"image\/png\" \/>\n<meta name=\"twitter:card\" content=\"summary_large_image\" \/>\n<meta name=\"twitter:label1\" content=\"Temps estimat de lectura\" \/>\n\t<meta name=\"twitter:data1\" content=\"1 minut\" \/>\n<script type=\"application\/ld+json\" class=\"yoast-schema-graph\">{\"@context\":\"https:\\\/\\\/schema.org\",\"@graph\":[{\"@type\":\"WebPage\",\"@id\":\"https:\\\/\\\/tech-complex.com\\\/ca\\\/producto\\\/oleobiotec-ruminant\\\/\",\"url\":\"https:\\\/\\\/tech-complex.com\\\/ca\\\/producto\\\/oleobiotec-ruminant\\\/\",\"name\":\"OLEOBIOTEC RUMINANT - TECH-COMPLEX\",\"isPartOf\":{\"@id\":\"https:\\\/\\\/www.tech-complex.com\\\/#website\"},\"primaryImageOfPage\":{\"@id\":\"https:\\\/\\\/tech-complex.com\\\/ca\\\/producto\\\/oleobiotec-ruminant\\\/#primaryimage\"},\"image\":{\"@id\":\"https:\\\/\\\/tech-complex.com\\\/ca\\\/producto\\\/oleobiotec-ruminant\\\/#primaryimage\"},\"thumbnailUrl\":\"https:\\\/\\\/tech-complex.com\\\/wp-content\\\/uploads\\\/2025\\\/01\\\/Oleobiotec-Ruminant.png\",\"datePublished\":\"2025-01-20T14:48:23+00:00\",\"dateModified\":\"2025-04-10T14:07:41+00:00\",\"breadcrumb\":{\"@id\":\"https:\\\/\\\/tech-complex.com\\\/ca\\\/producto\\\/oleobiotec-ruminant\\\/#breadcrumb\"},\"inLanguage\":\"ca\",\"potentialAction\":[{\"@type\":\"ReadAction\",\"target\":[\"https:\\\/\\\/tech-complex.com\\\/ca\\\/producto\\\/oleobiotec-ruminant\\\/\"]}]},{\"@type\":\"ImageObject\",\"inLanguage\":\"ca\",\"@id\":\"https:\\\/\\\/tech-complex.com\\\/ca\\\/producto\\\/oleobiotec-ruminant\\\/#primaryimage\",\"url\":\"https:\\\/\\\/tech-complex.com\\\/wp-content\\\/uploads\\\/2025\\\/01\\\/Oleobiotec-Ruminant.png\",\"contentUrl\":\"https:\\\/\\\/tech-complex.com\\\/wp-content\\\/uploads\\\/2025\\\/01\\\/Oleobiotec-Ruminant.png\",\"width\":1284,\"height\":863},{\"@type\":\"BreadcrumbList\",\"@id\":\"https:\\\/\\\/tech-complex.com\\\/ca\\\/producto\\\/oleobiotec-ruminant\\\/#breadcrumb\",\"itemListElement\":[{\"@type\":\"ListItem\",\"position\":1,\"name\":\"Portada\",\"item\":\"https:\\\/\\\/tech-complex.com\\\/ca\\\/\"},{\"@type\":\"ListItem\",\"position\":2,\"name\":\"Productes-tenda\",\"item\":\"https:\\\/\\\/www.tech-complex.com\\\/ca\\\/productes-tenda\\\/\"},{\"@type\":\"ListItem\",\"position\":3,\"name\":\"OLEOBIOTEC RUMINANT\"}]},{\"@type\":\"WebSite\",\"@id\":\"https:\\\/\\\/www.tech-complex.com\\\/#website\",\"url\":\"https:\\\/\\\/www.tech-complex.com\\\/\",\"name\":\"TECH-COMPLEX\",\"description\":\"Soluciones nutricionales para el bienestar animal\",\"publisher\":{\"@id\":\"https:\\\/\\\/www.tech-complex.com\\\/#organization\"},\"potentialAction\":[{\"@type\":\"SearchAction\",\"target\":{\"@type\":\"EntryPoint\",\"urlTemplate\":\"https:\\\/\\\/www.tech-complex.com\\\/?s={search_term_string}\"},\"query-input\":{\"@type\":\"PropertyValueSpecification\",\"valueRequired\":true,\"valueName\":\"search_term_string\"}}],\"inLanguage\":\"ca\"},{\"@type\":\"Organization\",\"@id\":\"https:\\\/\\\/www.tech-complex.com\\\/#organization\",\"name\":\"TECH-COMPLEX\",\"url\":\"https:\\\/\\\/www.tech-complex.com\\\/\",\"logo\":{\"@type\":\"ImageObject\",\"inLanguage\":\"ca\",\"@id\":\"https:\\\/\\\/www.tech-complex.com\\\/#\\\/schema\\\/logo\\\/image\\\/\",\"url\":\"https:\\\/\\\/tech-complex.com\\\/wp-content\\\/uploads\\\/2024\\\/12\\\/Logo-TECHCOMPLEX-COLOR.png\",\"contentUrl\":\"https:\\\/\\\/tech-complex.com\\\/wp-content\\\/uploads\\\/2024\\\/12\\\/Logo-TECHCOMPLEX-COLOR.png\",\"width\":2560,\"height\":313,\"caption\":\"TECH-COMPLEX\"},\"image\":{\"@id\":\"https:\\\/\\\/www.tech-complex.com\\\/#\\\/schema\\\/logo\\\/image\\\/\"}}]}<\/script>\n<!-- \/ Yoast SEO plugin. -->","yoast_head_json":{"title":"OLEOBIOTEC RUMINANT - TECH-COMPLEX","robots":{"index":"index","follow":"follow","max-snippet":"max-snippet:-1","max-image-preview":"max-image-preview:large","max-video-preview":"max-video-preview:-1"},"canonical":"https:\/\/tech-complex.com\/ca\/producto\/oleobiotec-ruminant\/","og_locale":"ca_ES","og_type":"article","og_title":"OLEOBIOTEC RUMINANT - TECH-COMPLEX","og_description":"Barreja sin\u00e8rgica d'olis essencials i esp\u00e8cies per millorar l'efici\u00e8ncia aliment\u00e0ria en remugants","og_url":"https:\/\/tech-complex.com\/ca\/producto\/oleobiotec-ruminant\/","og_site_name":"TECH-COMPLEX","article_modified_time":"2025-04-10T14:07:41+00:00","og_image":[{"width":1284,"height":863,"url":"https:\/\/tech-complex.com\/wp-content\/uploads\/2025\/01\/Oleobiotec-Ruminant.png","type":"image\/png"}],"twitter_card":"summary_large_image","twitter_misc":{"Temps estimat de lectura":"1 minut"},"schema":{"@context":"https:\/\/schema.org","@graph":[{"@type":"WebPage","@id":"https:\/\/tech-complex.com\/ca\/producto\/oleobiotec-ruminant\/","url":"https:\/\/tech-complex.com\/ca\/producto\/oleobiotec-ruminant\/","name":"OLEOBIOTEC RUMINANT - TECH-COMPLEX","isPartOf":{"@id":"https:\/\/www.tech-complex.com\/#website"},"primaryImageOfPage":{"@id":"https:\/\/tech-complex.com\/ca\/producto\/oleobiotec-ruminant\/#primaryimage"},"image":{"@id":"https:\/\/tech-complex.com\/ca\/producto\/oleobiotec-ruminant\/#primaryimage"},"thumbnailUrl":"https:\/\/tech-complex.com\/wp-content\/uploads\/2025\/01\/Oleobiotec-Ruminant.png","datePublished":"2025-01-20T14:48:23+00:00","dateModified":"2025-04-10T14:07:41+00:00","breadcrumb":{"@id":"https:\/\/tech-complex.com\/ca\/producto\/oleobiotec-ruminant\/#breadcrumb"},"inLanguage":"ca","potentialAction":[{"@type":"ReadAction","target":["https:\/\/tech-complex.com\/ca\/producto\/oleobiotec-ruminant\/"]}]},{"@type":"ImageObject","inLanguage":"ca","@id":"https:\/\/tech-complex.com\/ca\/producto\/oleobiotec-ruminant\/#primaryimage","url":"https:\/\/tech-complex.com\/wp-content\/uploads\/2025\/01\/Oleobiotec-Ruminant.png","contentUrl":"https:\/\/tech-complex.com\/wp-content\/uploads\/2025\/01\/Oleobiotec-Ruminant.png","width":1284,"height":863},{"@type":"BreadcrumbList","@id":"https:\/\/tech-complex.com\/ca\/producto\/oleobiotec-ruminant\/#breadcrumb","itemListElement":[{"@type":"ListItem","position":1,"name":"Portada","item":"https:\/\/tech-complex.com\/ca\/"},{"@type":"ListItem","position":2,"name":"Productes-tenda","item":"https:\/\/www.tech-complex.com\/ca\/productes-tenda\/"},{"@type":"ListItem","position":3,"name":"OLEOBIOTEC RUMINANT"}]},{"@type":"WebSite","@id":"https:\/\/www.tech-complex.com\/#website","url":"https:\/\/www.tech-complex.com\/","name":"TECH-COMPLEX","description":"Soluciones nutricionales para el bienestar animal","publisher":{"@id":"https:\/\/www.tech-complex.com\/#organization"},"potentialAction":[{"@type":"SearchAction","target":{"@type":"EntryPoint","urlTemplate":"https:\/\/www.tech-complex.com\/?s={search_term_string}"},"query-input":{"@type":"PropertyValueSpecification","valueRequired":true,"valueName":"search_term_string"}}],"inLanguage":"ca"},{"@type":"Organization","@id":"https:\/\/www.tech-complex.com\/#organization","name":"TECH-COMPLEX","url":"https:\/\/www.tech-complex.com\/","logo":{"@type":"ImageObject","inLanguage":"ca","@id":"https:\/\/www.tech-complex.com\/#\/schema\/logo\/image\/","url":"https:\/\/tech-complex.com\/wp-content\/uploads\/2024\/12\/Logo-TECHCOMPLEX-COLOR.png","contentUrl":"https:\/\/tech-complex.com\/wp-content\/uploads\/2024\/12\/Logo-TECHCOMPLEX-COLOR.png","width":2560,"height":313,"caption":"TECH-COMPLEX"},"image":{"@id":"https:\/\/www.tech-complex.com\/#\/schema\/logo\/image\/"}}]}},"_links":{"self":[{"href":"https:\/\/tech-complex.com\/ca\/wp-json\/wp\/v2\/product\/1679","targetHints":{"allow":["GET"]}}],"collection":[{"href":"https:\/\/tech-complex.com\/ca\/wp-json\/wp\/v2\/product"}],"about":[{"href":"https:\/\/tech-complex.com\/ca\/wp-json\/wp\/v2\/types\/product"}],"replies":[{"embeddable":true,"href":"https:\/\/tech-complex.com\/ca\/wp-json\/wp\/v2\/comments?post=1679"}],"wp:featuredmedia":[{"embeddable":true,"href":"https:\/\/tech-complex.com\/ca\/wp-json\/wp\/v2\/media\/1819"}],"wp:attachment":[{"href":"https:\/\/tech-complex.com\/ca\/wp-json\/wp\/v2\/media?parent=1679"}],"wp:term":[{"taxonomy":"product_brand","embeddable":true,"href":"https:\/\/tech-complex.com\/ca\/wp-json\/wp\/v2\/product_brand?post=1679"},{"taxonomy":"product_cat","embeddable":true,"href":"https:\/\/tech-complex.com\/ca\/wp-json\/wp\/v2\/product_cat?post=1679"},{"taxonomy":"product_tag","embeddable":true,"href":"https:\/\/tech-complex.com\/ca\/wp-json\/wp\/v2\/product_tag?post=1679"}],"curies":[{"name":"wp","href":"https:\/\/api.w.org\/{rel}","templated":true}]}}