{"id":1682,"date":"2025-01-20T14:48:23","date_gmt":"2025-01-20T14:48:23","guid":{"rendered":"https:\/producto\/maxims\/"},"modified":"2025-04-10T13:49:20","modified_gmt":"2025-04-10T13:49:20","slug":"maximos","status":"publish","type":"product","link":"https:\/\/tech-complex.com\/ca\/producto\/maximos\/","title":{"rendered":"MAXIMOS"},"content":{"rendered":"<p class=\"my-0\">Parets de llevat d&#8217;alta qualitat derivades de la producci\u00f3 de bioetanol<\/p>\n<p class=\"my-0\">Parets cel\u00b7lulars de llevat obtingudes mitjan\u00e7ant un proc\u00e9s d&#8217;aut\u00f2lisi de llevats recirculats de la ind\u00fastria del bioetanol. Aquestes caracter\u00edstiques confereixen al producte diversos avantatges: <\/p>\n<p><strong>Composici\u00f3 rica en components bioactius<\/strong><\/p>\n<ul class=\"marker:text-textOff list-disc\">\n<li>\n<p class=\"my-0\">Alt contingut en manans i \u03b2-glucans a causa del gruix superior de les parets cel\u00b7lulars dels llevats recirculats.<\/p>\n<\/li>\n<\/ul>\n<p class=\"my-0\"><strong>Beneficis per a la salut animal<\/strong><\/p>\n<ol>\n<li class=\"my-0\">Protecci\u00f3 de la integritat de la barrera intestinal.<\/li>\n<li class=\"my-0\">Regulaci\u00f3 del sistema immunol\u00f2gic.<\/li>\n<li class=\"my-0\">Capacitat d&#8217;aglutinaci\u00f3 de pat\u00f2gens i adsorci\u00f3 de micotoxines espec\u00edfiques, com la zearalenona<\/li>\n<\/ol>\n<p class=\"my-0\">Aquest enfocament aprofita subproductes de la ind\u00fastria biotecnol\u00f2gica per oferir una soluci\u00f3 nutricional avan\u00e7ada en alimentaci\u00f3 animal, recolzada per evid\u00e8ncia cient\u00edfica sobre els efectes beneficiosos dels components de la paret cel\u00b7lular de llevat.<\/p>\n","protected":false},"excerpt":{"rendered":"<p>Parets de llevats<\/p>\n","protected":false},"featured_media":1856,"comment_status":"closed","ping_status":"closed","template":"","meta":{"_et_pb_use_builder":"","_et_pb_old_content":"","_et_gb_content_width":""},"product_brand":[],"product_cat":[118],"product_tag":[],"class_list":{"0":"post-1682","1":"product","2":"type-product","3":"status-publish","4":"has-post-thumbnail","6":"product_cat-sense-categoritzar","8":"first","9":"instock","10":"purchasable","11":"product-type-simple"},"yoast_head":"<!-- This site is optimized with the Yoast SEO plugin v27.4 - https:\/\/yoast.com\/product\/yoast-seo-wordpress\/ -->\n<title>MAXIMOS - TECH-COMPLEX<\/title>\n<meta name=\"robots\" content=\"index, follow, max-snippet:-1, max-image-preview:large, max-video-preview:-1\" \/>\n<link rel=\"canonical\" href=\"https:\/\/tech-complex.com\/producto\/maximos\/\" \/>\n<meta property=\"og:locale\" content=\"ca_ES\" \/>\n<meta property=\"og:type\" content=\"article\" \/>\n<meta property=\"og:title\" content=\"MAXIMOS - TECH-COMPLEX\" \/>\n<meta property=\"og:description\" content=\"Parets de llevats\" \/>\n<meta property=\"og:url\" content=\"https:\/\/tech-complex.com\/producto\/maximos\/\" \/>\n<meta property=\"og:site_name\" content=\"TECH-COMPLEX\" \/>\n<meta property=\"article:modified_time\" content=\"2025-04-10T13:49:20+00:00\" \/>\n<meta property=\"og:image\" content=\"https:\/\/tech-complex.com\/wp-content\/uploads\/2025\/01\/maximos.png\" \/>\n\t<meta property=\"og:image:width\" content=\"1294\" \/>\n\t<meta property=\"og:image:height\" content=\"829\" \/>\n\t<meta property=\"og:image:type\" content=\"image\/png\" \/>\n<meta name=\"twitter:card\" content=\"summary_large_image\" \/>\n<meta name=\"twitter:label1\" content=\"Temps estimat de lectura\" \/>\n\t<meta name=\"twitter:data1\" content=\"1 minut\" \/>\n<script type=\"application\/ld+json\" class=\"yoast-schema-graph\">{\"@context\":\"https:\\\/\\\/schema.org\",\"@graph\":[{\"@type\":\"WebPage\",\"@id\":\"https:\\\/\\\/tech-complex.com\\\/producto\\\/maximos\\\/\",\"url\":\"https:\\\/\\\/tech-complex.com\\\/producto\\\/maximos\\\/\",\"name\":\"MAXIMOS - TECH-COMPLEX\",\"isPartOf\":{\"@id\":\"https:\\\/\\\/www.tech-complex.com\\\/#website\"},\"primaryImageOfPage\":{\"@id\":\"https:\\\/\\\/tech-complex.com\\\/producto\\\/maximos\\\/#primaryimage\"},\"image\":{\"@id\":\"https:\\\/\\\/tech-complex.com\\\/producto\\\/maximos\\\/#primaryimage\"},\"thumbnailUrl\":\"https:\\\/\\\/tech-complex.com\\\/wp-content\\\/uploads\\\/2025\\\/01\\\/maximos.png\",\"datePublished\":\"2025-01-20T14:48:23+00:00\",\"dateModified\":\"2025-04-10T13:49:20+00:00\",\"breadcrumb\":{\"@id\":\"https:\\\/\\\/tech-complex.com\\\/producto\\\/maximos\\\/#breadcrumb\"},\"inLanguage\":\"ca\",\"potentialAction\":[{\"@type\":\"ReadAction\",\"target\":[\"https:\\\/\\\/tech-complex.com\\\/producto\\\/maximos\\\/\"]}]},{\"@type\":\"ImageObject\",\"inLanguage\":\"ca\",\"@id\":\"https:\\\/\\\/tech-complex.com\\\/producto\\\/maximos\\\/#primaryimage\",\"url\":\"https:\\\/\\\/tech-complex.com\\\/wp-content\\\/uploads\\\/2025\\\/01\\\/maximos.png\",\"contentUrl\":\"https:\\\/\\\/tech-complex.com\\\/wp-content\\\/uploads\\\/2025\\\/01\\\/maximos.png\",\"width\":1294,\"height\":829},{\"@type\":\"BreadcrumbList\",\"@id\":\"https:\\\/\\\/tech-complex.com\\\/producto\\\/maximos\\\/#breadcrumb\",\"itemListElement\":[{\"@type\":\"ListItem\",\"position\":1,\"name\":\"Portada\",\"item\":\"https:\\\/\\\/tech-complex.com\\\/ca\\\/\"},{\"@type\":\"ListItem\",\"position\":2,\"name\":\"Productes-tenda\",\"item\":\"https:\\\/\\\/www.tech-complex.com\\\/ca\\\/productes-tenda\\\/\"},{\"@type\":\"ListItem\",\"position\":3,\"name\":\"MAXIMOS\"}]},{\"@type\":\"WebSite\",\"@id\":\"https:\\\/\\\/www.tech-complex.com\\\/#website\",\"url\":\"https:\\\/\\\/www.tech-complex.com\\\/\",\"name\":\"TECH-COMPLEX\",\"description\":\"Soluciones nutricionales para el bienestar animal\",\"publisher\":{\"@id\":\"https:\\\/\\\/www.tech-complex.com\\\/#organization\"},\"potentialAction\":[{\"@type\":\"SearchAction\",\"target\":{\"@type\":\"EntryPoint\",\"urlTemplate\":\"https:\\\/\\\/www.tech-complex.com\\\/?s={search_term_string}\"},\"query-input\":{\"@type\":\"PropertyValueSpecification\",\"valueRequired\":true,\"valueName\":\"search_term_string\"}}],\"inLanguage\":\"ca\"},{\"@type\":\"Organization\",\"@id\":\"https:\\\/\\\/www.tech-complex.com\\\/#organization\",\"name\":\"TECH-COMPLEX\",\"url\":\"https:\\\/\\\/www.tech-complex.com\\\/\",\"logo\":{\"@type\":\"ImageObject\",\"inLanguage\":\"ca\",\"@id\":\"https:\\\/\\\/www.tech-complex.com\\\/#\\\/schema\\\/logo\\\/image\\\/\",\"url\":\"https:\\\/\\\/tech-complex.com\\\/wp-content\\\/uploads\\\/2024\\\/12\\\/Logo-TECHCOMPLEX-COLOR.png\",\"contentUrl\":\"https:\\\/\\\/tech-complex.com\\\/wp-content\\\/uploads\\\/2024\\\/12\\\/Logo-TECHCOMPLEX-COLOR.png\",\"width\":2560,\"height\":313,\"caption\":\"TECH-COMPLEX\"},\"image\":{\"@id\":\"https:\\\/\\\/www.tech-complex.com\\\/#\\\/schema\\\/logo\\\/image\\\/\"}}]}<\/script>\n<!-- \/ Yoast SEO plugin. -->","yoast_head_json":{"title":"MAXIMOS - TECH-COMPLEX","robots":{"index":"index","follow":"follow","max-snippet":"max-snippet:-1","max-image-preview":"max-image-preview:large","max-video-preview":"max-video-preview:-1"},"canonical":"https:\/\/tech-complex.com\/producto\/maximos\/","og_locale":"ca_ES","og_type":"article","og_title":"MAXIMOS - TECH-COMPLEX","og_description":"Parets de llevats","og_url":"https:\/\/tech-complex.com\/producto\/maximos\/","og_site_name":"TECH-COMPLEX","article_modified_time":"2025-04-10T13:49:20+00:00","og_image":[{"width":1294,"height":829,"url":"https:\/\/tech-complex.com\/wp-content\/uploads\/2025\/01\/maximos.png","type":"image\/png"}],"twitter_card":"summary_large_image","twitter_misc":{"Temps estimat de lectura":"1 minut"},"schema":{"@context":"https:\/\/schema.org","@graph":[{"@type":"WebPage","@id":"https:\/\/tech-complex.com\/producto\/maximos\/","url":"https:\/\/tech-complex.com\/producto\/maximos\/","name":"MAXIMOS - TECH-COMPLEX","isPartOf":{"@id":"https:\/\/www.tech-complex.com\/#website"},"primaryImageOfPage":{"@id":"https:\/\/tech-complex.com\/producto\/maximos\/#primaryimage"},"image":{"@id":"https:\/\/tech-complex.com\/producto\/maximos\/#primaryimage"},"thumbnailUrl":"https:\/\/tech-complex.com\/wp-content\/uploads\/2025\/01\/maximos.png","datePublished":"2025-01-20T14:48:23+00:00","dateModified":"2025-04-10T13:49:20+00:00","breadcrumb":{"@id":"https:\/\/tech-complex.com\/producto\/maximos\/#breadcrumb"},"inLanguage":"ca","potentialAction":[{"@type":"ReadAction","target":["https:\/\/tech-complex.com\/producto\/maximos\/"]}]},{"@type":"ImageObject","inLanguage":"ca","@id":"https:\/\/tech-complex.com\/producto\/maximos\/#primaryimage","url":"https:\/\/tech-complex.com\/wp-content\/uploads\/2025\/01\/maximos.png","contentUrl":"https:\/\/tech-complex.com\/wp-content\/uploads\/2025\/01\/maximos.png","width":1294,"height":829},{"@type":"BreadcrumbList","@id":"https:\/\/tech-complex.com\/producto\/maximos\/#breadcrumb","itemListElement":[{"@type":"ListItem","position":1,"name":"Portada","item":"https:\/\/tech-complex.com\/ca\/"},{"@type":"ListItem","position":2,"name":"Productes-tenda","item":"https:\/\/www.tech-complex.com\/ca\/productes-tenda\/"},{"@type":"ListItem","position":3,"name":"MAXIMOS"}]},{"@type":"WebSite","@id":"https:\/\/www.tech-complex.com\/#website","url":"https:\/\/www.tech-complex.com\/","name":"TECH-COMPLEX","description":"Soluciones nutricionales para el bienestar animal","publisher":{"@id":"https:\/\/www.tech-complex.com\/#organization"},"potentialAction":[{"@type":"SearchAction","target":{"@type":"EntryPoint","urlTemplate":"https:\/\/www.tech-complex.com\/?s={search_term_string}"},"query-input":{"@type":"PropertyValueSpecification","valueRequired":true,"valueName":"search_term_string"}}],"inLanguage":"ca"},{"@type":"Organization","@id":"https:\/\/www.tech-complex.com\/#organization","name":"TECH-COMPLEX","url":"https:\/\/www.tech-complex.com\/","logo":{"@type":"ImageObject","inLanguage":"ca","@id":"https:\/\/www.tech-complex.com\/#\/schema\/logo\/image\/","url":"https:\/\/tech-complex.com\/wp-content\/uploads\/2024\/12\/Logo-TECHCOMPLEX-COLOR.png","contentUrl":"https:\/\/tech-complex.com\/wp-content\/uploads\/2024\/12\/Logo-TECHCOMPLEX-COLOR.png","width":2560,"height":313,"caption":"TECH-COMPLEX"},"image":{"@id":"https:\/\/www.tech-complex.com\/#\/schema\/logo\/image\/"}}]}},"_links":{"self":[{"href":"https:\/\/tech-complex.com\/ca\/wp-json\/wp\/v2\/product\/1682","targetHints":{"allow":["GET"]}}],"collection":[{"href":"https:\/\/tech-complex.com\/ca\/wp-json\/wp\/v2\/product"}],"about":[{"href":"https:\/\/tech-complex.com\/ca\/wp-json\/wp\/v2\/types\/product"}],"replies":[{"embeddable":true,"href":"https:\/\/tech-complex.com\/ca\/wp-json\/wp\/v2\/comments?post=1682"}],"wp:featuredmedia":[{"embeddable":true,"href":"https:\/\/tech-complex.com\/ca\/wp-json\/wp\/v2\/media\/1856"}],"wp:attachment":[{"href":"https:\/\/tech-complex.com\/ca\/wp-json\/wp\/v2\/media?parent=1682"}],"wp:term":[{"taxonomy":"product_brand","embeddable":true,"href":"https:\/\/tech-complex.com\/ca\/wp-json\/wp\/v2\/product_brand?post=1682"},{"taxonomy":"product_cat","embeddable":true,"href":"https:\/\/tech-complex.com\/ca\/wp-json\/wp\/v2\/product_cat?post=1682"},{"taxonomy":"product_tag","embeddable":true,"href":"https:\/\/tech-complex.com\/ca\/wp-json\/wp\/v2\/product_tag?post=1682"}],"curies":[{"name":"wp","href":"https:\/\/api.w.org\/{rel}","templated":true}]}}