{"id":1684,"date":"2025-01-20T14:48:23","date_gmt":"2025-01-20T14:48:23","guid":{"rendered":"https:\/producto\/globafix-globafix-plus\/"},"modified":"2025-04-10T13:54:59","modified_gmt":"2025-04-10T13:54:59","slug":"globafix-globafix-plus","status":"publish","type":"product","link":"https:\/\/tech-complex.com\/ca\/producto\/globafix-globafix-plus\/","title":{"rendered":"GLOBAFIX\/GLOBAFIX PLUS"},"content":{"rendered":"<p>Combinaci\u00f3 \u00fanica d&#8217;argiles HSCAS riques en magnesi amb una alta afinitat d&#8217;uni\u00f3 natural per aflatoxines, tricotecens, ocratoxines i zearalenona. Globafix simplifica l&#8217;elecci\u00f3 d&#8217;un programa de control i maneig de micotoxines efica\u00e7 i eficient, proporcionant una protecci\u00f3 provada in vivo contra les micotoxines.<br \/>\n Globafix Plus \u00e9s la f\u00f3rmula premium de Globafix amb triple acci\u00f3 sin\u00e8rgica de 3 components: argiles HSCAS, carb\u00f3 pirolitzat i parets de llevat per a una adsorci\u00f3 efectiva de micotoxines, endotoxines, protecci\u00f3 intestinal i suport al sistema immune. <\/p>\n","protected":false},"excerpt":{"rendered":"<p>Segrestant micotoxines<\/p>\n","protected":false},"featured_media":1506,"comment_status":"closed","ping_status":"closed","template":"","meta":{"_et_pb_use_builder":"","_et_pb_old_content":"","_et_gb_content_width":""},"product_brand":[],"product_cat":[118],"product_tag":[],"class_list":{"0":"post-1684","1":"product","2":"type-product","3":"status-publish","4":"has-post-thumbnail","6":"product_cat-sense-categoritzar","8":"first","9":"instock","10":"purchasable","11":"product-type-simple"},"yoast_head":"<!-- This site is optimized with the Yoast SEO plugin v27.1.1 - https:\/\/yoast.com\/product\/yoast-seo-wordpress\/ -->\n<title>GLOBAFIX\/GLOBAFIX PLUS - TECH-COMPLEX<\/title>\n<meta name=\"robots\" content=\"index, follow, max-snippet:-1, max-image-preview:large, max-video-preview:-1\" \/>\n<link rel=\"canonical\" href=\"https:\/\/www.tech-complex.com\/ca\/producto\/globafix-globafix-plus\/\" \/>\n<meta property=\"og:locale\" content=\"ca_ES\" \/>\n<meta property=\"og:type\" content=\"article\" \/>\n<meta property=\"og:title\" content=\"GLOBAFIX\/GLOBAFIX PLUS - TECH-COMPLEX\" \/>\n<meta property=\"og:description\" content=\"Segrestant micotoxines\" \/>\n<meta property=\"og:url\" content=\"https:\/\/www.tech-complex.com\/ca\/producto\/globafix-globafix-plus\/\" \/>\n<meta property=\"og:site_name\" content=\"TECH-COMPLEX\" \/>\n<meta property=\"article:modified_time\" content=\"2025-04-10T13:54:59+00:00\" \/>\n<meta property=\"og:image\" content=\"https:\/\/www.tech-complex.com\/wp-content\/uploads\/2025\/01\/aflatoxinas.jpg\" \/>\n\t<meta property=\"og:image:width\" content=\"1546\" \/>\n\t<meta property=\"og:image:height\" content=\"866\" \/>\n\t<meta property=\"og:image:type\" content=\"image\/jpeg\" \/>\n<meta name=\"twitter:card\" content=\"summary_large_image\" \/>\n<script type=\"application\/ld+json\" class=\"yoast-schema-graph\">{\"@context\":\"https:\/\/schema.org\",\"@graph\":[{\"@type\":\"WebPage\",\"@id\":\"https:\/\/www.tech-complex.com\/ca\/producto\/globafix-globafix-plus\/\",\"url\":\"https:\/\/www.tech-complex.com\/ca\/producto\/globafix-globafix-plus\/\",\"name\":\"GLOBAFIX\/GLOBAFIX PLUS - TECH-COMPLEX\",\"isPartOf\":{\"@id\":\"https:\/\/www.tech-complex.com\/#website\"},\"primaryImageOfPage\":{\"@id\":\"https:\/\/www.tech-complex.com\/ca\/producto\/globafix-globafix-plus\/#primaryimage\"},\"image\":{\"@id\":\"https:\/\/www.tech-complex.com\/ca\/producto\/globafix-globafix-plus\/#primaryimage\"},\"thumbnailUrl\":\"https:\/\/tech-complex.com\/wp-content\/uploads\/2025\/01\/aflatoxinas.jpg\",\"datePublished\":\"2025-01-20T14:48:23+00:00\",\"dateModified\":\"2025-04-10T13:54:59+00:00\",\"breadcrumb\":{\"@id\":\"https:\/\/www.tech-complex.com\/ca\/producto\/globafix-globafix-plus\/#breadcrumb\"},\"inLanguage\":\"ca\",\"potentialAction\":[{\"@type\":\"ReadAction\",\"target\":[\"https:\/\/www.tech-complex.com\/ca\/producto\/globafix-globafix-plus\/\"]}]},{\"@type\":\"ImageObject\",\"inLanguage\":\"ca\",\"@id\":\"https:\/\/www.tech-complex.com\/ca\/producto\/globafix-globafix-plus\/#primaryimage\",\"url\":\"https:\/\/tech-complex.com\/wp-content\/uploads\/2025\/01\/aflatoxinas.jpg\",\"contentUrl\":\"https:\/\/tech-complex.com\/wp-content\/uploads\/2025\/01\/aflatoxinas.jpg\",\"width\":1546,\"height\":866},{\"@type\":\"BreadcrumbList\",\"@id\":\"https:\/\/www.tech-complex.com\/ca\/producto\/globafix-globafix-plus\/#breadcrumb\",\"itemListElement\":[{\"@type\":\"ListItem\",\"position\":1,\"name\":\"Portada\",\"item\":\"https:\/\/tech-complex.com\/ca\/\"},{\"@type\":\"ListItem\",\"position\":2,\"name\":\"Productes-tenda\",\"item\":\"https:\/\/www.tech-complex.com\/ca\/productes-tenda\/\"},{\"@type\":\"ListItem\",\"position\":3,\"name\":\"GLOBAFIX\/GLOBAFIX PLUS\"}]},{\"@type\":\"WebSite\",\"@id\":\"https:\/\/www.tech-complex.com\/#website\",\"url\":\"https:\/\/www.tech-complex.com\/\",\"name\":\"TECH-COMPLEX\",\"description\":\"Soluciones nutricionales para el bienestar animal\",\"publisher\":{\"@id\":\"https:\/\/www.tech-complex.com\/#organization\"},\"potentialAction\":[{\"@type\":\"SearchAction\",\"target\":{\"@type\":\"EntryPoint\",\"urlTemplate\":\"https:\/\/www.tech-complex.com\/?s={search_term_string}\"},\"query-input\":{\"@type\":\"PropertyValueSpecification\",\"valueRequired\":true,\"valueName\":\"search_term_string\"}}],\"inLanguage\":\"ca\"},{\"@type\":\"Organization\",\"@id\":\"https:\/\/www.tech-complex.com\/#organization\",\"name\":\"TECH-COMPLEX\",\"url\":\"https:\/\/www.tech-complex.com\/\",\"logo\":{\"@type\":\"ImageObject\",\"inLanguage\":\"ca\",\"@id\":\"https:\/\/www.tech-complex.com\/#\/schema\/logo\/image\/\",\"url\":\"https:\/\/tech-complex.com\/wp-content\/uploads\/2024\/12\/Logo-TECHCOMPLEX-COLOR.png\",\"contentUrl\":\"https:\/\/tech-complex.com\/wp-content\/uploads\/2024\/12\/Logo-TECHCOMPLEX-COLOR.png\",\"width\":2560,\"height\":313,\"caption\":\"TECH-COMPLEX\"},\"image\":{\"@id\":\"https:\/\/www.tech-complex.com\/#\/schema\/logo\/image\/\"}}]}<\/script>\n<!-- \/ Yoast SEO plugin. -->","yoast_head_json":{"title":"GLOBAFIX\/GLOBAFIX PLUS - TECH-COMPLEX","robots":{"index":"index","follow":"follow","max-snippet":"max-snippet:-1","max-image-preview":"max-image-preview:large","max-video-preview":"max-video-preview:-1"},"canonical":"https:\/\/www.tech-complex.com\/ca\/producto\/globafix-globafix-plus\/","og_locale":"ca_ES","og_type":"article","og_title":"GLOBAFIX\/GLOBAFIX PLUS - TECH-COMPLEX","og_description":"Segrestant micotoxines","og_url":"https:\/\/www.tech-complex.com\/ca\/producto\/globafix-globafix-plus\/","og_site_name":"TECH-COMPLEX","article_modified_time":"2025-04-10T13:54:59+00:00","og_image":[{"width":1546,"height":866,"url":"https:\/\/www.tech-complex.com\/wp-content\/uploads\/2025\/01\/aflatoxinas.jpg","type":"image\/jpeg"}],"twitter_card":"summary_large_image","schema":{"@context":"https:\/\/schema.org","@graph":[{"@type":"WebPage","@id":"https:\/\/www.tech-complex.com\/ca\/producto\/globafix-globafix-plus\/","url":"https:\/\/www.tech-complex.com\/ca\/producto\/globafix-globafix-plus\/","name":"GLOBAFIX\/GLOBAFIX PLUS - TECH-COMPLEX","isPartOf":{"@id":"https:\/\/www.tech-complex.com\/#website"},"primaryImageOfPage":{"@id":"https:\/\/www.tech-complex.com\/ca\/producto\/globafix-globafix-plus\/#primaryimage"},"image":{"@id":"https:\/\/www.tech-complex.com\/ca\/producto\/globafix-globafix-plus\/#primaryimage"},"thumbnailUrl":"https:\/\/tech-complex.com\/wp-content\/uploads\/2025\/01\/aflatoxinas.jpg","datePublished":"2025-01-20T14:48:23+00:00","dateModified":"2025-04-10T13:54:59+00:00","breadcrumb":{"@id":"https:\/\/www.tech-complex.com\/ca\/producto\/globafix-globafix-plus\/#breadcrumb"},"inLanguage":"ca","potentialAction":[{"@type":"ReadAction","target":["https:\/\/www.tech-complex.com\/ca\/producto\/globafix-globafix-plus\/"]}]},{"@type":"ImageObject","inLanguage":"ca","@id":"https:\/\/www.tech-complex.com\/ca\/producto\/globafix-globafix-plus\/#primaryimage","url":"https:\/\/tech-complex.com\/wp-content\/uploads\/2025\/01\/aflatoxinas.jpg","contentUrl":"https:\/\/tech-complex.com\/wp-content\/uploads\/2025\/01\/aflatoxinas.jpg","width":1546,"height":866},{"@type":"BreadcrumbList","@id":"https:\/\/www.tech-complex.com\/ca\/producto\/globafix-globafix-plus\/#breadcrumb","itemListElement":[{"@type":"ListItem","position":1,"name":"Portada","item":"https:\/\/tech-complex.com\/ca\/"},{"@type":"ListItem","position":2,"name":"Productes-tenda","item":"https:\/\/www.tech-complex.com\/ca\/productes-tenda\/"},{"@type":"ListItem","position":3,"name":"GLOBAFIX\/GLOBAFIX PLUS"}]},{"@type":"WebSite","@id":"https:\/\/www.tech-complex.com\/#website","url":"https:\/\/www.tech-complex.com\/","name":"TECH-COMPLEX","description":"Soluciones nutricionales para el bienestar animal","publisher":{"@id":"https:\/\/www.tech-complex.com\/#organization"},"potentialAction":[{"@type":"SearchAction","target":{"@type":"EntryPoint","urlTemplate":"https:\/\/www.tech-complex.com\/?s={search_term_string}"},"query-input":{"@type":"PropertyValueSpecification","valueRequired":true,"valueName":"search_term_string"}}],"inLanguage":"ca"},{"@type":"Organization","@id":"https:\/\/www.tech-complex.com\/#organization","name":"TECH-COMPLEX","url":"https:\/\/www.tech-complex.com\/","logo":{"@type":"ImageObject","inLanguage":"ca","@id":"https:\/\/www.tech-complex.com\/#\/schema\/logo\/image\/","url":"https:\/\/tech-complex.com\/wp-content\/uploads\/2024\/12\/Logo-TECHCOMPLEX-COLOR.png","contentUrl":"https:\/\/tech-complex.com\/wp-content\/uploads\/2024\/12\/Logo-TECHCOMPLEX-COLOR.png","width":2560,"height":313,"caption":"TECH-COMPLEX"},"image":{"@id":"https:\/\/www.tech-complex.com\/#\/schema\/logo\/image\/"}}]}},"_links":{"self":[{"href":"https:\/\/tech-complex.com\/ca\/wp-json\/wp\/v2\/product\/1684","targetHints":{"allow":["GET"]}}],"collection":[{"href":"https:\/\/tech-complex.com\/ca\/wp-json\/wp\/v2\/product"}],"about":[{"href":"https:\/\/tech-complex.com\/ca\/wp-json\/wp\/v2\/types\/product"}],"replies":[{"embeddable":true,"href":"https:\/\/tech-complex.com\/ca\/wp-json\/wp\/v2\/comments?post=1684"}],"wp:featuredmedia":[{"embeddable":true,"href":"https:\/\/tech-complex.com\/ca\/wp-json\/wp\/v2\/media\/1506"}],"wp:attachment":[{"href":"https:\/\/tech-complex.com\/ca\/wp-json\/wp\/v2\/media?parent=1684"}],"wp:term":[{"taxonomy":"product_brand","embeddable":true,"href":"https:\/\/tech-complex.com\/ca\/wp-json\/wp\/v2\/product_brand?post=1684"},{"taxonomy":"product_cat","embeddable":true,"href":"https:\/\/tech-complex.com\/ca\/wp-json\/wp\/v2\/product_cat?post=1684"},{"taxonomy":"product_tag","embeddable":true,"href":"https:\/\/tech-complex.com\/ca\/wp-json\/wp\/v2\/product_tag?post=1684"}],"curies":[{"name":"wp","href":"https:\/\/api.w.org\/{rel}","templated":true}]}}