{"id":1685,"date":"2025-01-20T14:48:23","date_gmt":"2025-01-20T14:48:23","guid":{"rendered":"https:\/producto\/kalicy-swine\/"},"modified":"2025-04-10T13:54:12","modified_gmt":"2025-04-10T13:54:12","slug":"kalicy-swine","status":"publish","type":"product","link":"https:\/\/tech-complex.com\/ca\/producto\/kalicy-swine\/","title":{"rendered":"KALICY SWINE"},"content":{"rendered":"<p class=\"my-0\">Compost termog\u00e8nic 100% natural amb esp\u00e8cies, que combina capsa\u00efcina i altres principis actius en sinergia. La seva acci\u00f3 neurofisiol\u00f2gica se centra en l&#8217;estimulaci\u00f3 dels receptors TRPV1 (nociceptors) linguals de l&#8217;animal. L&#8217;activaci\u00f3 d&#8217;aquests receptors genera senyals que transmesos pel nervi trigemin al sistema nervi\u00f3s central indueixen respostes fisiol\u00f2giques i comportamentals que atenuen l&#8217;impacte negatiu del malestar t\u00e8rmic en porcs.  <\/p>\n<p class=\"my-0\">Beneficis principals:<\/p>\n<ol>\n<li class=\"my-0\">Optimitzaci\u00f3 de la ingesta de pinso.<\/li>\n<li class=\"my-0\">Increment de les secrecions digestives.<\/li>\n<li class=\"my-0\">Reducci\u00f3 de trastorns intestinals<\/li>\n<\/ol>\n<p class=\"my-0\">La formulaci\u00f3 incorpora una tecnologia gal\u00e8nica innovadora que garanteix una manipulaci\u00f3 segura i eficient a les plantes de producci\u00f3 de pinsos.<\/p>\n","protected":false},"excerpt":{"rendered":"<p>Soluci\u00f3 a base de capsa\u00efcina per optimitzar l&#8217;adaptaci\u00f3 t\u00e8rmica a porcs<\/p>\n","protected":false},"featured_media":1105,"comment_status":"closed","ping_status":"closed","template":"","meta":{"_et_pb_use_builder":"","_et_pb_old_content":"","_et_gb_content_width":""},"product_brand":[],"product_cat":[118],"product_tag":[],"class_list":{"0":"post-1685","1":"product","2":"type-product","3":"status-publish","4":"has-post-thumbnail","6":"product_cat-sense-categoritzar","8":"first","9":"instock","10":"purchasable","11":"product-type-simple"},"yoast_head":"<!-- This site is optimized with the Yoast SEO plugin v27.4 - https:\/\/yoast.com\/product\/yoast-seo-wordpress\/ -->\n<title>KALICY SWINE - TECH-COMPLEX<\/title>\n<meta name=\"robots\" content=\"index, follow, max-snippet:-1, max-image-preview:large, max-video-preview:-1\" \/>\n<link rel=\"canonical\" href=\"https:\/\/www.tech-complex.com\/producto\/kalicy-swine\/\" \/>\n<meta property=\"og:locale\" content=\"ca_ES\" \/>\n<meta property=\"og:type\" content=\"article\" \/>\n<meta property=\"og:title\" content=\"KALICY SWINE - TECH-COMPLEX\" \/>\n<meta property=\"og:description\" content=\"Soluci\u00f3 a base de capsa\u00efcina per optimitzar l&#039;adaptaci\u00f3 t\u00e8rmica a porcs\" \/>\n<meta property=\"og:url\" content=\"https:\/\/www.tech-complex.com\/producto\/kalicy-swine\/\" \/>\n<meta property=\"og:site_name\" content=\"TECH-COMPLEX\" \/>\n<meta property=\"article:modified_time\" content=\"2025-04-10T13:54:12+00:00\" \/>\n<meta property=\"og:image\" content=\"https:\/\/www.tech-complex.com\/wp-content\/uploads\/2025\/01\/tiredPig-sharpen.jpeg\" \/>\n\t<meta property=\"og:image:width\" content=\"896\" \/>\n\t<meta property=\"og:image:height\" content=\"1152\" \/>\n\t<meta property=\"og:image:type\" content=\"image\/jpeg\" \/>\n<meta name=\"twitter:card\" content=\"summary_large_image\" \/>\n<meta name=\"twitter:label1\" content=\"Temps estimat de lectura\" \/>\n\t<meta name=\"twitter:data1\" content=\"1 minut\" \/>\n<script type=\"application\/ld+json\" class=\"yoast-schema-graph\">{\"@context\":\"https:\\\/\\\/schema.org\",\"@graph\":[{\"@type\":\"WebPage\",\"@id\":\"https:\\\/\\\/www.tech-complex.com\\\/producto\\\/kalicy-swine\\\/\",\"url\":\"https:\\\/\\\/www.tech-complex.com\\\/producto\\\/kalicy-swine\\\/\",\"name\":\"KALICY SWINE - TECH-COMPLEX\",\"isPartOf\":{\"@id\":\"https:\\\/\\\/www.tech-complex.com\\\/#website\"},\"primaryImageOfPage\":{\"@id\":\"https:\\\/\\\/www.tech-complex.com\\\/producto\\\/kalicy-swine\\\/#primaryimage\"},\"image\":{\"@id\":\"https:\\\/\\\/www.tech-complex.com\\\/producto\\\/kalicy-swine\\\/#primaryimage\"},\"thumbnailUrl\":\"https:\\\/\\\/tech-complex.com\\\/wp-content\\\/uploads\\\/2025\\\/01\\\/tiredPig-sharpen.jpeg\",\"datePublished\":\"2025-01-20T14:48:23+00:00\",\"dateModified\":\"2025-04-10T13:54:12+00:00\",\"breadcrumb\":{\"@id\":\"https:\\\/\\\/www.tech-complex.com\\\/producto\\\/kalicy-swine\\\/#breadcrumb\"},\"inLanguage\":\"ca\",\"potentialAction\":[{\"@type\":\"ReadAction\",\"target\":[\"https:\\\/\\\/www.tech-complex.com\\\/producto\\\/kalicy-swine\\\/\"]}]},{\"@type\":\"ImageObject\",\"inLanguage\":\"ca\",\"@id\":\"https:\\\/\\\/www.tech-complex.com\\\/producto\\\/kalicy-swine\\\/#primaryimage\",\"url\":\"https:\\\/\\\/tech-complex.com\\\/wp-content\\\/uploads\\\/2025\\\/01\\\/tiredPig-sharpen.jpeg\",\"contentUrl\":\"https:\\\/\\\/tech-complex.com\\\/wp-content\\\/uploads\\\/2025\\\/01\\\/tiredPig-sharpen.jpeg\",\"width\":896,\"height\":1152},{\"@type\":\"BreadcrumbList\",\"@id\":\"https:\\\/\\\/www.tech-complex.com\\\/producto\\\/kalicy-swine\\\/#breadcrumb\",\"itemListElement\":[{\"@type\":\"ListItem\",\"position\":1,\"name\":\"Portada\",\"item\":\"https:\\\/\\\/tech-complex.com\\\/ca\\\/\"},{\"@type\":\"ListItem\",\"position\":2,\"name\":\"Productes-tenda\",\"item\":\"https:\\\/\\\/www.tech-complex.com\\\/ca\\\/productes-tenda\\\/\"},{\"@type\":\"ListItem\",\"position\":3,\"name\":\"KALICY SWINE\"}]},{\"@type\":\"WebSite\",\"@id\":\"https:\\\/\\\/www.tech-complex.com\\\/#website\",\"url\":\"https:\\\/\\\/www.tech-complex.com\\\/\",\"name\":\"TECH-COMPLEX\",\"description\":\"Soluciones nutricionales para el bienestar animal\",\"publisher\":{\"@id\":\"https:\\\/\\\/www.tech-complex.com\\\/#organization\"},\"potentialAction\":[{\"@type\":\"SearchAction\",\"target\":{\"@type\":\"EntryPoint\",\"urlTemplate\":\"https:\\\/\\\/www.tech-complex.com\\\/?s={search_term_string}\"},\"query-input\":{\"@type\":\"PropertyValueSpecification\",\"valueRequired\":true,\"valueName\":\"search_term_string\"}}],\"inLanguage\":\"ca\"},{\"@type\":\"Organization\",\"@id\":\"https:\\\/\\\/www.tech-complex.com\\\/#organization\",\"name\":\"TECH-COMPLEX\",\"url\":\"https:\\\/\\\/www.tech-complex.com\\\/\",\"logo\":{\"@type\":\"ImageObject\",\"inLanguage\":\"ca\",\"@id\":\"https:\\\/\\\/www.tech-complex.com\\\/#\\\/schema\\\/logo\\\/image\\\/\",\"url\":\"https:\\\/\\\/tech-complex.com\\\/wp-content\\\/uploads\\\/2024\\\/12\\\/Logo-TECHCOMPLEX-COLOR.png\",\"contentUrl\":\"https:\\\/\\\/tech-complex.com\\\/wp-content\\\/uploads\\\/2024\\\/12\\\/Logo-TECHCOMPLEX-COLOR.png\",\"width\":2560,\"height\":313,\"caption\":\"TECH-COMPLEX\"},\"image\":{\"@id\":\"https:\\\/\\\/www.tech-complex.com\\\/#\\\/schema\\\/logo\\\/image\\\/\"}}]}<\/script>\n<!-- \/ Yoast SEO plugin. -->","yoast_head_json":{"title":"KALICY SWINE - TECH-COMPLEX","robots":{"index":"index","follow":"follow","max-snippet":"max-snippet:-1","max-image-preview":"max-image-preview:large","max-video-preview":"max-video-preview:-1"},"canonical":"https:\/\/www.tech-complex.com\/producto\/kalicy-swine\/","og_locale":"ca_ES","og_type":"article","og_title":"KALICY SWINE - TECH-COMPLEX","og_description":"Soluci\u00f3 a base de capsa\u00efcina per optimitzar l'adaptaci\u00f3 t\u00e8rmica a porcs","og_url":"https:\/\/www.tech-complex.com\/producto\/kalicy-swine\/","og_site_name":"TECH-COMPLEX","article_modified_time":"2025-04-10T13:54:12+00:00","og_image":[{"width":896,"height":1152,"url":"https:\/\/www.tech-complex.com\/wp-content\/uploads\/2025\/01\/tiredPig-sharpen.jpeg","type":"image\/jpeg"}],"twitter_card":"summary_large_image","twitter_misc":{"Temps estimat de lectura":"1 minut"},"schema":{"@context":"https:\/\/schema.org","@graph":[{"@type":"WebPage","@id":"https:\/\/www.tech-complex.com\/producto\/kalicy-swine\/","url":"https:\/\/www.tech-complex.com\/producto\/kalicy-swine\/","name":"KALICY SWINE - TECH-COMPLEX","isPartOf":{"@id":"https:\/\/www.tech-complex.com\/#website"},"primaryImageOfPage":{"@id":"https:\/\/www.tech-complex.com\/producto\/kalicy-swine\/#primaryimage"},"image":{"@id":"https:\/\/www.tech-complex.com\/producto\/kalicy-swine\/#primaryimage"},"thumbnailUrl":"https:\/\/tech-complex.com\/wp-content\/uploads\/2025\/01\/tiredPig-sharpen.jpeg","datePublished":"2025-01-20T14:48:23+00:00","dateModified":"2025-04-10T13:54:12+00:00","breadcrumb":{"@id":"https:\/\/www.tech-complex.com\/producto\/kalicy-swine\/#breadcrumb"},"inLanguage":"ca","potentialAction":[{"@type":"ReadAction","target":["https:\/\/www.tech-complex.com\/producto\/kalicy-swine\/"]}]},{"@type":"ImageObject","inLanguage":"ca","@id":"https:\/\/www.tech-complex.com\/producto\/kalicy-swine\/#primaryimage","url":"https:\/\/tech-complex.com\/wp-content\/uploads\/2025\/01\/tiredPig-sharpen.jpeg","contentUrl":"https:\/\/tech-complex.com\/wp-content\/uploads\/2025\/01\/tiredPig-sharpen.jpeg","width":896,"height":1152},{"@type":"BreadcrumbList","@id":"https:\/\/www.tech-complex.com\/producto\/kalicy-swine\/#breadcrumb","itemListElement":[{"@type":"ListItem","position":1,"name":"Portada","item":"https:\/\/tech-complex.com\/ca\/"},{"@type":"ListItem","position":2,"name":"Productes-tenda","item":"https:\/\/www.tech-complex.com\/ca\/productes-tenda\/"},{"@type":"ListItem","position":3,"name":"KALICY SWINE"}]},{"@type":"WebSite","@id":"https:\/\/www.tech-complex.com\/#website","url":"https:\/\/www.tech-complex.com\/","name":"TECH-COMPLEX","description":"Soluciones nutricionales para el bienestar animal","publisher":{"@id":"https:\/\/www.tech-complex.com\/#organization"},"potentialAction":[{"@type":"SearchAction","target":{"@type":"EntryPoint","urlTemplate":"https:\/\/www.tech-complex.com\/?s={search_term_string}"},"query-input":{"@type":"PropertyValueSpecification","valueRequired":true,"valueName":"search_term_string"}}],"inLanguage":"ca"},{"@type":"Organization","@id":"https:\/\/www.tech-complex.com\/#organization","name":"TECH-COMPLEX","url":"https:\/\/www.tech-complex.com\/","logo":{"@type":"ImageObject","inLanguage":"ca","@id":"https:\/\/www.tech-complex.com\/#\/schema\/logo\/image\/","url":"https:\/\/tech-complex.com\/wp-content\/uploads\/2024\/12\/Logo-TECHCOMPLEX-COLOR.png","contentUrl":"https:\/\/tech-complex.com\/wp-content\/uploads\/2024\/12\/Logo-TECHCOMPLEX-COLOR.png","width":2560,"height":313,"caption":"TECH-COMPLEX"},"image":{"@id":"https:\/\/www.tech-complex.com\/#\/schema\/logo\/image\/"}}]}},"_links":{"self":[{"href":"https:\/\/tech-complex.com\/ca\/wp-json\/wp\/v2\/product\/1685","targetHints":{"allow":["GET"]}}],"collection":[{"href":"https:\/\/tech-complex.com\/ca\/wp-json\/wp\/v2\/product"}],"about":[{"href":"https:\/\/tech-complex.com\/ca\/wp-json\/wp\/v2\/types\/product"}],"replies":[{"embeddable":true,"href":"https:\/\/tech-complex.com\/ca\/wp-json\/wp\/v2\/comments?post=1685"}],"wp:featuredmedia":[{"embeddable":true,"href":"https:\/\/tech-complex.com\/ca\/wp-json\/wp\/v2\/media\/1105"}],"wp:attachment":[{"href":"https:\/\/tech-complex.com\/ca\/wp-json\/wp\/v2\/media?parent=1685"}],"wp:term":[{"taxonomy":"product_brand","embeddable":true,"href":"https:\/\/tech-complex.com\/ca\/wp-json\/wp\/v2\/product_brand?post=1685"},{"taxonomy":"product_cat","embeddable":true,"href":"https:\/\/tech-complex.com\/ca\/wp-json\/wp\/v2\/product_cat?post=1685"},{"taxonomy":"product_tag","embeddable":true,"href":"https:\/\/tech-complex.com\/ca\/wp-json\/wp\/v2\/product_tag?post=1685"}],"curies":[{"name":"wp","href":"https:\/\/api.w.org\/{rel}","templated":true}]}}