{"id":1695,"date":"2025-01-20T14:48:34","date_gmt":"2025-01-20T14:48:34","guid":{"rendered":"https:\/producto\/thor-full-equip\/"},"modified":"2025-04-10T13:12:23","modified_gmt":"2025-04-10T13:12:23","slug":"thor-full-equip","status":"publish","type":"product","link":"https:\/\/tech-complex.com\/ca\/producto\/thor-full-equip\/","title":{"rendered":"THOR FULL EQUIP"},"content":{"rendered":"<div>\n<div class=\"border-borderMain\/50 ring-borderMain\/50 divide-borderMain\/50 dark:divide-borderMainDark\/50 dark:ring-borderMainDark\/50 dark:border-borderMainDark\/50 bg-transparent\">\n<div class=\"mb-md\">\n<div class=\"relative default font-sans text-base text-textMain dark:text-textMainDark selection:bg-super\/50 selection:text-textMain dark:selection:bg-superDuper\/10 dark:selection:text-superDark\">\n<div class=\"min-w-0 break-words [word-break:break-word]\">\n<div id=\"markdown-content-42\" dir=\"auto\">\n<div class=\"prose text-pretty dark:prose-invert inline leading-normal break-words min-w-0 [word-break:break-word]\">\n<p class=\"my-0\">Thor Full-Equip \u00e9s un innovador activador biol\u00f2gic dissenyat per optimitzar el maneig de purins en explotacions ramaderes. La seva formulaci\u00f3 avan\u00e7ada combina: <\/p>\n<ol>\n<li class=\"my-0\">Bacteris aer\u00f2bies i anaer\u00f2bies: Microorganismes especialitzats que actuen en diferents condicions d&#8217;oxigenaci\u00f3.<\/li>\n<li class=\"my-0\">Enzims: Catalitzadors biol\u00f2gics que acceleren la descomposici\u00f3 de la mat\u00e8ria org\u00e0nica.<\/li>\n<li class=\"my-0\">Nutrients: Components essencials per potenciar lactivitat microbiana.<\/li>\n<\/ol>\n<p class=\"my-0\">Aquesta sinergia d&#8217;ingredients actius proporciona m\u00faltiples beneficis:<\/p>\n<ul>\n<li class=\"my-0\">Flu\u00efdificaci\u00f3 de purins: Trenca les crostes i liqua el pur\u00ed, facilitant el seu maneig i bombament.<\/li>\n<li class=\"my-0\">Reducci\u00f3 d&#8217;olors: Minimitza l&#8217;emissi\u00f3 de compostos vol\u00e0tils pudents.<\/li>\n<li class=\"my-0\">Control d&#8217;insectes: Disminueix la proliferaci\u00f3 de mosques i altres insectes associats als purins.<\/li>\n<li class=\"my-0\">Millora ambiental: contribueix a reduir l&#8217;impacte ambiental de la gesti\u00f3 de residus ramaders.<\/li>\n<li class=\"my-0\">Optimitzaci\u00f3 de nutrients: Transforma el nitrogen amoniacal en prote\u00efna microbiana, millorant el valor fertilitzant del pur\u00ed <span class=\"whitespace-nowrap\">.<\/span><\/li>\n<li class=\"my-0\">Millora de l&#8217;estructura del s\u00f2l: En aplicar el pur\u00ed tractat, s&#8217;afavoreix el desenvolupament de bacteris ed\u00e0fics beneficiosos <span class=\"whitespace-nowrap\">.<\/span><\/li>\n<\/ul>\n<p class=\"my-0\">Thor Full-Equip es presenta en sobres de 250 grams, amb una dosi de tractament de 200 m\u00b3 de pur\u00ed. La seva aplicaci\u00f3 \u00e9s vers\u00e0til, podent dispersar-se directament en fosses, basses, sobre engraellats o en llits i compost <span class=\"whitespace-nowrap\">.<\/span> <\/p>\n<p class=\"my-0\">Aquest producte representa una soluci\u00f3 integral per a la gesti\u00f3 sostenible de purins, millorant les condicions de la granja i contribuint a pr\u00e0ctiques agr\u00edcoles m\u00e9s respectuoses amb el medi ambient.<\/p>\n<\/div>\n<\/div>\n<\/div>\n<\/div>\n<\/div>\n<\/div>\n<\/div>\n","protected":false},"excerpt":{"rendered":"<p>Additiu tecnol\u00f2gic per al pur\u00ed<\/p>\n","protected":false},"featured_media":1282,"comment_status":"closed","ping_status":"closed","template":"","meta":{"_et_pb_use_builder":"","_et_pb_old_content":"","_et_gb_content_width":""},"product_brand":[],"product_cat":[118],"product_tag":[],"class_list":{"0":"post-1695","1":"product","2":"type-product","3":"status-publish","4":"has-post-thumbnail","6":"product_cat-sense-categoritzar","8":"first","9":"instock","10":"purchasable","11":"product-type-simple"},"yoast_head":"<!-- This site is optimized with the Yoast SEO plugin v27.4 - https:\/\/yoast.com\/product\/yoast-seo-wordpress\/ -->\n<title>THOR FULL EQUIP - TECH-COMPLEX<\/title>\n<meta name=\"robots\" content=\"index, follow, max-snippet:-1, max-image-preview:large, max-video-preview:-1\" \/>\n<link rel=\"canonical\" href=\"https:\/\/tech-complex.com\/producto\/thor-full-equip\/\" \/>\n<meta property=\"og:locale\" content=\"ca_ES\" \/>\n<meta property=\"og:type\" content=\"article\" \/>\n<meta property=\"og:title\" content=\"THOR FULL EQUIP - TECH-COMPLEX\" \/>\n<meta property=\"og:description\" content=\"Additiu tecnol\u00f2gic per al pur\u00ed\" \/>\n<meta property=\"og:url\" content=\"https:\/\/tech-complex.com\/producto\/thor-full-equip\/\" \/>\n<meta property=\"og:site_name\" content=\"TECH-COMPLEX\" \/>\n<meta property=\"article:modified_time\" content=\"2025-04-10T13:12:23+00:00\" \/>\n<meta property=\"og:image\" content=\"https:\/\/tech-complex.com\/wp-content\/uploads\/2025\/01\/62e293_37c5db717da94deabf2407ce598ee9a0mv2.webp\" \/>\n\t<meta property=\"og:image:width\" content=\"932\" \/>\n\t<meta property=\"og:image:height\" content=\"932\" \/>\n\t<meta property=\"og:image:type\" content=\"image\/webp\" \/>\n<meta name=\"twitter:card\" content=\"summary_large_image\" \/>\n<meta name=\"twitter:label1\" content=\"Temps estimat de lectura\" \/>\n\t<meta name=\"twitter:data1\" content=\"1 minut\" \/>\n<script type=\"application\/ld+json\" class=\"yoast-schema-graph\">{\"@context\":\"https:\\\/\\\/schema.org\",\"@graph\":[{\"@type\":\"WebPage\",\"@id\":\"https:\\\/\\\/tech-complex.com\\\/producto\\\/thor-full-equip\\\/\",\"url\":\"https:\\\/\\\/tech-complex.com\\\/producto\\\/thor-full-equip\\\/\",\"name\":\"THOR FULL EQUIP - TECH-COMPLEX\",\"isPartOf\":{\"@id\":\"https:\\\/\\\/www.tech-complex.com\\\/#website\"},\"primaryImageOfPage\":{\"@id\":\"https:\\\/\\\/tech-complex.com\\\/producto\\\/thor-full-equip\\\/#primaryimage\"},\"image\":{\"@id\":\"https:\\\/\\\/tech-complex.com\\\/producto\\\/thor-full-equip\\\/#primaryimage\"},\"thumbnailUrl\":\"https:\\\/\\\/tech-complex.com\\\/wp-content\\\/uploads\\\/2025\\\/01\\\/62e293_37c5db717da94deabf2407ce598ee9a0mv2.webp\",\"datePublished\":\"2025-01-20T14:48:34+00:00\",\"dateModified\":\"2025-04-10T13:12:23+00:00\",\"breadcrumb\":{\"@id\":\"https:\\\/\\\/tech-complex.com\\\/producto\\\/thor-full-equip\\\/#breadcrumb\"},\"inLanguage\":\"ca\",\"potentialAction\":[{\"@type\":\"ReadAction\",\"target\":[\"https:\\\/\\\/tech-complex.com\\\/producto\\\/thor-full-equip\\\/\"]}]},{\"@type\":\"ImageObject\",\"inLanguage\":\"ca\",\"@id\":\"https:\\\/\\\/tech-complex.com\\\/producto\\\/thor-full-equip\\\/#primaryimage\",\"url\":\"https:\\\/\\\/tech-complex.com\\\/wp-content\\\/uploads\\\/2025\\\/01\\\/62e293_37c5db717da94deabf2407ce598ee9a0mv2.webp\",\"contentUrl\":\"https:\\\/\\\/tech-complex.com\\\/wp-content\\\/uploads\\\/2025\\\/01\\\/62e293_37c5db717da94deabf2407ce598ee9a0mv2.webp\",\"width\":932,\"height\":932},{\"@type\":\"BreadcrumbList\",\"@id\":\"https:\\\/\\\/tech-complex.com\\\/producto\\\/thor-full-equip\\\/#breadcrumb\",\"itemListElement\":[{\"@type\":\"ListItem\",\"position\":1,\"name\":\"Portada\",\"item\":\"https:\\\/\\\/tech-complex.com\\\/ca\\\/\"},{\"@type\":\"ListItem\",\"position\":2,\"name\":\"Productes-tenda\",\"item\":\"https:\\\/\\\/www.tech-complex.com\\\/ca\\\/productes-tenda\\\/\"},{\"@type\":\"ListItem\",\"position\":3,\"name\":\"THOR FULL EQUIP\"}]},{\"@type\":\"WebSite\",\"@id\":\"https:\\\/\\\/www.tech-complex.com\\\/#website\",\"url\":\"https:\\\/\\\/www.tech-complex.com\\\/\",\"name\":\"TECH-COMPLEX\",\"description\":\"Soluciones nutricionales para el bienestar animal\",\"publisher\":{\"@id\":\"https:\\\/\\\/www.tech-complex.com\\\/#organization\"},\"potentialAction\":[{\"@type\":\"SearchAction\",\"target\":{\"@type\":\"EntryPoint\",\"urlTemplate\":\"https:\\\/\\\/www.tech-complex.com\\\/?s={search_term_string}\"},\"query-input\":{\"@type\":\"PropertyValueSpecification\",\"valueRequired\":true,\"valueName\":\"search_term_string\"}}],\"inLanguage\":\"ca\"},{\"@type\":\"Organization\",\"@id\":\"https:\\\/\\\/www.tech-complex.com\\\/#organization\",\"name\":\"TECH-COMPLEX\",\"url\":\"https:\\\/\\\/www.tech-complex.com\\\/\",\"logo\":{\"@type\":\"ImageObject\",\"inLanguage\":\"ca\",\"@id\":\"https:\\\/\\\/www.tech-complex.com\\\/#\\\/schema\\\/logo\\\/image\\\/\",\"url\":\"https:\\\/\\\/tech-complex.com\\\/wp-content\\\/uploads\\\/2024\\\/12\\\/Logo-TECHCOMPLEX-COLOR.png\",\"contentUrl\":\"https:\\\/\\\/tech-complex.com\\\/wp-content\\\/uploads\\\/2024\\\/12\\\/Logo-TECHCOMPLEX-COLOR.png\",\"width\":2560,\"height\":313,\"caption\":\"TECH-COMPLEX\"},\"image\":{\"@id\":\"https:\\\/\\\/www.tech-complex.com\\\/#\\\/schema\\\/logo\\\/image\\\/\"}}]}<\/script>\n<!-- \/ Yoast SEO plugin. -->","yoast_head_json":{"title":"THOR FULL EQUIP - TECH-COMPLEX","robots":{"index":"index","follow":"follow","max-snippet":"max-snippet:-1","max-image-preview":"max-image-preview:large","max-video-preview":"max-video-preview:-1"},"canonical":"https:\/\/tech-complex.com\/producto\/thor-full-equip\/","og_locale":"ca_ES","og_type":"article","og_title":"THOR FULL EQUIP - TECH-COMPLEX","og_description":"Additiu tecnol\u00f2gic per al pur\u00ed","og_url":"https:\/\/tech-complex.com\/producto\/thor-full-equip\/","og_site_name":"TECH-COMPLEX","article_modified_time":"2025-04-10T13:12:23+00:00","og_image":[{"width":932,"height":932,"url":"https:\/\/tech-complex.com\/wp-content\/uploads\/2025\/01\/62e293_37c5db717da94deabf2407ce598ee9a0mv2.webp","type":"image\/webp"}],"twitter_card":"summary_large_image","twitter_misc":{"Temps estimat de lectura":"1 minut"},"schema":{"@context":"https:\/\/schema.org","@graph":[{"@type":"WebPage","@id":"https:\/\/tech-complex.com\/producto\/thor-full-equip\/","url":"https:\/\/tech-complex.com\/producto\/thor-full-equip\/","name":"THOR FULL EQUIP - TECH-COMPLEX","isPartOf":{"@id":"https:\/\/www.tech-complex.com\/#website"},"primaryImageOfPage":{"@id":"https:\/\/tech-complex.com\/producto\/thor-full-equip\/#primaryimage"},"image":{"@id":"https:\/\/tech-complex.com\/producto\/thor-full-equip\/#primaryimage"},"thumbnailUrl":"https:\/\/tech-complex.com\/wp-content\/uploads\/2025\/01\/62e293_37c5db717da94deabf2407ce598ee9a0mv2.webp","datePublished":"2025-01-20T14:48:34+00:00","dateModified":"2025-04-10T13:12:23+00:00","breadcrumb":{"@id":"https:\/\/tech-complex.com\/producto\/thor-full-equip\/#breadcrumb"},"inLanguage":"ca","potentialAction":[{"@type":"ReadAction","target":["https:\/\/tech-complex.com\/producto\/thor-full-equip\/"]}]},{"@type":"ImageObject","inLanguage":"ca","@id":"https:\/\/tech-complex.com\/producto\/thor-full-equip\/#primaryimage","url":"https:\/\/tech-complex.com\/wp-content\/uploads\/2025\/01\/62e293_37c5db717da94deabf2407ce598ee9a0mv2.webp","contentUrl":"https:\/\/tech-complex.com\/wp-content\/uploads\/2025\/01\/62e293_37c5db717da94deabf2407ce598ee9a0mv2.webp","width":932,"height":932},{"@type":"BreadcrumbList","@id":"https:\/\/tech-complex.com\/producto\/thor-full-equip\/#breadcrumb","itemListElement":[{"@type":"ListItem","position":1,"name":"Portada","item":"https:\/\/tech-complex.com\/ca\/"},{"@type":"ListItem","position":2,"name":"Productes-tenda","item":"https:\/\/www.tech-complex.com\/ca\/productes-tenda\/"},{"@type":"ListItem","position":3,"name":"THOR FULL EQUIP"}]},{"@type":"WebSite","@id":"https:\/\/www.tech-complex.com\/#website","url":"https:\/\/www.tech-complex.com\/","name":"TECH-COMPLEX","description":"Soluciones nutricionales para el bienestar animal","publisher":{"@id":"https:\/\/www.tech-complex.com\/#organization"},"potentialAction":[{"@type":"SearchAction","target":{"@type":"EntryPoint","urlTemplate":"https:\/\/www.tech-complex.com\/?s={search_term_string}"},"query-input":{"@type":"PropertyValueSpecification","valueRequired":true,"valueName":"search_term_string"}}],"inLanguage":"ca"},{"@type":"Organization","@id":"https:\/\/www.tech-complex.com\/#organization","name":"TECH-COMPLEX","url":"https:\/\/www.tech-complex.com\/","logo":{"@type":"ImageObject","inLanguage":"ca","@id":"https:\/\/www.tech-complex.com\/#\/schema\/logo\/image\/","url":"https:\/\/tech-complex.com\/wp-content\/uploads\/2024\/12\/Logo-TECHCOMPLEX-COLOR.png","contentUrl":"https:\/\/tech-complex.com\/wp-content\/uploads\/2024\/12\/Logo-TECHCOMPLEX-COLOR.png","width":2560,"height":313,"caption":"TECH-COMPLEX"},"image":{"@id":"https:\/\/www.tech-complex.com\/#\/schema\/logo\/image\/"}}]}},"_links":{"self":[{"href":"https:\/\/tech-complex.com\/ca\/wp-json\/wp\/v2\/product\/1695","targetHints":{"allow":["GET"]}}],"collection":[{"href":"https:\/\/tech-complex.com\/ca\/wp-json\/wp\/v2\/product"}],"about":[{"href":"https:\/\/tech-complex.com\/ca\/wp-json\/wp\/v2\/types\/product"}],"replies":[{"embeddable":true,"href":"https:\/\/tech-complex.com\/ca\/wp-json\/wp\/v2\/comments?post=1695"}],"wp:featuredmedia":[{"embeddable":true,"href":"https:\/\/tech-complex.com\/ca\/wp-json\/wp\/v2\/media\/1282"}],"wp:attachment":[{"href":"https:\/\/tech-complex.com\/ca\/wp-json\/wp\/v2\/media?parent=1695"}],"wp:term":[{"taxonomy":"product_brand","embeddable":true,"href":"https:\/\/tech-complex.com\/ca\/wp-json\/wp\/v2\/product_brand?post=1695"},{"taxonomy":"product_cat","embeddable":true,"href":"https:\/\/tech-complex.com\/ca\/wp-json\/wp\/v2\/product_cat?post=1695"},{"taxonomy":"product_tag","embeddable":true,"href":"https:\/\/tech-complex.com\/ca\/wp-json\/wp\/v2\/product_tag?post=1695"}],"curies":[{"name":"wp","href":"https:\/\/api.w.org\/{rel}","templated":true}]}}