{"id":1696,"date":"2025-01-20T14:48:23","date_gmt":"2025-01-20T14:48:23","guid":{"rendered":"https:\/producto\/alterbiotec-gold\/"},"modified":"2025-04-10T14:00:13","modified_gmt":"2025-04-10T14:00:13","slug":"alterbiotec-gold","status":"publish","type":"product","link":"https:\/\/tech-complex.com\/ca\/producto\/alterbiotec-gold\/","title":{"rendered":"ALTERBIOTEC GOLD"},"content":{"rendered":"<p class=\"my-0\">Curcumina vectoritzada d&#8217;alta biodisponibilitat amb tecnologia d&#8217;encapsulaci\u00f3 avan\u00e7ada. Incorpora un sistema d&#8217;alliberament controlat i gradual a l&#8217;intest\u00ed que optimitza la seva absorci\u00f3, sense necessitat de greix addicional ni activitat de lipases end\u00f2genes per alliberar-lo <span class=\"whitespace-nowrap\">.<\/span> <\/p>\n<p class=\"my-0\">Aquesta formulaci\u00f3 innovadora:<\/p>\n<ul class=\"marker:text-textOff list-disc\">\n<li>\n<p class=\"my-0\">Millora la biodisponibilitat del compost actiu, la curcumina.<\/p>\n<\/li>\n<li>\n<p class=\"my-0\">Permet una distribuci\u00f3 m\u00e9s eficient al tracte intestinal.<\/p>\n<\/li>\n<li>\n<p class=\"my-0\">Evita la saturaci\u00f3 dels llocs dabsorci\u00f3.<\/p>\n<\/li>\n<\/ul>\n<p class=\"my-0\">Disponible en formulacions espec\u00edfiques adaptades a les necessitats nutricionals de cada esp\u00e8cie animal <span class=\"whitespace-nowrap\">.<\/span><\/p>\n<p class=\"my-0\">La curcumina \u00e9s un compost natural amb propietats dinter\u00e8s en nutrici\u00f3 animal. La nostra tecnologia d&#8217;encapsulaci\u00f3 patentada optimitza el vostre aprofitament i efic\u00e0cia. <\/p>\n","protected":false},"excerpt":{"rendered":"<p>Soluci\u00f3 a base de curcumina potenciada i vectoritzada<\/p>\n","protected":false},"featured_media":1119,"comment_status":"closed","ping_status":"closed","template":"","meta":{"_et_pb_use_builder":"","_et_pb_old_content":"","_et_gb_content_width":""},"product_brand":[],"product_cat":[118],"product_tag":[],"class_list":{"0":"post-1696","1":"product","2":"type-product","3":"status-publish","4":"has-post-thumbnail","6":"product_cat-sense-categoritzar","8":"first","9":"instock","10":"purchasable","11":"product-type-simple"},"yoast_head":"<!-- This site is optimized with the Yoast SEO plugin v27.4 - https:\/\/yoast.com\/product\/yoast-seo-wordpress\/ -->\n<title>ALTERBIOTEC GOLD - TECH-COMPLEX<\/title>\n<meta name=\"robots\" content=\"index, follow, max-snippet:-1, max-image-preview:large, max-video-preview:-1\" \/>\n<link rel=\"canonical\" href=\"https:\/\/www.tech-complex.com\/producto\/alterbiotec-gold\/\" \/>\n<meta property=\"og:locale\" content=\"ca_ES\" \/>\n<meta property=\"og:type\" content=\"article\" \/>\n<meta property=\"og:title\" content=\"ALTERBIOTEC GOLD - TECH-COMPLEX\" \/>\n<meta property=\"og:description\" content=\"Soluci\u00f3 a base de curcumina potenciada i vectoritzada\" \/>\n<meta property=\"og:url\" content=\"https:\/\/www.tech-complex.com\/producto\/alterbiotec-gold\/\" \/>\n<meta property=\"og:site_name\" content=\"TECH-COMPLEX\" \/>\n<meta property=\"article:modified_time\" content=\"2025-04-10T14:00:13+00:00\" \/>\n<meta property=\"og:image\" content=\"https:\/\/www.tech-complex.com\/wp-content\/uploads\/2025\/01\/curcuma.jpg\" \/>\n\t<meta property=\"og:image:width\" content=\"896\" \/>\n\t<meta property=\"og:image:height\" content=\"1152\" \/>\n\t<meta property=\"og:image:type\" content=\"image\/jpeg\" \/>\n<meta name=\"twitter:card\" content=\"summary_large_image\" \/>\n<meta name=\"twitter:label1\" content=\"Temps estimat de lectura\" \/>\n\t<meta name=\"twitter:data1\" content=\"1 minut\" \/>\n<script type=\"application\/ld+json\" class=\"yoast-schema-graph\">{\"@context\":\"https:\\\/\\\/schema.org\",\"@graph\":[{\"@type\":\"WebPage\",\"@id\":\"https:\\\/\\\/www.tech-complex.com\\\/producto\\\/alterbiotec-gold\\\/\",\"url\":\"https:\\\/\\\/www.tech-complex.com\\\/producto\\\/alterbiotec-gold\\\/\",\"name\":\"ALTERBIOTEC GOLD - TECH-COMPLEX\",\"isPartOf\":{\"@id\":\"https:\\\/\\\/www.tech-complex.com\\\/#website\"},\"primaryImageOfPage\":{\"@id\":\"https:\\\/\\\/www.tech-complex.com\\\/producto\\\/alterbiotec-gold\\\/#primaryimage\"},\"image\":{\"@id\":\"https:\\\/\\\/www.tech-complex.com\\\/producto\\\/alterbiotec-gold\\\/#primaryimage\"},\"thumbnailUrl\":\"https:\\\/\\\/tech-complex.com\\\/wp-content\\\/uploads\\\/2025\\\/01\\\/curcuma.jpg\",\"datePublished\":\"2025-01-20T14:48:23+00:00\",\"dateModified\":\"2025-04-10T14:00:13+00:00\",\"breadcrumb\":{\"@id\":\"https:\\\/\\\/www.tech-complex.com\\\/producto\\\/alterbiotec-gold\\\/#breadcrumb\"},\"inLanguage\":\"ca\",\"potentialAction\":[{\"@type\":\"ReadAction\",\"target\":[\"https:\\\/\\\/www.tech-complex.com\\\/producto\\\/alterbiotec-gold\\\/\"]}]},{\"@type\":\"ImageObject\",\"inLanguage\":\"ca\",\"@id\":\"https:\\\/\\\/www.tech-complex.com\\\/producto\\\/alterbiotec-gold\\\/#primaryimage\",\"url\":\"https:\\\/\\\/tech-complex.com\\\/wp-content\\\/uploads\\\/2025\\\/01\\\/curcuma.jpg\",\"contentUrl\":\"https:\\\/\\\/tech-complex.com\\\/wp-content\\\/uploads\\\/2025\\\/01\\\/curcuma.jpg\",\"width\":896,\"height\":1152},{\"@type\":\"BreadcrumbList\",\"@id\":\"https:\\\/\\\/www.tech-complex.com\\\/producto\\\/alterbiotec-gold\\\/#breadcrumb\",\"itemListElement\":[{\"@type\":\"ListItem\",\"position\":1,\"name\":\"Portada\",\"item\":\"https:\\\/\\\/tech-complex.com\\\/ca\\\/\"},{\"@type\":\"ListItem\",\"position\":2,\"name\":\"Productes-tenda\",\"item\":\"https:\\\/\\\/www.tech-complex.com\\\/ca\\\/productes-tenda\\\/\"},{\"@type\":\"ListItem\",\"position\":3,\"name\":\"ALTERBIOTEC GOLD\"}]},{\"@type\":\"WebSite\",\"@id\":\"https:\\\/\\\/www.tech-complex.com\\\/#website\",\"url\":\"https:\\\/\\\/www.tech-complex.com\\\/\",\"name\":\"TECH-COMPLEX\",\"description\":\"Soluciones nutricionales para el bienestar animal\",\"publisher\":{\"@id\":\"https:\\\/\\\/www.tech-complex.com\\\/#organization\"},\"potentialAction\":[{\"@type\":\"SearchAction\",\"target\":{\"@type\":\"EntryPoint\",\"urlTemplate\":\"https:\\\/\\\/www.tech-complex.com\\\/?s={search_term_string}\"},\"query-input\":{\"@type\":\"PropertyValueSpecification\",\"valueRequired\":true,\"valueName\":\"search_term_string\"}}],\"inLanguage\":\"ca\"},{\"@type\":\"Organization\",\"@id\":\"https:\\\/\\\/www.tech-complex.com\\\/#organization\",\"name\":\"TECH-COMPLEX\",\"url\":\"https:\\\/\\\/www.tech-complex.com\\\/\",\"logo\":{\"@type\":\"ImageObject\",\"inLanguage\":\"ca\",\"@id\":\"https:\\\/\\\/www.tech-complex.com\\\/#\\\/schema\\\/logo\\\/image\\\/\",\"url\":\"https:\\\/\\\/tech-complex.com\\\/wp-content\\\/uploads\\\/2024\\\/12\\\/Logo-TECHCOMPLEX-COLOR.png\",\"contentUrl\":\"https:\\\/\\\/tech-complex.com\\\/wp-content\\\/uploads\\\/2024\\\/12\\\/Logo-TECHCOMPLEX-COLOR.png\",\"width\":2560,\"height\":313,\"caption\":\"TECH-COMPLEX\"},\"image\":{\"@id\":\"https:\\\/\\\/www.tech-complex.com\\\/#\\\/schema\\\/logo\\\/image\\\/\"}}]}<\/script>\n<!-- \/ Yoast SEO plugin. -->","yoast_head_json":{"title":"ALTERBIOTEC GOLD - TECH-COMPLEX","robots":{"index":"index","follow":"follow","max-snippet":"max-snippet:-1","max-image-preview":"max-image-preview:large","max-video-preview":"max-video-preview:-1"},"canonical":"https:\/\/www.tech-complex.com\/producto\/alterbiotec-gold\/","og_locale":"ca_ES","og_type":"article","og_title":"ALTERBIOTEC GOLD - TECH-COMPLEX","og_description":"Soluci\u00f3 a base de curcumina potenciada i vectoritzada","og_url":"https:\/\/www.tech-complex.com\/producto\/alterbiotec-gold\/","og_site_name":"TECH-COMPLEX","article_modified_time":"2025-04-10T14:00:13+00:00","og_image":[{"width":896,"height":1152,"url":"https:\/\/www.tech-complex.com\/wp-content\/uploads\/2025\/01\/curcuma.jpg","type":"image\/jpeg"}],"twitter_card":"summary_large_image","twitter_misc":{"Temps estimat de lectura":"1 minut"},"schema":{"@context":"https:\/\/schema.org","@graph":[{"@type":"WebPage","@id":"https:\/\/www.tech-complex.com\/producto\/alterbiotec-gold\/","url":"https:\/\/www.tech-complex.com\/producto\/alterbiotec-gold\/","name":"ALTERBIOTEC GOLD - TECH-COMPLEX","isPartOf":{"@id":"https:\/\/www.tech-complex.com\/#website"},"primaryImageOfPage":{"@id":"https:\/\/www.tech-complex.com\/producto\/alterbiotec-gold\/#primaryimage"},"image":{"@id":"https:\/\/www.tech-complex.com\/producto\/alterbiotec-gold\/#primaryimage"},"thumbnailUrl":"https:\/\/tech-complex.com\/wp-content\/uploads\/2025\/01\/curcuma.jpg","datePublished":"2025-01-20T14:48:23+00:00","dateModified":"2025-04-10T14:00:13+00:00","breadcrumb":{"@id":"https:\/\/www.tech-complex.com\/producto\/alterbiotec-gold\/#breadcrumb"},"inLanguage":"ca","potentialAction":[{"@type":"ReadAction","target":["https:\/\/www.tech-complex.com\/producto\/alterbiotec-gold\/"]}]},{"@type":"ImageObject","inLanguage":"ca","@id":"https:\/\/www.tech-complex.com\/producto\/alterbiotec-gold\/#primaryimage","url":"https:\/\/tech-complex.com\/wp-content\/uploads\/2025\/01\/curcuma.jpg","contentUrl":"https:\/\/tech-complex.com\/wp-content\/uploads\/2025\/01\/curcuma.jpg","width":896,"height":1152},{"@type":"BreadcrumbList","@id":"https:\/\/www.tech-complex.com\/producto\/alterbiotec-gold\/#breadcrumb","itemListElement":[{"@type":"ListItem","position":1,"name":"Portada","item":"https:\/\/tech-complex.com\/ca\/"},{"@type":"ListItem","position":2,"name":"Productes-tenda","item":"https:\/\/www.tech-complex.com\/ca\/productes-tenda\/"},{"@type":"ListItem","position":3,"name":"ALTERBIOTEC GOLD"}]},{"@type":"WebSite","@id":"https:\/\/www.tech-complex.com\/#website","url":"https:\/\/www.tech-complex.com\/","name":"TECH-COMPLEX","description":"Soluciones nutricionales para el bienestar animal","publisher":{"@id":"https:\/\/www.tech-complex.com\/#organization"},"potentialAction":[{"@type":"SearchAction","target":{"@type":"EntryPoint","urlTemplate":"https:\/\/www.tech-complex.com\/?s={search_term_string}"},"query-input":{"@type":"PropertyValueSpecification","valueRequired":true,"valueName":"search_term_string"}}],"inLanguage":"ca"},{"@type":"Organization","@id":"https:\/\/www.tech-complex.com\/#organization","name":"TECH-COMPLEX","url":"https:\/\/www.tech-complex.com\/","logo":{"@type":"ImageObject","inLanguage":"ca","@id":"https:\/\/www.tech-complex.com\/#\/schema\/logo\/image\/","url":"https:\/\/tech-complex.com\/wp-content\/uploads\/2024\/12\/Logo-TECHCOMPLEX-COLOR.png","contentUrl":"https:\/\/tech-complex.com\/wp-content\/uploads\/2024\/12\/Logo-TECHCOMPLEX-COLOR.png","width":2560,"height":313,"caption":"TECH-COMPLEX"},"image":{"@id":"https:\/\/www.tech-complex.com\/#\/schema\/logo\/image\/"}}]}},"_links":{"self":[{"href":"https:\/\/tech-complex.com\/ca\/wp-json\/wp\/v2\/product\/1696","targetHints":{"allow":["GET"]}}],"collection":[{"href":"https:\/\/tech-complex.com\/ca\/wp-json\/wp\/v2\/product"}],"about":[{"href":"https:\/\/tech-complex.com\/ca\/wp-json\/wp\/v2\/types\/product"}],"replies":[{"embeddable":true,"href":"https:\/\/tech-complex.com\/ca\/wp-json\/wp\/v2\/comments?post=1696"}],"wp:featuredmedia":[{"embeddable":true,"href":"https:\/\/tech-complex.com\/ca\/wp-json\/wp\/v2\/media\/1119"}],"wp:attachment":[{"href":"https:\/\/tech-complex.com\/ca\/wp-json\/wp\/v2\/media?parent=1696"}],"wp:term":[{"taxonomy":"product_brand","embeddable":true,"href":"https:\/\/tech-complex.com\/ca\/wp-json\/wp\/v2\/product_brand?post=1696"},{"taxonomy":"product_cat","embeddable":true,"href":"https:\/\/tech-complex.com\/ca\/wp-json\/wp\/v2\/product_cat?post=1696"},{"taxonomy":"product_tag","embeddable":true,"href":"https:\/\/tech-complex.com\/ca\/wp-json\/wp\/v2\/product_tag?post=1696"}],"curies":[{"name":"wp","href":"https:\/\/api.w.org\/{rel}","templated":true}]}}