{"id":1699,"date":"2025-01-20T14:48:34","date_gmt":"2025-01-20T14:48:34","guid":{"rendered":"https:\/producto\/tannin-50\/"},"modified":"2025-01-20T14:48:34","modified_gmt":"2025-01-20T14:48:34","slug":"tannin-50","status":"publish","type":"product","link":"https:\/\/tech-complex.com\/ca\/producto\/tannin-50\/","title":{"rendered":"TANNIN 50"},"content":{"rendered":"<p>Tannin 50 \u00e9s un producte amb tecnologia esprai-cooling, ric en tanins, derivats de la fusta de castanyer. Aquest producte est\u00e0 encapsulat per a un alliberament constant de l&#8217;ingredient actiu al llarg de tot el tracte gastrointestinal, evitant alhora els efectes antinutricionals dels productes amb tanins no protegits. A causa de les seves propietats astringents naturals i intr\u00ednseques, els tanins s\u00f3n beneficiosos per millorar la consist\u00e8ncia de la femta i l&#8217;entorn general de la granja. Gr\u00e0cies a les propietats dels tanins, Tannin 50 proporciona una activitat antibacteriana, creant forts enlla\u00e7os amb macromol\u00e8cules, formant una capa protectora al voltant de les c\u00e8l\u00b7lules epitelials, estabilitzen el pH gastrointestinal i del pinso, pel seu pH \u00e0cid, els tanins poden acidificar el contingut intestinal, promovent intestinal, millorant l\u00b4absorci\u00f3 de nutrients i l\u00edquids.   <\/p>\n","protected":false},"excerpt":{"rendered":"<p>Tanins de castanyer protegits<\/p>\n","protected":false},"featured_media":1109,"comment_status":"closed","ping_status":"closed","template":"","meta":{"_et_pb_use_builder":"","_et_pb_old_content":"","_et_gb_content_width":""},"product_brand":[],"product_cat":[118],"product_tag":[],"class_list":{"0":"post-1699","1":"product","2":"type-product","3":"status-publish","4":"has-post-thumbnail","6":"product_cat-sense-categoritzar","8":"first","9":"instock","10":"purchasable","11":"product-type-simple"},"yoast_head":"<!-- This site is optimized with the Yoast SEO plugin v27.4 - https:\/\/yoast.com\/product\/yoast-seo-wordpress\/ -->\n<title>TANNIN 50 - TECH-COMPLEX<\/title>\n<meta name=\"robots\" content=\"index, follow, max-snippet:-1, max-image-preview:large, max-video-preview:-1\" \/>\n<link rel=\"canonical\" href=\"https:\/\/tech-complex.com\/ca\/producto\/tannin-50\/\" \/>\n<meta property=\"og:locale\" content=\"ca_ES\" \/>\n<meta property=\"og:type\" content=\"article\" \/>\n<meta property=\"og:title\" content=\"TANNIN 50 - TECH-COMPLEX\" \/>\n<meta property=\"og:description\" content=\"Tanins de castanyer protegits\" \/>\n<meta property=\"og:url\" content=\"https:\/\/tech-complex.com\/ca\/producto\/tannin-50\/\" \/>\n<meta property=\"og:site_name\" content=\"TECH-COMPLEX\" \/>\n<meta property=\"og:image\" content=\"https:\/\/tech-complex.com\/wp-content\/uploads\/2025\/01\/chestnut.jpg\" \/>\n\t<meta property=\"og:image:width\" content=\"896\" \/>\n\t<meta property=\"og:image:height\" content=\"1152\" \/>\n\t<meta property=\"og:image:type\" content=\"image\/jpeg\" \/>\n<meta name=\"twitter:card\" content=\"summary_large_image\" \/>\n<meta name=\"twitter:label1\" content=\"Temps estimat de lectura\" \/>\n\t<meta name=\"twitter:data1\" content=\"1 minut\" \/>\n<script type=\"application\/ld+json\" class=\"yoast-schema-graph\">{\"@context\":\"https:\\\/\\\/schema.org\",\"@graph\":[{\"@type\":\"WebPage\",\"@id\":\"https:\\\/\\\/tech-complex.com\\\/ca\\\/producto\\\/tannin-50\\\/\",\"url\":\"https:\\\/\\\/tech-complex.com\\\/ca\\\/producto\\\/tannin-50\\\/\",\"name\":\"TANNIN 50 - TECH-COMPLEX\",\"isPartOf\":{\"@id\":\"https:\\\/\\\/www.tech-complex.com\\\/#website\"},\"primaryImageOfPage\":{\"@id\":\"https:\\\/\\\/tech-complex.com\\\/ca\\\/producto\\\/tannin-50\\\/#primaryimage\"},\"image\":{\"@id\":\"https:\\\/\\\/tech-complex.com\\\/ca\\\/producto\\\/tannin-50\\\/#primaryimage\"},\"thumbnailUrl\":\"https:\\\/\\\/tech-complex.com\\\/wp-content\\\/uploads\\\/2025\\\/01\\\/chestnut.jpg\",\"datePublished\":\"2025-01-20T14:48:34+00:00\",\"breadcrumb\":{\"@id\":\"https:\\\/\\\/tech-complex.com\\\/ca\\\/producto\\\/tannin-50\\\/#breadcrumb\"},\"inLanguage\":\"ca\",\"potentialAction\":[{\"@type\":\"ReadAction\",\"target\":[\"https:\\\/\\\/tech-complex.com\\\/ca\\\/producto\\\/tannin-50\\\/\"]}]},{\"@type\":\"ImageObject\",\"inLanguage\":\"ca\",\"@id\":\"https:\\\/\\\/tech-complex.com\\\/ca\\\/producto\\\/tannin-50\\\/#primaryimage\",\"url\":\"https:\\\/\\\/tech-complex.com\\\/wp-content\\\/uploads\\\/2025\\\/01\\\/chestnut.jpg\",\"contentUrl\":\"https:\\\/\\\/tech-complex.com\\\/wp-content\\\/uploads\\\/2025\\\/01\\\/chestnut.jpg\",\"width\":896,\"height\":1152},{\"@type\":\"BreadcrumbList\",\"@id\":\"https:\\\/\\\/tech-complex.com\\\/ca\\\/producto\\\/tannin-50\\\/#breadcrumb\",\"itemListElement\":[{\"@type\":\"ListItem\",\"position\":1,\"name\":\"Portada\",\"item\":\"https:\\\/\\\/tech-complex.com\\\/ca\\\/\"},{\"@type\":\"ListItem\",\"position\":2,\"name\":\"Productes-tenda\",\"item\":\"https:\\\/\\\/www.tech-complex.com\\\/ca\\\/productes-tenda\\\/\"},{\"@type\":\"ListItem\",\"position\":3,\"name\":\"TANNIN 50\"}]},{\"@type\":\"WebSite\",\"@id\":\"https:\\\/\\\/www.tech-complex.com\\\/#website\",\"url\":\"https:\\\/\\\/www.tech-complex.com\\\/\",\"name\":\"TECH-COMPLEX\",\"description\":\"Soluciones nutricionales para el bienestar animal\",\"publisher\":{\"@id\":\"https:\\\/\\\/www.tech-complex.com\\\/#organization\"},\"potentialAction\":[{\"@type\":\"SearchAction\",\"target\":{\"@type\":\"EntryPoint\",\"urlTemplate\":\"https:\\\/\\\/www.tech-complex.com\\\/?s={search_term_string}\"},\"query-input\":{\"@type\":\"PropertyValueSpecification\",\"valueRequired\":true,\"valueName\":\"search_term_string\"}}],\"inLanguage\":\"ca\"},{\"@type\":\"Organization\",\"@id\":\"https:\\\/\\\/www.tech-complex.com\\\/#organization\",\"name\":\"TECH-COMPLEX\",\"url\":\"https:\\\/\\\/www.tech-complex.com\\\/\",\"logo\":{\"@type\":\"ImageObject\",\"inLanguage\":\"ca\",\"@id\":\"https:\\\/\\\/www.tech-complex.com\\\/#\\\/schema\\\/logo\\\/image\\\/\",\"url\":\"https:\\\/\\\/tech-complex.com\\\/wp-content\\\/uploads\\\/2024\\\/12\\\/Logo-TECHCOMPLEX-COLOR.png\",\"contentUrl\":\"https:\\\/\\\/tech-complex.com\\\/wp-content\\\/uploads\\\/2024\\\/12\\\/Logo-TECHCOMPLEX-COLOR.png\",\"width\":2560,\"height\":313,\"caption\":\"TECH-COMPLEX\"},\"image\":{\"@id\":\"https:\\\/\\\/www.tech-complex.com\\\/#\\\/schema\\\/logo\\\/image\\\/\"}}]}<\/script>\n<!-- \/ Yoast SEO plugin. -->","yoast_head_json":{"title":"TANNIN 50 - TECH-COMPLEX","robots":{"index":"index","follow":"follow","max-snippet":"max-snippet:-1","max-image-preview":"max-image-preview:large","max-video-preview":"max-video-preview:-1"},"canonical":"https:\/\/tech-complex.com\/ca\/producto\/tannin-50\/","og_locale":"ca_ES","og_type":"article","og_title":"TANNIN 50 - TECH-COMPLEX","og_description":"Tanins de castanyer protegits","og_url":"https:\/\/tech-complex.com\/ca\/producto\/tannin-50\/","og_site_name":"TECH-COMPLEX","og_image":[{"width":896,"height":1152,"url":"https:\/\/tech-complex.com\/wp-content\/uploads\/2025\/01\/chestnut.jpg","type":"image\/jpeg"}],"twitter_card":"summary_large_image","twitter_misc":{"Temps estimat de lectura":"1 minut"},"schema":{"@context":"https:\/\/schema.org","@graph":[{"@type":"WebPage","@id":"https:\/\/tech-complex.com\/ca\/producto\/tannin-50\/","url":"https:\/\/tech-complex.com\/ca\/producto\/tannin-50\/","name":"TANNIN 50 - TECH-COMPLEX","isPartOf":{"@id":"https:\/\/www.tech-complex.com\/#website"},"primaryImageOfPage":{"@id":"https:\/\/tech-complex.com\/ca\/producto\/tannin-50\/#primaryimage"},"image":{"@id":"https:\/\/tech-complex.com\/ca\/producto\/tannin-50\/#primaryimage"},"thumbnailUrl":"https:\/\/tech-complex.com\/wp-content\/uploads\/2025\/01\/chestnut.jpg","datePublished":"2025-01-20T14:48:34+00:00","breadcrumb":{"@id":"https:\/\/tech-complex.com\/ca\/producto\/tannin-50\/#breadcrumb"},"inLanguage":"ca","potentialAction":[{"@type":"ReadAction","target":["https:\/\/tech-complex.com\/ca\/producto\/tannin-50\/"]}]},{"@type":"ImageObject","inLanguage":"ca","@id":"https:\/\/tech-complex.com\/ca\/producto\/tannin-50\/#primaryimage","url":"https:\/\/tech-complex.com\/wp-content\/uploads\/2025\/01\/chestnut.jpg","contentUrl":"https:\/\/tech-complex.com\/wp-content\/uploads\/2025\/01\/chestnut.jpg","width":896,"height":1152},{"@type":"BreadcrumbList","@id":"https:\/\/tech-complex.com\/ca\/producto\/tannin-50\/#breadcrumb","itemListElement":[{"@type":"ListItem","position":1,"name":"Portada","item":"https:\/\/tech-complex.com\/ca\/"},{"@type":"ListItem","position":2,"name":"Productes-tenda","item":"https:\/\/www.tech-complex.com\/ca\/productes-tenda\/"},{"@type":"ListItem","position":3,"name":"TANNIN 50"}]},{"@type":"WebSite","@id":"https:\/\/www.tech-complex.com\/#website","url":"https:\/\/www.tech-complex.com\/","name":"TECH-COMPLEX","description":"Soluciones nutricionales para el bienestar animal","publisher":{"@id":"https:\/\/www.tech-complex.com\/#organization"},"potentialAction":[{"@type":"SearchAction","target":{"@type":"EntryPoint","urlTemplate":"https:\/\/www.tech-complex.com\/?s={search_term_string}"},"query-input":{"@type":"PropertyValueSpecification","valueRequired":true,"valueName":"search_term_string"}}],"inLanguage":"ca"},{"@type":"Organization","@id":"https:\/\/www.tech-complex.com\/#organization","name":"TECH-COMPLEX","url":"https:\/\/www.tech-complex.com\/","logo":{"@type":"ImageObject","inLanguage":"ca","@id":"https:\/\/www.tech-complex.com\/#\/schema\/logo\/image\/","url":"https:\/\/tech-complex.com\/wp-content\/uploads\/2024\/12\/Logo-TECHCOMPLEX-COLOR.png","contentUrl":"https:\/\/tech-complex.com\/wp-content\/uploads\/2024\/12\/Logo-TECHCOMPLEX-COLOR.png","width":2560,"height":313,"caption":"TECH-COMPLEX"},"image":{"@id":"https:\/\/www.tech-complex.com\/#\/schema\/logo\/image\/"}}]}},"_links":{"self":[{"href":"https:\/\/tech-complex.com\/ca\/wp-json\/wp\/v2\/product\/1699","targetHints":{"allow":["GET"]}}],"collection":[{"href":"https:\/\/tech-complex.com\/ca\/wp-json\/wp\/v2\/product"}],"about":[{"href":"https:\/\/tech-complex.com\/ca\/wp-json\/wp\/v2\/types\/product"}],"replies":[{"embeddable":true,"href":"https:\/\/tech-complex.com\/ca\/wp-json\/wp\/v2\/comments?post=1699"}],"wp:featuredmedia":[{"embeddable":true,"href":"https:\/\/tech-complex.com\/ca\/wp-json\/wp\/v2\/media\/1109"}],"wp:attachment":[{"href":"https:\/\/tech-complex.com\/ca\/wp-json\/wp\/v2\/media?parent=1699"}],"wp:term":[{"taxonomy":"product_brand","embeddable":true,"href":"https:\/\/tech-complex.com\/ca\/wp-json\/wp\/v2\/product_brand?post=1699"},{"taxonomy":"product_cat","embeddable":true,"href":"https:\/\/tech-complex.com\/ca\/wp-json\/wp\/v2\/product_cat?post=1699"},{"taxonomy":"product_tag","embeddable":true,"href":"https:\/\/tech-complex.com\/ca\/wp-json\/wp\/v2\/product_tag?post=1699"}],"curies":[{"name":"wp","href":"https:\/\/api.w.org\/{rel}","templated":true}]}}