{"id":1700,"date":"2025-01-20T14:48:34","date_gmt":"2025-01-20T14:48:34","guid":{"rendered":"https:\/producto\/butirats\/"},"modified":"2025-04-10T13:19:37","modified_gmt":"2025-04-10T13:19:37","slug":"butirats","status":"publish","type":"product","link":"https:\/\/tech-complex.com\/ca\/producto\/butirats\/","title":{"rendered":"BUTIRATS"},"content":{"rendered":"<p class=\"my-0\">La nostra l\u00ednia de productes de butirat es compon de diferents tipus de butirat c\u00e0lcic i\/o s\u00f2dic, formulats amb una innovadora tecnologia de protecci\u00f3 en pel\u00b7l\u00edcula i matriu en forma de micropellet. Aquesta avan\u00e7ada t\u00e8cnica de recobriment permet un alliberament controlat i gradual del butirat al llarg del tracte gastrointestinal. <\/p>\n<p class=\"my-0\">La tecnologia de protecci\u00f3 en pel\u00b7l\u00edcula i matriu que utilitzem presenta els avantatges seg\u00fcents:<\/p>\n<ol>\n<li class=\"my-0\"><strong>Alliberament gradual<\/strong> El recobriment assegura que el butirat s&#8217;alliberi de manera sostinguda al llarg de l&#8217;intest\u00ed prim i el c\u00f2lon, maximitzant-ne l&#8217;efic\u00e0cia.<\/li>\n<li class=\"my-0\"><strong>Protecci\u00f3 g\u00e0strica<\/strong> : La matriu protectora, generalment composta per olis vegetals hidrogenats, evita la degradaci\u00f3 primerenca del butirat a l&#8217;est\u00f3mac.<\/li>\n<li class=\"my-0\"><strong>Disminuci\u00f3 de l&#8217;olor<\/strong> : El recobriment disminueix significativament la t\u00edpica olor desagradable del butirat.<\/li>\n<li class=\"my-0\"><strong>Estabilitat t\u00e8rmica<\/strong> : La formulaci\u00f3 en micropellet proporciona una alta resist\u00e8ncia a condicions de temperatura i pressi\u00f3 elevades durant el processament del pinso.<\/li>\n<li class=\"my-0\"><strong>Precisi\u00f3 a la dosificaci\u00f3<\/strong> : La forma de micropellet permet una distribuci\u00f3 homog\u00e8nia del producte a l&#8217;aliment.<\/li>\n<li class=\"my-0\"><strong>Menor formaci\u00f3 de pols<\/strong> : Els micropellets recoberts generen menys pols en comparaci\u00f3 amb les formes no recobertes, cosa que redueix la contaminaci\u00f3 ambiental i millora les condicions de treball a les f\u00e0briques de pinsos.<\/li>\n<\/ol>\n<p class=\"my-0\">Els productes de butirat milloren significativament la salut animal en general i la salut intestinal en particular. Un intest\u00ed animal millor desenvolupat optimitza l&#8217;absorci\u00f3 de nutrients i millora la protecci\u00f3 davant de pat\u00f2gens, cosa que es tradueix en un millor rendiment animal, una menor mortalitat i un menor \u00fas d&#8217;antibi\u00f2tics. <\/p>\n<p class=\"my-0\">La tecnologia de recobriment matricial garanteix que el butirat arribi a les seccions de l&#8217;intest\u00ed on \u00e9s m\u00e9s necessari, promovent el creixement de les vellositats intestinals, estimulant la funci\u00f3 de les c\u00e8l\u00b7lules hep\u00e0tiques i millorant la capacitat de l&#8217;animal per superar infeccions bacterianes.<\/p>\n<p class=\"my-0\">A m\u00e9s dels formats s\u00f2lids, la nostra l\u00ednia de productes tamb\u00e9 est\u00e0 disponible en format l\u00edquid per a aplicaci\u00f3 en aigua de beguda, oferint flexibilitat a l&#8217;administraci\u00f3 segons les necessitats espec\u00edfiques de cada producci\u00f3 animal.<\/p>\n","protected":false},"excerpt":{"rendered":"<p>Productes derivats de l&#8217;\u00e0cid but\u00edric protegits amb tecnologia pel\u00b7l\u00edcula i matriu<\/p>\n","protected":false},"featured_media":1808,"comment_status":"closed","ping_status":"closed","template":"","meta":{"_et_pb_use_builder":"","_et_pb_old_content":"","_et_gb_content_width":""},"product_brand":[],"product_cat":[118],"product_tag":[],"class_list":{"0":"post-1700","1":"product","2":"type-product","3":"status-publish","4":"has-post-thumbnail","6":"product_cat-sense-categoritzar","8":"first","9":"instock","10":"purchasable","11":"product-type-simple"},"yoast_head":"<!-- This site is optimized with the Yoast SEO plugin v27.4 - https:\/\/yoast.com\/product\/yoast-seo-wordpress\/ -->\n<title>BUTIRATS - TECH-COMPLEX<\/title>\n<meta name=\"robots\" content=\"index, follow, max-snippet:-1, max-image-preview:large, max-video-preview:-1\" \/>\n<link rel=\"canonical\" href=\"https:\/\/www.tech-complex.com\/producto\/butiratos\/\" \/>\n<meta property=\"og:locale\" content=\"ca_ES\" \/>\n<meta property=\"og:type\" content=\"article\" \/>\n<meta property=\"og:title\" content=\"BUTIRATS - TECH-COMPLEX\" \/>\n<meta property=\"og:description\" content=\"Productes derivats de l&#039;\u00e0cid but\u00edric protegits amb tecnologia pel\u00b7l\u00edcula i matriu\" \/>\n<meta property=\"og:url\" content=\"https:\/\/www.tech-complex.com\/producto\/butiratos\/\" \/>\n<meta property=\"og:site_name\" content=\"TECH-COMPLEX\" \/>\n<meta property=\"article:modified_time\" content=\"2025-04-10T13:19:37+00:00\" \/>\n<meta property=\"og:image\" content=\"https:\/\/www.tech-complex.com\/wp-content\/uploads\/2025\/01\/Imagen-mucosa-intestinal-1024x745.png\" \/>\n\t<meta property=\"og:image:width\" content=\"1024\" \/>\n\t<meta property=\"og:image:height\" content=\"745\" \/>\n\t<meta property=\"og:image:type\" content=\"image\/png\" \/>\n<meta name=\"twitter:card\" content=\"summary_large_image\" \/>\n<meta name=\"twitter:label1\" content=\"Temps estimat de lectura\" \/>\n\t<meta name=\"twitter:data1\" content=\"2 minuts\" \/>\n<script type=\"application\/ld+json\" class=\"yoast-schema-graph\">{\"@context\":\"https:\\\/\\\/schema.org\",\"@graph\":[{\"@type\":\"WebPage\",\"@id\":\"https:\\\/\\\/www.tech-complex.com\\\/producto\\\/butiratos\\\/\",\"url\":\"https:\\\/\\\/www.tech-complex.com\\\/producto\\\/butiratos\\\/\",\"name\":\"BUTIRATS - TECH-COMPLEX\",\"isPartOf\":{\"@id\":\"https:\\\/\\\/www.tech-complex.com\\\/#website\"},\"primaryImageOfPage\":{\"@id\":\"https:\\\/\\\/www.tech-complex.com\\\/producto\\\/butiratos\\\/#primaryimage\"},\"image\":{\"@id\":\"https:\\\/\\\/www.tech-complex.com\\\/producto\\\/butiratos\\\/#primaryimage\"},\"thumbnailUrl\":\"https:\\\/\\\/tech-complex.com\\\/wp-content\\\/uploads\\\/2025\\\/01\\\/Imagen-mucosa-intestinal.png\",\"datePublished\":\"2025-01-20T14:48:34+00:00\",\"dateModified\":\"2025-04-10T13:19:37+00:00\",\"breadcrumb\":{\"@id\":\"https:\\\/\\\/www.tech-complex.com\\\/producto\\\/butiratos\\\/#breadcrumb\"},\"inLanguage\":\"ca\",\"potentialAction\":[{\"@type\":\"ReadAction\",\"target\":[\"https:\\\/\\\/www.tech-complex.com\\\/producto\\\/butiratos\\\/\"]}]},{\"@type\":\"ImageObject\",\"inLanguage\":\"ca\",\"@id\":\"https:\\\/\\\/www.tech-complex.com\\\/producto\\\/butiratos\\\/#primaryimage\",\"url\":\"https:\\\/\\\/tech-complex.com\\\/wp-content\\\/uploads\\\/2025\\\/01\\\/Imagen-mucosa-intestinal.png\",\"contentUrl\":\"https:\\\/\\\/tech-complex.com\\\/wp-content\\\/uploads\\\/2025\\\/01\\\/Imagen-mucosa-intestinal.png\",\"width\":1350,\"height\":982},{\"@type\":\"BreadcrumbList\",\"@id\":\"https:\\\/\\\/www.tech-complex.com\\\/producto\\\/butiratos\\\/#breadcrumb\",\"itemListElement\":[{\"@type\":\"ListItem\",\"position\":1,\"name\":\"Portada\",\"item\":\"https:\\\/\\\/tech-complex.com\\\/ca\\\/\"},{\"@type\":\"ListItem\",\"position\":2,\"name\":\"Productes-tenda\",\"item\":\"https:\\\/\\\/www.tech-complex.com\\\/ca\\\/productes-tenda\\\/\"},{\"@type\":\"ListItem\",\"position\":3,\"name\":\"BUTIRATS\"}]},{\"@type\":\"WebSite\",\"@id\":\"https:\\\/\\\/www.tech-complex.com\\\/#website\",\"url\":\"https:\\\/\\\/www.tech-complex.com\\\/\",\"name\":\"TECH-COMPLEX\",\"description\":\"Soluciones nutricionales para el bienestar animal\",\"publisher\":{\"@id\":\"https:\\\/\\\/www.tech-complex.com\\\/#organization\"},\"potentialAction\":[{\"@type\":\"SearchAction\",\"target\":{\"@type\":\"EntryPoint\",\"urlTemplate\":\"https:\\\/\\\/www.tech-complex.com\\\/?s={search_term_string}\"},\"query-input\":{\"@type\":\"PropertyValueSpecification\",\"valueRequired\":true,\"valueName\":\"search_term_string\"}}],\"inLanguage\":\"ca\"},{\"@type\":\"Organization\",\"@id\":\"https:\\\/\\\/www.tech-complex.com\\\/#organization\",\"name\":\"TECH-COMPLEX\",\"url\":\"https:\\\/\\\/www.tech-complex.com\\\/\",\"logo\":{\"@type\":\"ImageObject\",\"inLanguage\":\"ca\",\"@id\":\"https:\\\/\\\/www.tech-complex.com\\\/#\\\/schema\\\/logo\\\/image\\\/\",\"url\":\"https:\\\/\\\/tech-complex.com\\\/wp-content\\\/uploads\\\/2024\\\/12\\\/Logo-TECHCOMPLEX-COLOR.png\",\"contentUrl\":\"https:\\\/\\\/tech-complex.com\\\/wp-content\\\/uploads\\\/2024\\\/12\\\/Logo-TECHCOMPLEX-COLOR.png\",\"width\":2560,\"height\":313,\"caption\":\"TECH-COMPLEX\"},\"image\":{\"@id\":\"https:\\\/\\\/www.tech-complex.com\\\/#\\\/schema\\\/logo\\\/image\\\/\"}}]}<\/script>\n<!-- \/ Yoast SEO plugin. -->","yoast_head_json":{"title":"BUTIRATS - TECH-COMPLEX","robots":{"index":"index","follow":"follow","max-snippet":"max-snippet:-1","max-image-preview":"max-image-preview:large","max-video-preview":"max-video-preview:-1"},"canonical":"https:\/\/www.tech-complex.com\/producto\/butiratos\/","og_locale":"ca_ES","og_type":"article","og_title":"BUTIRATS - TECH-COMPLEX","og_description":"Productes derivats de l'\u00e0cid but\u00edric protegits amb tecnologia pel\u00b7l\u00edcula i matriu","og_url":"https:\/\/www.tech-complex.com\/producto\/butiratos\/","og_site_name":"TECH-COMPLEX","article_modified_time":"2025-04-10T13:19:37+00:00","og_image":[{"width":1024,"height":745,"url":"https:\/\/www.tech-complex.com\/wp-content\/uploads\/2025\/01\/Imagen-mucosa-intestinal-1024x745.png","type":"image\/png"}],"twitter_card":"summary_large_image","twitter_misc":{"Temps estimat de lectura":"2 minuts"},"schema":{"@context":"https:\/\/schema.org","@graph":[{"@type":"WebPage","@id":"https:\/\/www.tech-complex.com\/producto\/butiratos\/","url":"https:\/\/www.tech-complex.com\/producto\/butiratos\/","name":"BUTIRATS - TECH-COMPLEX","isPartOf":{"@id":"https:\/\/www.tech-complex.com\/#website"},"primaryImageOfPage":{"@id":"https:\/\/www.tech-complex.com\/producto\/butiratos\/#primaryimage"},"image":{"@id":"https:\/\/www.tech-complex.com\/producto\/butiratos\/#primaryimage"},"thumbnailUrl":"https:\/\/tech-complex.com\/wp-content\/uploads\/2025\/01\/Imagen-mucosa-intestinal.png","datePublished":"2025-01-20T14:48:34+00:00","dateModified":"2025-04-10T13:19:37+00:00","breadcrumb":{"@id":"https:\/\/www.tech-complex.com\/producto\/butiratos\/#breadcrumb"},"inLanguage":"ca","potentialAction":[{"@type":"ReadAction","target":["https:\/\/www.tech-complex.com\/producto\/butiratos\/"]}]},{"@type":"ImageObject","inLanguage":"ca","@id":"https:\/\/www.tech-complex.com\/producto\/butiratos\/#primaryimage","url":"https:\/\/tech-complex.com\/wp-content\/uploads\/2025\/01\/Imagen-mucosa-intestinal.png","contentUrl":"https:\/\/tech-complex.com\/wp-content\/uploads\/2025\/01\/Imagen-mucosa-intestinal.png","width":1350,"height":982},{"@type":"BreadcrumbList","@id":"https:\/\/www.tech-complex.com\/producto\/butiratos\/#breadcrumb","itemListElement":[{"@type":"ListItem","position":1,"name":"Portada","item":"https:\/\/tech-complex.com\/ca\/"},{"@type":"ListItem","position":2,"name":"Productes-tenda","item":"https:\/\/www.tech-complex.com\/ca\/productes-tenda\/"},{"@type":"ListItem","position":3,"name":"BUTIRATS"}]},{"@type":"WebSite","@id":"https:\/\/www.tech-complex.com\/#website","url":"https:\/\/www.tech-complex.com\/","name":"TECH-COMPLEX","description":"Soluciones nutricionales para el bienestar animal","publisher":{"@id":"https:\/\/www.tech-complex.com\/#organization"},"potentialAction":[{"@type":"SearchAction","target":{"@type":"EntryPoint","urlTemplate":"https:\/\/www.tech-complex.com\/?s={search_term_string}"},"query-input":{"@type":"PropertyValueSpecification","valueRequired":true,"valueName":"search_term_string"}}],"inLanguage":"ca"},{"@type":"Organization","@id":"https:\/\/www.tech-complex.com\/#organization","name":"TECH-COMPLEX","url":"https:\/\/www.tech-complex.com\/","logo":{"@type":"ImageObject","inLanguage":"ca","@id":"https:\/\/www.tech-complex.com\/#\/schema\/logo\/image\/","url":"https:\/\/tech-complex.com\/wp-content\/uploads\/2024\/12\/Logo-TECHCOMPLEX-COLOR.png","contentUrl":"https:\/\/tech-complex.com\/wp-content\/uploads\/2024\/12\/Logo-TECHCOMPLEX-COLOR.png","width":2560,"height":313,"caption":"TECH-COMPLEX"},"image":{"@id":"https:\/\/www.tech-complex.com\/#\/schema\/logo\/image\/"}}]}},"_links":{"self":[{"href":"https:\/\/tech-complex.com\/ca\/wp-json\/wp\/v2\/product\/1700","targetHints":{"allow":["GET"]}}],"collection":[{"href":"https:\/\/tech-complex.com\/ca\/wp-json\/wp\/v2\/product"}],"about":[{"href":"https:\/\/tech-complex.com\/ca\/wp-json\/wp\/v2\/types\/product"}],"replies":[{"embeddable":true,"href":"https:\/\/tech-complex.com\/ca\/wp-json\/wp\/v2\/comments?post=1700"}],"wp:featuredmedia":[{"embeddable":true,"href":"https:\/\/tech-complex.com\/ca\/wp-json\/wp\/v2\/media\/1808"}],"wp:attachment":[{"href":"https:\/\/tech-complex.com\/ca\/wp-json\/wp\/v2\/media?parent=1700"}],"wp:term":[{"taxonomy":"product_brand","embeddable":true,"href":"https:\/\/tech-complex.com\/ca\/wp-json\/wp\/v2\/product_brand?post=1700"},{"taxonomy":"product_cat","embeddable":true,"href":"https:\/\/tech-complex.com\/ca\/wp-json\/wp\/v2\/product_cat?post=1700"},{"taxonomy":"product_tag","embeddable":true,"href":"https:\/\/tech-complex.com\/ca\/wp-json\/wp\/v2\/product_tag?post=1700"}],"curies":[{"name":"wp","href":"https:\/\/api.w.org\/{rel}","templated":true}]}}