{"id":1702,"date":"2025-01-20T14:48:34","date_gmt":"2025-01-20T14:48:34","guid":{"rendered":"https:\/producto\/thor-optimaize\/"},"modified":"2025-04-10T13:16:57","modified_gmt":"2025-04-10T13:16:57","slug":"thor-optimaize","status":"publish","type":"product","link":"https:\/\/tech-complex.com\/ca\/producto\/thor-optimaize\/","title":{"rendered":"THOR OPTIMAIZE"},"content":{"rendered":"<div class=\"flex items-center justify-between border-borderMain\/50 ring-borderMain\/50 divide-borderMain\/50 dark:divide-borderMainDark\/50 dark:ring-borderMainDark\/50 dark:border-borderMainDark\/50 bg-background dark:bg-backgroundDark\">\n<div class=\"mb-sm flex w-full items-center justify-between\">\n<div class=\"\">\n<div class=\"space-x-sm flex items-center\">\n<div class=\"default font-display text-lg font-medium text-textMain dark:text-textMainDark selection:bg-super\/50 selection:text-textMain dark:selection:bg-superDuper\/10 dark:selection:text-superDark\">Thor Optimaize \u00e9s un inoculant biol\u00f2gic dissenyat per optimitzar la conservaci\u00f3 d&#8217;ensitjats de blat de moro, pastona i melca. La seva formulaci\u00f3 combina bacteris i enzims espec\u00edficament seleccionats per millorar les propietats nutricionals i minimitzar les p\u00e8rdues de mat\u00e8ria seca durant el proc\u00e9s d&#8217;ensilatge <span class=\"whitespace-nowrap\">.<\/span> <\/div>\n<\/div>\n<\/div>\n<\/div>\n<\/div>\n<div class=\"mb-md\">\n<div class=\"relative default font-sans text-base text-textMain dark:text-textMainDark selection:bg-super\/50 selection:text-textMain dark:selection:bg-superDuper\/10 dark:selection:text-superDark\">\n<div class=\"min-w-0 break-words [word-break:break-word]\">\n<div id=\"markdown-content-44\" dir=\"auto\">\n<div class=\"prose text-pretty dark:prose-invert inline leading-normal break-words min-w-0 [word-break:break-word]\">\n<p class=\"my-0\">La composici\u00f3 de Thor Optimaize inclou:<\/p>\n<ol>\n<li class=\"my-0\"><em>Lactobacillus casei<\/em> : una soca homofermentativa que produeix principalment \u00e0cid L-l\u00e0ctic, cosa que permet una r\u00e0pida disminuci\u00f3 del pH fins a assolir nivells \u00f2ptims per a la conservaci\u00f3. A m\u00e9s, produeix diacetil, una mol\u00e8cula que confereix una aroma agradable a l&#8217;ensitjat, millorant-ne la palatabilitat. <\/li>\n<li class=\"my-0\"><em>Lactobacillus brevis<\/em> : una soca heterofermentativa que produeix \u00e0cid ac\u00e8tic, el qual inhibeix el creixement de llevats i fongs. Aix\u00f2 millora l&#8217;estabilitat aer\u00f2bica de l&#8217;ensitjat durant la fase d&#8217;obertura i d&#8217;alimentaci\u00f3. <\/li>\n<li class=\"my-0\">Xilanasa: Un enzim que ajuda a alliberar sucres del farratge, augmentant la disponibilitat de substrat per als bacteris de l&#8217;inoculant. Tamb\u00e9 millora la digestibilitat de l&#8217;ensitjat en &#8220;obrir&#8221; l&#8217;estructura de la fibra <span class=\"whitespace-nowrap\">.<\/span> <\/li>\n<\/ol>\n<p class=\"my-0\">Aquesta combinaci\u00f3 sin\u00e8rgica de microorganismes i enzims promou una fermentaci\u00f3 eficient, maximitzant la retenci\u00f3 de nutrients i millorant l&#8217;estabilitat de l&#8217;ensitjat durant el seu \u00fas <span class=\"whitespace-nowrap\">.<\/span><\/p>\n<p>Aprovat per a la producci\u00f3 ecol\u00f2gica.<\/p>\n<p><em>Nota: l&#8217;\u00fas del Thor Bioinoculants no substitueix les bones pr\u00e0ctiques en el proc\u00e9s d&#8217;ensitjat.<\/em><\/p>\n<\/div>\n<\/div>\n<\/div>\n<\/div>\n<\/div>\n","protected":false},"excerpt":{"rendered":"<p>Inoculant per a ensitjat de blat de moro, melca i pastone<\/p>\n","protected":false},"featured_media":1543,"comment_status":"closed","ping_status":"closed","template":"","meta":{"_et_pb_use_builder":"","_et_pb_old_content":"","_et_gb_content_width":""},"product_brand":[],"product_cat":[118],"product_tag":[],"class_list":{"0":"post-1702","1":"product","2":"type-product","3":"status-publish","4":"has-post-thumbnail","6":"product_cat-sense-categoritzar","8":"first","9":"instock","10":"purchasable","11":"product-type-simple"},"yoast_head":"<!-- This site is optimized with the Yoast SEO plugin v27.4 - https:\/\/yoast.com\/product\/yoast-seo-wordpress\/ -->\n<title>THOR OPTIMAIZE - TECH-COMPLEX<\/title>\n<meta name=\"robots\" content=\"index, follow, max-snippet:-1, max-image-preview:large, max-video-preview:-1\" \/>\n<link rel=\"canonical\" href=\"https:\/\/www.tech-complex.com\/producto\/thor-optimaize\/\" \/>\n<meta property=\"og:locale\" content=\"ca_ES\" \/>\n<meta property=\"og:type\" content=\"article\" \/>\n<meta property=\"og:title\" content=\"THOR OPTIMAIZE - TECH-COMPLEX\" \/>\n<meta property=\"og:description\" content=\"Inoculant per a ensitjat de blat de moro, melca i pastone\" \/>\n<meta property=\"og:url\" content=\"https:\/\/www.tech-complex.com\/producto\/thor-optimaize\/\" \/>\n<meta property=\"og:site_name\" content=\"TECH-COMPLEX\" \/>\n<meta property=\"article:modified_time\" content=\"2025-04-10T13:16:57+00:00\" \/>\n<meta property=\"og:image\" content=\"https:\/\/www.tech-complex.com\/wp-content\/uploads\/2025\/01\/Sobre-Thor-OPT.jpg\" \/>\n\t<meta property=\"og:image:width\" content=\"746\" \/>\n\t<meta property=\"og:image:height\" content=\"746\" \/>\n\t<meta property=\"og:image:type\" content=\"image\/jpeg\" \/>\n<meta name=\"twitter:card\" content=\"summary_large_image\" \/>\n<meta name=\"twitter:label1\" content=\"Temps estimat de lectura\" \/>\n\t<meta name=\"twitter:data1\" content=\"1 minut\" \/>\n<script type=\"application\/ld+json\" class=\"yoast-schema-graph\">{\"@context\":\"https:\\\/\\\/schema.org\",\"@graph\":[{\"@type\":\"WebPage\",\"@id\":\"https:\\\/\\\/www.tech-complex.com\\\/producto\\\/thor-optimaize\\\/\",\"url\":\"https:\\\/\\\/www.tech-complex.com\\\/producto\\\/thor-optimaize\\\/\",\"name\":\"THOR OPTIMAIZE - TECH-COMPLEX\",\"isPartOf\":{\"@id\":\"https:\\\/\\\/www.tech-complex.com\\\/#website\"},\"primaryImageOfPage\":{\"@id\":\"https:\\\/\\\/www.tech-complex.com\\\/producto\\\/thor-optimaize\\\/#primaryimage\"},\"image\":{\"@id\":\"https:\\\/\\\/www.tech-complex.com\\\/producto\\\/thor-optimaize\\\/#primaryimage\"},\"thumbnailUrl\":\"https:\\\/\\\/tech-complex.com\\\/wp-content\\\/uploads\\\/2025\\\/01\\\/Sobre-Thor-OPT.jpg\",\"datePublished\":\"2025-01-20T14:48:34+00:00\",\"dateModified\":\"2025-04-10T13:16:57+00:00\",\"breadcrumb\":{\"@id\":\"https:\\\/\\\/www.tech-complex.com\\\/producto\\\/thor-optimaize\\\/#breadcrumb\"},\"inLanguage\":\"ca\",\"potentialAction\":[{\"@type\":\"ReadAction\",\"target\":[\"https:\\\/\\\/www.tech-complex.com\\\/producto\\\/thor-optimaize\\\/\"]}]},{\"@type\":\"ImageObject\",\"inLanguage\":\"ca\",\"@id\":\"https:\\\/\\\/www.tech-complex.com\\\/producto\\\/thor-optimaize\\\/#primaryimage\",\"url\":\"https:\\\/\\\/tech-complex.com\\\/wp-content\\\/uploads\\\/2025\\\/01\\\/Sobre-Thor-OPT.jpg\",\"contentUrl\":\"https:\\\/\\\/tech-complex.com\\\/wp-content\\\/uploads\\\/2025\\\/01\\\/Sobre-Thor-OPT.jpg\",\"width\":746,\"height\":746},{\"@type\":\"BreadcrumbList\",\"@id\":\"https:\\\/\\\/www.tech-complex.com\\\/producto\\\/thor-optimaize\\\/#breadcrumb\",\"itemListElement\":[{\"@type\":\"ListItem\",\"position\":1,\"name\":\"Portada\",\"item\":\"https:\\\/\\\/tech-complex.com\\\/ca\\\/\"},{\"@type\":\"ListItem\",\"position\":2,\"name\":\"Productes-tenda\",\"item\":\"https:\\\/\\\/www.tech-complex.com\\\/ca\\\/productes-tenda\\\/\"},{\"@type\":\"ListItem\",\"position\":3,\"name\":\"THOR OPTIMAIZE\"}]},{\"@type\":\"WebSite\",\"@id\":\"https:\\\/\\\/www.tech-complex.com\\\/#website\",\"url\":\"https:\\\/\\\/www.tech-complex.com\\\/\",\"name\":\"TECH-COMPLEX\",\"description\":\"Soluciones nutricionales para el bienestar animal\",\"publisher\":{\"@id\":\"https:\\\/\\\/www.tech-complex.com\\\/#organization\"},\"potentialAction\":[{\"@type\":\"SearchAction\",\"target\":{\"@type\":\"EntryPoint\",\"urlTemplate\":\"https:\\\/\\\/www.tech-complex.com\\\/?s={search_term_string}\"},\"query-input\":{\"@type\":\"PropertyValueSpecification\",\"valueRequired\":true,\"valueName\":\"search_term_string\"}}],\"inLanguage\":\"ca\"},{\"@type\":\"Organization\",\"@id\":\"https:\\\/\\\/www.tech-complex.com\\\/#organization\",\"name\":\"TECH-COMPLEX\",\"url\":\"https:\\\/\\\/www.tech-complex.com\\\/\",\"logo\":{\"@type\":\"ImageObject\",\"inLanguage\":\"ca\",\"@id\":\"https:\\\/\\\/www.tech-complex.com\\\/#\\\/schema\\\/logo\\\/image\\\/\",\"url\":\"https:\\\/\\\/tech-complex.com\\\/wp-content\\\/uploads\\\/2024\\\/12\\\/Logo-TECHCOMPLEX-COLOR.png\",\"contentUrl\":\"https:\\\/\\\/tech-complex.com\\\/wp-content\\\/uploads\\\/2024\\\/12\\\/Logo-TECHCOMPLEX-COLOR.png\",\"width\":2560,\"height\":313,\"caption\":\"TECH-COMPLEX\"},\"image\":{\"@id\":\"https:\\\/\\\/www.tech-complex.com\\\/#\\\/schema\\\/logo\\\/image\\\/\"}}]}<\/script>\n<!-- \/ Yoast SEO plugin. -->","yoast_head_json":{"title":"THOR OPTIMAIZE - TECH-COMPLEX","robots":{"index":"index","follow":"follow","max-snippet":"max-snippet:-1","max-image-preview":"max-image-preview:large","max-video-preview":"max-video-preview:-1"},"canonical":"https:\/\/www.tech-complex.com\/producto\/thor-optimaize\/","og_locale":"ca_ES","og_type":"article","og_title":"THOR OPTIMAIZE - TECH-COMPLEX","og_description":"Inoculant per a ensitjat de blat de moro, melca i pastone","og_url":"https:\/\/www.tech-complex.com\/producto\/thor-optimaize\/","og_site_name":"TECH-COMPLEX","article_modified_time":"2025-04-10T13:16:57+00:00","og_image":[{"width":746,"height":746,"url":"https:\/\/www.tech-complex.com\/wp-content\/uploads\/2025\/01\/Sobre-Thor-OPT.jpg","type":"image\/jpeg"}],"twitter_card":"summary_large_image","twitter_misc":{"Temps estimat de lectura":"1 minut"},"schema":{"@context":"https:\/\/schema.org","@graph":[{"@type":"WebPage","@id":"https:\/\/www.tech-complex.com\/producto\/thor-optimaize\/","url":"https:\/\/www.tech-complex.com\/producto\/thor-optimaize\/","name":"THOR OPTIMAIZE - TECH-COMPLEX","isPartOf":{"@id":"https:\/\/www.tech-complex.com\/#website"},"primaryImageOfPage":{"@id":"https:\/\/www.tech-complex.com\/producto\/thor-optimaize\/#primaryimage"},"image":{"@id":"https:\/\/www.tech-complex.com\/producto\/thor-optimaize\/#primaryimage"},"thumbnailUrl":"https:\/\/tech-complex.com\/wp-content\/uploads\/2025\/01\/Sobre-Thor-OPT.jpg","datePublished":"2025-01-20T14:48:34+00:00","dateModified":"2025-04-10T13:16:57+00:00","breadcrumb":{"@id":"https:\/\/www.tech-complex.com\/producto\/thor-optimaize\/#breadcrumb"},"inLanguage":"ca","potentialAction":[{"@type":"ReadAction","target":["https:\/\/www.tech-complex.com\/producto\/thor-optimaize\/"]}]},{"@type":"ImageObject","inLanguage":"ca","@id":"https:\/\/www.tech-complex.com\/producto\/thor-optimaize\/#primaryimage","url":"https:\/\/tech-complex.com\/wp-content\/uploads\/2025\/01\/Sobre-Thor-OPT.jpg","contentUrl":"https:\/\/tech-complex.com\/wp-content\/uploads\/2025\/01\/Sobre-Thor-OPT.jpg","width":746,"height":746},{"@type":"BreadcrumbList","@id":"https:\/\/www.tech-complex.com\/producto\/thor-optimaize\/#breadcrumb","itemListElement":[{"@type":"ListItem","position":1,"name":"Portada","item":"https:\/\/tech-complex.com\/ca\/"},{"@type":"ListItem","position":2,"name":"Productes-tenda","item":"https:\/\/www.tech-complex.com\/ca\/productes-tenda\/"},{"@type":"ListItem","position":3,"name":"THOR OPTIMAIZE"}]},{"@type":"WebSite","@id":"https:\/\/www.tech-complex.com\/#website","url":"https:\/\/www.tech-complex.com\/","name":"TECH-COMPLEX","description":"Soluciones nutricionales para el bienestar animal","publisher":{"@id":"https:\/\/www.tech-complex.com\/#organization"},"potentialAction":[{"@type":"SearchAction","target":{"@type":"EntryPoint","urlTemplate":"https:\/\/www.tech-complex.com\/?s={search_term_string}"},"query-input":{"@type":"PropertyValueSpecification","valueRequired":true,"valueName":"search_term_string"}}],"inLanguage":"ca"},{"@type":"Organization","@id":"https:\/\/www.tech-complex.com\/#organization","name":"TECH-COMPLEX","url":"https:\/\/www.tech-complex.com\/","logo":{"@type":"ImageObject","inLanguage":"ca","@id":"https:\/\/www.tech-complex.com\/#\/schema\/logo\/image\/","url":"https:\/\/tech-complex.com\/wp-content\/uploads\/2024\/12\/Logo-TECHCOMPLEX-COLOR.png","contentUrl":"https:\/\/tech-complex.com\/wp-content\/uploads\/2024\/12\/Logo-TECHCOMPLEX-COLOR.png","width":2560,"height":313,"caption":"TECH-COMPLEX"},"image":{"@id":"https:\/\/www.tech-complex.com\/#\/schema\/logo\/image\/"}}]}},"_links":{"self":[{"href":"https:\/\/tech-complex.com\/ca\/wp-json\/wp\/v2\/product\/1702","targetHints":{"allow":["GET"]}}],"collection":[{"href":"https:\/\/tech-complex.com\/ca\/wp-json\/wp\/v2\/product"}],"about":[{"href":"https:\/\/tech-complex.com\/ca\/wp-json\/wp\/v2\/types\/product"}],"replies":[{"embeddable":true,"href":"https:\/\/tech-complex.com\/ca\/wp-json\/wp\/v2\/comments?post=1702"}],"wp:featuredmedia":[{"embeddable":true,"href":"https:\/\/tech-complex.com\/ca\/wp-json\/wp\/v2\/media\/1543"}],"wp:attachment":[{"href":"https:\/\/tech-complex.com\/ca\/wp-json\/wp\/v2\/media?parent=1702"}],"wp:term":[{"taxonomy":"product_brand","embeddable":true,"href":"https:\/\/tech-complex.com\/ca\/wp-json\/wp\/v2\/product_brand?post=1702"},{"taxonomy":"product_cat","embeddable":true,"href":"https:\/\/tech-complex.com\/ca\/wp-json\/wp\/v2\/product_cat?post=1702"},{"taxonomy":"product_tag","embeddable":true,"href":"https:\/\/tech-complex.com\/ca\/wp-json\/wp\/v2\/product_tag?post=1702"}],"curies":[{"name":"wp","href":"https:\/\/api.w.org\/{rel}","templated":true}]}}