{"id":1703,"date":"2025-01-20T14:48:34","date_gmt":"2025-01-20T14:48:34","guid":{"rendered":"https:\/producto\/sinergis\/"},"modified":"2025-04-10T13:46:30","modified_gmt":"2025-04-10T13:46:30","slug":"sinergis","status":"publish","type":"product","link":"https:\/\/tech-complex.com\/ca\/producto\/sinergis\/","title":{"rendered":"SINERGIS"},"content":{"rendered":"<p class=\"my-0\">Producte 100% llevat autolisat, derivat de la ind\u00fastria del bioetanol, representa una soluci\u00f3 nutricional avan\u00e7ada per a l&#8217;alimentaci\u00f3 animal. Aquest producte innovador es caracteritza per la seva elevada biodisponibilitat, tant del contingut citoplasm\u00e0tic com dels components de la paret cel\u00b7lular, que inclouen \u03b2-glucans i mananoligosac\u00e0rids (MOS). Aquests components de la paret cel\u00b7lular ofereixen beneficis addicionals, com la modulaci\u00f3 del sistema immune, la prevenci\u00f3 de la colonitzaci\u00f3 per pat\u00f2gens i el foment d&#8217;un equilibri saludable en la microbiota intestinal, el que es tradueix en una millor funci\u00f3 digestiva i resist\u00e8ncia als desafiaments ambientals.  <\/p>\n<p class=\"my-0\">Caracter\u00edstiques principals:<\/p>\n<ol>\n<li class=\"my-0\">Excel\u00b7lent perfil d&#8217;amino\u00e0cids: Proporciona una font completa i equilibrada d&#8217;amino\u00e0cids.<\/li>\n<li class=\"my-0\">Prote\u00efna d&#8217;alta digestibilitat: Facilita una absorci\u00f3 eficient de nutrients, optimitzant l&#8217;aprofitament per part de l&#8217;animal.<\/li>\n<li class=\"my-0\">Alta palatabilitat: millora l&#8217;acceptaci\u00f3 de l&#8217;aliment, estimula el consum i afavoreix un creixement constant.<\/li>\n<li class=\"my-0\">Versatilitat: Adequat per a totes les fases de producci\u00f3 animal, des del deslletament fins a l&#8217;etapa de finalitzaci\u00f3.<\/li>\n<li class=\"my-0\">Sostenibilitat: Com que \u00e9s un subproducte de la ind\u00fastria del bioetanol, contribueix a l&#8217;economia circular i redueix l&#8217;impacte ambiental.<\/li>\n<\/ol>\n<p class=\"my-0\">El nostre llevat autollisat \u00e9s una opci\u00f3 ideal per a formuladors de pinsos i productors que busquen millorar el rendiment i la salut animal de manera natural i sostenible. La seva incorporaci\u00f3 a les dietes pot contribuir significativament al desenvolupament \u00f2ptim de l&#8217;animal en totes les etapes productives. <\/p>\n","protected":false},"excerpt":{"rendered":"<p>Llevat autollisat<\/p>\n","protected":false},"featured_media":1835,"comment_status":"closed","ping_status":"closed","template":"","meta":{"_et_pb_use_builder":"","_et_pb_old_content":"","_et_gb_content_width":""},"product_brand":[],"product_cat":[118],"product_tag":[],"class_list":{"0":"post-1703","1":"product","2":"type-product","3":"status-publish","4":"has-post-thumbnail","6":"product_cat-sense-categoritzar","8":"first","9":"instock","10":"purchasable","11":"product-type-simple"},"yoast_head":"<!-- This site is optimized with the Yoast SEO plugin v27.4 - https:\/\/yoast.com\/product\/yoast-seo-wordpress\/ -->\n<title>SINERGIS - TECH-COMPLEX<\/title>\n<meta name=\"robots\" content=\"index, follow, max-snippet:-1, max-image-preview:large, max-video-preview:-1\" \/>\n<link rel=\"canonical\" href=\"https:\/\/www.tech-complex.com\/producto\/sinergis\/\" \/>\n<meta property=\"og:locale\" content=\"ca_ES\" \/>\n<meta property=\"og:type\" content=\"article\" \/>\n<meta property=\"og:title\" content=\"SINERGIS - TECH-COMPLEX\" \/>\n<meta property=\"og:description\" content=\"Llevat autollisat\" \/>\n<meta property=\"og:url\" content=\"https:\/\/www.tech-complex.com\/producto\/sinergis\/\" \/>\n<meta property=\"og:site_name\" content=\"TECH-COMPLEX\" \/>\n<meta property=\"article:modified_time\" content=\"2025-04-10T13:46:30+00:00\" \/>\n<meta property=\"og:image\" content=\"https:\/\/www.tech-complex.com\/wp-content\/uploads\/2025\/01\/Sinergis.png\" \/>\n\t<meta property=\"og:image:width\" content=\"1295\" \/>\n\t<meta property=\"og:image:height\" content=\"826\" \/>\n\t<meta property=\"og:image:type\" content=\"image\/png\" \/>\n<meta name=\"twitter:card\" content=\"summary_large_image\" \/>\n<meta name=\"twitter:label1\" content=\"Temps estimat de lectura\" \/>\n\t<meta name=\"twitter:data1\" content=\"1 minut\" \/>\n<script type=\"application\/ld+json\" class=\"yoast-schema-graph\">{\"@context\":\"https:\\\/\\\/schema.org\",\"@graph\":[{\"@type\":\"WebPage\",\"@id\":\"https:\\\/\\\/www.tech-complex.com\\\/producto\\\/sinergis\\\/\",\"url\":\"https:\\\/\\\/www.tech-complex.com\\\/producto\\\/sinergis\\\/\",\"name\":\"SINERGIS - TECH-COMPLEX\",\"isPartOf\":{\"@id\":\"https:\\\/\\\/www.tech-complex.com\\\/#website\"},\"primaryImageOfPage\":{\"@id\":\"https:\\\/\\\/www.tech-complex.com\\\/producto\\\/sinergis\\\/#primaryimage\"},\"image\":{\"@id\":\"https:\\\/\\\/www.tech-complex.com\\\/producto\\\/sinergis\\\/#primaryimage\"},\"thumbnailUrl\":\"https:\\\/\\\/tech-complex.com\\\/wp-content\\\/uploads\\\/2025\\\/01\\\/Sinergis.png\",\"datePublished\":\"2025-01-20T14:48:34+00:00\",\"dateModified\":\"2025-04-10T13:46:30+00:00\",\"breadcrumb\":{\"@id\":\"https:\\\/\\\/www.tech-complex.com\\\/producto\\\/sinergis\\\/#breadcrumb\"},\"inLanguage\":\"ca\",\"potentialAction\":[{\"@type\":\"ReadAction\",\"target\":[\"https:\\\/\\\/www.tech-complex.com\\\/producto\\\/sinergis\\\/\"]}]},{\"@type\":\"ImageObject\",\"inLanguage\":\"ca\",\"@id\":\"https:\\\/\\\/www.tech-complex.com\\\/producto\\\/sinergis\\\/#primaryimage\",\"url\":\"https:\\\/\\\/tech-complex.com\\\/wp-content\\\/uploads\\\/2025\\\/01\\\/Sinergis.png\",\"contentUrl\":\"https:\\\/\\\/tech-complex.com\\\/wp-content\\\/uploads\\\/2025\\\/01\\\/Sinergis.png\",\"width\":1295,\"height\":826},{\"@type\":\"BreadcrumbList\",\"@id\":\"https:\\\/\\\/www.tech-complex.com\\\/producto\\\/sinergis\\\/#breadcrumb\",\"itemListElement\":[{\"@type\":\"ListItem\",\"position\":1,\"name\":\"Portada\",\"item\":\"https:\\\/\\\/tech-complex.com\\\/ca\\\/\"},{\"@type\":\"ListItem\",\"position\":2,\"name\":\"Productes-tenda\",\"item\":\"https:\\\/\\\/www.tech-complex.com\\\/ca\\\/productes-tenda\\\/\"},{\"@type\":\"ListItem\",\"position\":3,\"name\":\"SINERGIS\"}]},{\"@type\":\"WebSite\",\"@id\":\"https:\\\/\\\/www.tech-complex.com\\\/#website\",\"url\":\"https:\\\/\\\/www.tech-complex.com\\\/\",\"name\":\"TECH-COMPLEX\",\"description\":\"Soluciones nutricionales para el bienestar animal\",\"publisher\":{\"@id\":\"https:\\\/\\\/www.tech-complex.com\\\/#organization\"},\"potentialAction\":[{\"@type\":\"SearchAction\",\"target\":{\"@type\":\"EntryPoint\",\"urlTemplate\":\"https:\\\/\\\/www.tech-complex.com\\\/?s={search_term_string}\"},\"query-input\":{\"@type\":\"PropertyValueSpecification\",\"valueRequired\":true,\"valueName\":\"search_term_string\"}}],\"inLanguage\":\"ca\"},{\"@type\":\"Organization\",\"@id\":\"https:\\\/\\\/www.tech-complex.com\\\/#organization\",\"name\":\"TECH-COMPLEX\",\"url\":\"https:\\\/\\\/www.tech-complex.com\\\/\",\"logo\":{\"@type\":\"ImageObject\",\"inLanguage\":\"ca\",\"@id\":\"https:\\\/\\\/www.tech-complex.com\\\/#\\\/schema\\\/logo\\\/image\\\/\",\"url\":\"https:\\\/\\\/tech-complex.com\\\/wp-content\\\/uploads\\\/2024\\\/12\\\/Logo-TECHCOMPLEX-COLOR.png\",\"contentUrl\":\"https:\\\/\\\/tech-complex.com\\\/wp-content\\\/uploads\\\/2024\\\/12\\\/Logo-TECHCOMPLEX-COLOR.png\",\"width\":2560,\"height\":313,\"caption\":\"TECH-COMPLEX\"},\"image\":{\"@id\":\"https:\\\/\\\/www.tech-complex.com\\\/#\\\/schema\\\/logo\\\/image\\\/\"}}]}<\/script>\n<!-- \/ Yoast SEO plugin. -->","yoast_head_json":{"title":"SINERGIS - TECH-COMPLEX","robots":{"index":"index","follow":"follow","max-snippet":"max-snippet:-1","max-image-preview":"max-image-preview:large","max-video-preview":"max-video-preview:-1"},"canonical":"https:\/\/www.tech-complex.com\/producto\/sinergis\/","og_locale":"ca_ES","og_type":"article","og_title":"SINERGIS - TECH-COMPLEX","og_description":"Llevat autollisat","og_url":"https:\/\/www.tech-complex.com\/producto\/sinergis\/","og_site_name":"TECH-COMPLEX","article_modified_time":"2025-04-10T13:46:30+00:00","og_image":[{"width":1295,"height":826,"url":"https:\/\/www.tech-complex.com\/wp-content\/uploads\/2025\/01\/Sinergis.png","type":"image\/png"}],"twitter_card":"summary_large_image","twitter_misc":{"Temps estimat de lectura":"1 minut"},"schema":{"@context":"https:\/\/schema.org","@graph":[{"@type":"WebPage","@id":"https:\/\/www.tech-complex.com\/producto\/sinergis\/","url":"https:\/\/www.tech-complex.com\/producto\/sinergis\/","name":"SINERGIS - TECH-COMPLEX","isPartOf":{"@id":"https:\/\/www.tech-complex.com\/#website"},"primaryImageOfPage":{"@id":"https:\/\/www.tech-complex.com\/producto\/sinergis\/#primaryimage"},"image":{"@id":"https:\/\/www.tech-complex.com\/producto\/sinergis\/#primaryimage"},"thumbnailUrl":"https:\/\/tech-complex.com\/wp-content\/uploads\/2025\/01\/Sinergis.png","datePublished":"2025-01-20T14:48:34+00:00","dateModified":"2025-04-10T13:46:30+00:00","breadcrumb":{"@id":"https:\/\/www.tech-complex.com\/producto\/sinergis\/#breadcrumb"},"inLanguage":"ca","potentialAction":[{"@type":"ReadAction","target":["https:\/\/www.tech-complex.com\/producto\/sinergis\/"]}]},{"@type":"ImageObject","inLanguage":"ca","@id":"https:\/\/www.tech-complex.com\/producto\/sinergis\/#primaryimage","url":"https:\/\/tech-complex.com\/wp-content\/uploads\/2025\/01\/Sinergis.png","contentUrl":"https:\/\/tech-complex.com\/wp-content\/uploads\/2025\/01\/Sinergis.png","width":1295,"height":826},{"@type":"BreadcrumbList","@id":"https:\/\/www.tech-complex.com\/producto\/sinergis\/#breadcrumb","itemListElement":[{"@type":"ListItem","position":1,"name":"Portada","item":"https:\/\/tech-complex.com\/ca\/"},{"@type":"ListItem","position":2,"name":"Productes-tenda","item":"https:\/\/www.tech-complex.com\/ca\/productes-tenda\/"},{"@type":"ListItem","position":3,"name":"SINERGIS"}]},{"@type":"WebSite","@id":"https:\/\/www.tech-complex.com\/#website","url":"https:\/\/www.tech-complex.com\/","name":"TECH-COMPLEX","description":"Soluciones nutricionales para el bienestar animal","publisher":{"@id":"https:\/\/www.tech-complex.com\/#organization"},"potentialAction":[{"@type":"SearchAction","target":{"@type":"EntryPoint","urlTemplate":"https:\/\/www.tech-complex.com\/?s={search_term_string}"},"query-input":{"@type":"PropertyValueSpecification","valueRequired":true,"valueName":"search_term_string"}}],"inLanguage":"ca"},{"@type":"Organization","@id":"https:\/\/www.tech-complex.com\/#organization","name":"TECH-COMPLEX","url":"https:\/\/www.tech-complex.com\/","logo":{"@type":"ImageObject","inLanguage":"ca","@id":"https:\/\/www.tech-complex.com\/#\/schema\/logo\/image\/","url":"https:\/\/tech-complex.com\/wp-content\/uploads\/2024\/12\/Logo-TECHCOMPLEX-COLOR.png","contentUrl":"https:\/\/tech-complex.com\/wp-content\/uploads\/2024\/12\/Logo-TECHCOMPLEX-COLOR.png","width":2560,"height":313,"caption":"TECH-COMPLEX"},"image":{"@id":"https:\/\/www.tech-complex.com\/#\/schema\/logo\/image\/"}}]}},"_links":{"self":[{"href":"https:\/\/tech-complex.com\/ca\/wp-json\/wp\/v2\/product\/1703","targetHints":{"allow":["GET"]}}],"collection":[{"href":"https:\/\/tech-complex.com\/ca\/wp-json\/wp\/v2\/product"}],"about":[{"href":"https:\/\/tech-complex.com\/ca\/wp-json\/wp\/v2\/types\/product"}],"replies":[{"embeddable":true,"href":"https:\/\/tech-complex.com\/ca\/wp-json\/wp\/v2\/comments?post=1703"}],"wp:featuredmedia":[{"embeddable":true,"href":"https:\/\/tech-complex.com\/ca\/wp-json\/wp\/v2\/media\/1835"}],"wp:attachment":[{"href":"https:\/\/tech-complex.com\/ca\/wp-json\/wp\/v2\/media?parent=1703"}],"wp:term":[{"taxonomy":"product_brand","embeddable":true,"href":"https:\/\/tech-complex.com\/ca\/wp-json\/wp\/v2\/product_brand?post=1703"},{"taxonomy":"product_cat","embeddable":true,"href":"https:\/\/tech-complex.com\/ca\/wp-json\/wp\/v2\/product_cat?post=1703"},{"taxonomy":"product_tag","embeddable":true,"href":"https:\/\/tech-complex.com\/ca\/wp-json\/wp\/v2\/product_tag?post=1703"}],"curies":[{"name":"wp","href":"https:\/\/api.w.org\/{rel}","templated":true}]}}