{"id":1705,"date":"2025-01-20T14:48:34","date_gmt":"2025-01-20T14:48:34","guid":{"rendered":"https:\/producto\/optifeed\/"},"modified":"2025-04-10T13:27:45","modified_gmt":"2025-04-10T13:27:45","slug":"optifeed","status":"publish","type":"product","link":"https:\/\/tech-complex.com\/ca\/producto\/optifeed\/","title":{"rendered":"OPTIFEED"},"content":{"rendered":"<div>\n<div class=\"border-borderMain\/50 ring-borderMain\/50 divide-borderMain\/50 dark:divide-borderMainDark\/50 dark:ring-borderMainDark\/50 dark:border-borderMainDark\/50 bg-transparent\">\n<div class=\"mb-md\">\n<div class=\"relative default font-sans text-base text-textMain dark:text-textMainDark selection:bg-super\/50 selection:text-textMain dark:selection:bg-superDuper\/10 dark:selection:text-superDark\">\n<div class=\"min-w-0 break-words [word-break:break-word]\">\n<div id=\"markdown-content-36\" dir=\"auto\">\n<div class=\"prose text-pretty dark:prose-invert inline leading-normal break-words min-w-0 [word-break:break-word]\">\n<p class=\"my-0\">Optifeed \u00e9s una premescla neurosensorial avan\u00e7ada dissenyada per optimitzar la ingesta d&#8217;aliment en remugants, aus de corral i porc\u00ed. La seva formulaci\u00f3 \u00fanica, basada en principis actius i extractes vegetals seleccionats amb cura, actua en tres nivells clau: <\/p>\n<ol>\n<li class=\"my-0\">Atracci\u00f3: Potencia l&#8217;orientaci\u00f3 dels animals cap a l&#8217;aliment, reduint l&#8217;interval entre la distribuci\u00f3 i el consum.<\/li>\n<li class=\"my-0\">Estimulaci\u00f3 de la gana: Activa els senyals de gana al cervell i afavoreix una funci\u00f3 digestiva \u00f2ptima.<\/li>\n<li class=\"my-0\">Palatabilitat: Proporciona un sabor agradable que desencadena una resposta plaent.<\/li>\n<\/ol>\n<p class=\"my-0\">Cada f\u00f3rmula d&#8217;Optifeed ha estat adaptada espec\u00edficament per satisfer les prefer\u00e8ncies i necessitats particulars de cada esp\u00e8cie animal, garantint aix\u00ed una efic\u00e0cia m\u00e0xima en l&#8217;estimulaci\u00f3 del consum de pinso i blocs minerals.<\/p>\n<\/div>\n<\/div>\n<\/div>\n<\/div>\n<\/div>\n<\/div>\n<\/div>\n","protected":false},"excerpt":{"rendered":"<p>Soluci\u00f3 sensorial per a l&#8217;augment de la gana<\/p>\n","protected":false},"featured_media":1525,"comment_status":"closed","ping_status":"closed","template":"","meta":{"_et_pb_use_builder":"","_et_pb_old_content":"","_et_gb_content_width":""},"product_brand":[],"product_cat":[118],"product_tag":[],"class_list":{"0":"post-1705","1":"product","2":"type-product","3":"status-publish","4":"has-post-thumbnail","6":"product_cat-sense-categoritzar","8":"first","9":"instock","10":"purchasable","11":"product-type-simple"},"yoast_head":"<!-- This site is optimized with the Yoast SEO plugin v27.4 - https:\/\/yoast.com\/product\/yoast-seo-wordpress\/ -->\n<title>OPTIFEED - TECH-COMPLEX<\/title>\n<meta name=\"robots\" content=\"index, follow, max-snippet:-1, max-image-preview:large, max-video-preview:-1\" \/>\n<link rel=\"canonical\" href=\"https:\/\/www.tech-complex.com\/producto\/optifeed\/\" \/>\n<meta property=\"og:locale\" content=\"ca_ES\" \/>\n<meta property=\"og:type\" content=\"article\" \/>\n<meta property=\"og:title\" content=\"OPTIFEED - TECH-COMPLEX\" \/>\n<meta property=\"og:description\" content=\"Soluci\u00f3 sensorial per a l&#039;augment de la gana\" \/>\n<meta property=\"og:url\" content=\"https:\/\/www.tech-complex.com\/producto\/optifeed\/\" \/>\n<meta property=\"og:site_name\" content=\"TECH-COMPLEX\" \/>\n<meta property=\"article:modified_time\" content=\"2025-04-10T13:27:45+00:00\" \/>\n<meta property=\"og:image\" content=\"https:\/\/www.tech-complex.com\/wp-content\/uploads\/2025\/01\/ternero-comiendo-1.jpg\" \/>\n\t<meta property=\"og:image:width\" content=\"1500\" \/>\n\t<meta property=\"og:image:height\" content=\"1038\" \/>\n\t<meta property=\"og:image:type\" content=\"image\/jpeg\" \/>\n<meta name=\"twitter:card\" content=\"summary_large_image\" \/>\n<meta name=\"twitter:label1\" content=\"Temps estimat de lectura\" \/>\n\t<meta name=\"twitter:data1\" content=\"1 minut\" \/>\n<script type=\"application\/ld+json\" class=\"yoast-schema-graph\">{\"@context\":\"https:\\\/\\\/schema.org\",\"@graph\":[{\"@type\":\"WebPage\",\"@id\":\"https:\\\/\\\/www.tech-complex.com\\\/producto\\\/optifeed\\\/\",\"url\":\"https:\\\/\\\/www.tech-complex.com\\\/producto\\\/optifeed\\\/\",\"name\":\"OPTIFEED - TECH-COMPLEX\",\"isPartOf\":{\"@id\":\"https:\\\/\\\/www.tech-complex.com\\\/#website\"},\"primaryImageOfPage\":{\"@id\":\"https:\\\/\\\/www.tech-complex.com\\\/producto\\\/optifeed\\\/#primaryimage\"},\"image\":{\"@id\":\"https:\\\/\\\/www.tech-complex.com\\\/producto\\\/optifeed\\\/#primaryimage\"},\"thumbnailUrl\":\"https:\\\/\\\/tech-complex.com\\\/wp-content\\\/uploads\\\/2025\\\/01\\\/ternero-comiendo-1.jpg\",\"datePublished\":\"2025-01-20T14:48:34+00:00\",\"dateModified\":\"2025-04-10T13:27:45+00:00\",\"breadcrumb\":{\"@id\":\"https:\\\/\\\/www.tech-complex.com\\\/producto\\\/optifeed\\\/#breadcrumb\"},\"inLanguage\":\"ca\",\"potentialAction\":[{\"@type\":\"ReadAction\",\"target\":[\"https:\\\/\\\/www.tech-complex.com\\\/producto\\\/optifeed\\\/\"]}]},{\"@type\":\"ImageObject\",\"inLanguage\":\"ca\",\"@id\":\"https:\\\/\\\/www.tech-complex.com\\\/producto\\\/optifeed\\\/#primaryimage\",\"url\":\"https:\\\/\\\/tech-complex.com\\\/wp-content\\\/uploads\\\/2025\\\/01\\\/ternero-comiendo-1.jpg\",\"contentUrl\":\"https:\\\/\\\/tech-complex.com\\\/wp-content\\\/uploads\\\/2025\\\/01\\\/ternero-comiendo-1.jpg\",\"width\":1500,\"height\":1038},{\"@type\":\"BreadcrumbList\",\"@id\":\"https:\\\/\\\/www.tech-complex.com\\\/producto\\\/optifeed\\\/#breadcrumb\",\"itemListElement\":[{\"@type\":\"ListItem\",\"position\":1,\"name\":\"Portada\",\"item\":\"https:\\\/\\\/tech-complex.com\\\/ca\\\/\"},{\"@type\":\"ListItem\",\"position\":2,\"name\":\"Productes-tenda\",\"item\":\"https:\\\/\\\/www.tech-complex.com\\\/ca\\\/productes-tenda\\\/\"},{\"@type\":\"ListItem\",\"position\":3,\"name\":\"OPTIFEED\"}]},{\"@type\":\"WebSite\",\"@id\":\"https:\\\/\\\/www.tech-complex.com\\\/#website\",\"url\":\"https:\\\/\\\/www.tech-complex.com\\\/\",\"name\":\"TECH-COMPLEX\",\"description\":\"Soluciones nutricionales para el bienestar animal\",\"publisher\":{\"@id\":\"https:\\\/\\\/www.tech-complex.com\\\/#organization\"},\"potentialAction\":[{\"@type\":\"SearchAction\",\"target\":{\"@type\":\"EntryPoint\",\"urlTemplate\":\"https:\\\/\\\/www.tech-complex.com\\\/?s={search_term_string}\"},\"query-input\":{\"@type\":\"PropertyValueSpecification\",\"valueRequired\":true,\"valueName\":\"search_term_string\"}}],\"inLanguage\":\"ca\"},{\"@type\":\"Organization\",\"@id\":\"https:\\\/\\\/www.tech-complex.com\\\/#organization\",\"name\":\"TECH-COMPLEX\",\"url\":\"https:\\\/\\\/www.tech-complex.com\\\/\",\"logo\":{\"@type\":\"ImageObject\",\"inLanguage\":\"ca\",\"@id\":\"https:\\\/\\\/www.tech-complex.com\\\/#\\\/schema\\\/logo\\\/image\\\/\",\"url\":\"https:\\\/\\\/tech-complex.com\\\/wp-content\\\/uploads\\\/2024\\\/12\\\/Logo-TECHCOMPLEX-COLOR.png\",\"contentUrl\":\"https:\\\/\\\/tech-complex.com\\\/wp-content\\\/uploads\\\/2024\\\/12\\\/Logo-TECHCOMPLEX-COLOR.png\",\"width\":2560,\"height\":313,\"caption\":\"TECH-COMPLEX\"},\"image\":{\"@id\":\"https:\\\/\\\/www.tech-complex.com\\\/#\\\/schema\\\/logo\\\/image\\\/\"}}]}<\/script>\n<!-- \/ Yoast SEO plugin. -->","yoast_head_json":{"title":"OPTIFEED - TECH-COMPLEX","robots":{"index":"index","follow":"follow","max-snippet":"max-snippet:-1","max-image-preview":"max-image-preview:large","max-video-preview":"max-video-preview:-1"},"canonical":"https:\/\/www.tech-complex.com\/producto\/optifeed\/","og_locale":"ca_ES","og_type":"article","og_title":"OPTIFEED - TECH-COMPLEX","og_description":"Soluci\u00f3 sensorial per a l'augment de la gana","og_url":"https:\/\/www.tech-complex.com\/producto\/optifeed\/","og_site_name":"TECH-COMPLEX","article_modified_time":"2025-04-10T13:27:45+00:00","og_image":[{"width":1500,"height":1038,"url":"https:\/\/www.tech-complex.com\/wp-content\/uploads\/2025\/01\/ternero-comiendo-1.jpg","type":"image\/jpeg"}],"twitter_card":"summary_large_image","twitter_misc":{"Temps estimat de lectura":"1 minut"},"schema":{"@context":"https:\/\/schema.org","@graph":[{"@type":"WebPage","@id":"https:\/\/www.tech-complex.com\/producto\/optifeed\/","url":"https:\/\/www.tech-complex.com\/producto\/optifeed\/","name":"OPTIFEED - TECH-COMPLEX","isPartOf":{"@id":"https:\/\/www.tech-complex.com\/#website"},"primaryImageOfPage":{"@id":"https:\/\/www.tech-complex.com\/producto\/optifeed\/#primaryimage"},"image":{"@id":"https:\/\/www.tech-complex.com\/producto\/optifeed\/#primaryimage"},"thumbnailUrl":"https:\/\/tech-complex.com\/wp-content\/uploads\/2025\/01\/ternero-comiendo-1.jpg","datePublished":"2025-01-20T14:48:34+00:00","dateModified":"2025-04-10T13:27:45+00:00","breadcrumb":{"@id":"https:\/\/www.tech-complex.com\/producto\/optifeed\/#breadcrumb"},"inLanguage":"ca","potentialAction":[{"@type":"ReadAction","target":["https:\/\/www.tech-complex.com\/producto\/optifeed\/"]}]},{"@type":"ImageObject","inLanguage":"ca","@id":"https:\/\/www.tech-complex.com\/producto\/optifeed\/#primaryimage","url":"https:\/\/tech-complex.com\/wp-content\/uploads\/2025\/01\/ternero-comiendo-1.jpg","contentUrl":"https:\/\/tech-complex.com\/wp-content\/uploads\/2025\/01\/ternero-comiendo-1.jpg","width":1500,"height":1038},{"@type":"BreadcrumbList","@id":"https:\/\/www.tech-complex.com\/producto\/optifeed\/#breadcrumb","itemListElement":[{"@type":"ListItem","position":1,"name":"Portada","item":"https:\/\/tech-complex.com\/ca\/"},{"@type":"ListItem","position":2,"name":"Productes-tenda","item":"https:\/\/www.tech-complex.com\/ca\/productes-tenda\/"},{"@type":"ListItem","position":3,"name":"OPTIFEED"}]},{"@type":"WebSite","@id":"https:\/\/www.tech-complex.com\/#website","url":"https:\/\/www.tech-complex.com\/","name":"TECH-COMPLEX","description":"Soluciones nutricionales para el bienestar animal","publisher":{"@id":"https:\/\/www.tech-complex.com\/#organization"},"potentialAction":[{"@type":"SearchAction","target":{"@type":"EntryPoint","urlTemplate":"https:\/\/www.tech-complex.com\/?s={search_term_string}"},"query-input":{"@type":"PropertyValueSpecification","valueRequired":true,"valueName":"search_term_string"}}],"inLanguage":"ca"},{"@type":"Organization","@id":"https:\/\/www.tech-complex.com\/#organization","name":"TECH-COMPLEX","url":"https:\/\/www.tech-complex.com\/","logo":{"@type":"ImageObject","inLanguage":"ca","@id":"https:\/\/www.tech-complex.com\/#\/schema\/logo\/image\/","url":"https:\/\/tech-complex.com\/wp-content\/uploads\/2024\/12\/Logo-TECHCOMPLEX-COLOR.png","contentUrl":"https:\/\/tech-complex.com\/wp-content\/uploads\/2024\/12\/Logo-TECHCOMPLEX-COLOR.png","width":2560,"height":313,"caption":"TECH-COMPLEX"},"image":{"@id":"https:\/\/www.tech-complex.com\/#\/schema\/logo\/image\/"}}]}},"_links":{"self":[{"href":"https:\/\/tech-complex.com\/ca\/wp-json\/wp\/v2\/product\/1705","targetHints":{"allow":["GET"]}}],"collection":[{"href":"https:\/\/tech-complex.com\/ca\/wp-json\/wp\/v2\/product"}],"about":[{"href":"https:\/\/tech-complex.com\/ca\/wp-json\/wp\/v2\/types\/product"}],"replies":[{"embeddable":true,"href":"https:\/\/tech-complex.com\/ca\/wp-json\/wp\/v2\/comments?post=1705"}],"wp:featuredmedia":[{"embeddable":true,"href":"https:\/\/tech-complex.com\/ca\/wp-json\/wp\/v2\/media\/1525"}],"wp:attachment":[{"href":"https:\/\/tech-complex.com\/ca\/wp-json\/wp\/v2\/media?parent=1705"}],"wp:term":[{"taxonomy":"product_brand","embeddable":true,"href":"https:\/\/tech-complex.com\/ca\/wp-json\/wp\/v2\/product_brand?post=1705"},{"taxonomy":"product_cat","embeddable":true,"href":"https:\/\/tech-complex.com\/ca\/wp-json\/wp\/v2\/product_cat?post=1705"},{"taxonomy":"product_tag","embeddable":true,"href":"https:\/\/tech-complex.com\/ca\/wp-json\/wp\/v2\/product_tag?post=1705"}],"curies":[{"name":"wp","href":"https:\/\/api.w.org\/{rel}","templated":true}]}}