{"id":1713,"date":"2025-01-20T14:48:34","date_gmt":"2025-01-20T14:48:34","guid":{"rendered":"https:\/producto\/olpheel-eat-shrimp\/"},"modified":"2025-04-10T13:41:16","modified_gmt":"2025-04-10T13:41:16","slug":"olpheel-eat-shrimp","status":"publish","type":"product","link":"https:\/\/tech-complex.com\/ca\/producto\/olpheel-eat-shrimp\/","title":{"rendered":"OLPHEEL EAT SHRIMP"},"content":{"rendered":"<p class=\"my-0\">Olpheel Eat \u00e9s una soluci\u00f3 neurosensorial avan\u00e7ada dissenyada per optimitzar el comportament alimentari dels llagostins. La seva formulaci\u00f3 \u00fanica activa el sistema quimioreceptiu d&#8217;aquests crustacis, potenciant la seva resposta davant del pinso. Els components olfactius espec\u00edfics d&#8217;Olpheel Eat contribueixen a:  <\/p>\n<ol>\n<li class=\"my-0\">Incrementar la ingesta de pinso.<\/li>\n<li class=\"my-0\">Promoure un desenvolupament m\u00e9s uniforme de la poblaci\u00f3.<\/li>\n<li class=\"my-0\">Potenciar l&#8217;acceptaci\u00f3 de pinsos amb baix contingut de farina de peix o medicats.<\/li>\n<li class=\"my-0\">Maximitzar l&#8217;efici\u00e8ncia de la formulaci\u00f3 aliment\u00e0ria.<\/li>\n<\/ol>\n<p class=\"my-0\">Aquesta soluci\u00f3 innovadora estimula els quimioreceptors dels llagostins, desencadenant una cascada de respostes fisiol\u00f2giques que culminen en una major atracci\u00f3 cap al pinso i un consum m\u00e9s eficient.<\/p>\n","protected":false},"excerpt":{"rendered":"<p>Additiu neurosensorial per a l&#8217;estimulaci\u00f3 de la gana en llagostins<\/p>\n","protected":false},"featured_media":1115,"comment_status":"closed","ping_status":"closed","template":"","meta":{"_et_pb_use_builder":"","_et_pb_old_content":"","_et_gb_content_width":""},"product_brand":[],"product_cat":[118],"product_tag":[],"class_list":{"0":"post-1713","1":"product","2":"type-product","3":"status-publish","4":"has-post-thumbnail","6":"product_cat-sense-categoritzar","8":"first","9":"instock","10":"purchasable","11":"product-type-simple"},"yoast_head":"<!-- This site is optimized with the Yoast SEO plugin v27.1.1 - https:\/\/yoast.com\/product\/yoast-seo-wordpress\/ -->\n<title>OLPHEEL EAT SHRIMP - TECH-COMPLEX<\/title>\n<meta name=\"robots\" content=\"index, follow, max-snippet:-1, max-image-preview:large, max-video-preview:-1\" \/>\n<link rel=\"canonical\" href=\"https:\/\/www.tech-complex.com\/producto\/olpheel-eat-shrimp\/\" \/>\n<meta property=\"og:locale\" content=\"ca_ES\" \/>\n<meta property=\"og:type\" content=\"article\" \/>\n<meta property=\"og:title\" content=\"OLPHEEL EAT SHRIMP - TECH-COMPLEX\" \/>\n<meta property=\"og:description\" content=\"Additiu neurosensorial per a l&#039;estimulaci\u00f3 de la gana en llagostins\" \/>\n<meta property=\"og:url\" content=\"https:\/\/www.tech-complex.com\/producto\/olpheel-eat-shrimp\/\" \/>\n<meta property=\"og:site_name\" content=\"TECH-COMPLEX\" \/>\n<meta property=\"article:modified_time\" content=\"2025-04-10T13:41:16+00:00\" \/>\n<meta property=\"og:image\" content=\"https:\/\/www.tech-complex.com\/wp-content\/uploads\/2025\/01\/prawn-denoise-sharpen.jpeg\" \/>\n\t<meta property=\"og:image:width\" content=\"896\" \/>\n\t<meta property=\"og:image:height\" content=\"1152\" \/>\n\t<meta property=\"og:image:type\" content=\"image\/jpeg\" \/>\n<meta name=\"twitter:card\" content=\"summary_large_image\" \/>\n<meta name=\"twitter:label1\" content=\"Temps estimat de lectura\" \/>\n\t<meta name=\"twitter:data1\" content=\"1 minut\" \/>\n<script type=\"application\/ld+json\" class=\"yoast-schema-graph\">{\"@context\":\"https:\/\/schema.org\",\"@graph\":[{\"@type\":\"WebPage\",\"@id\":\"https:\/\/www.tech-complex.com\/producto\/olpheel-eat-shrimp\/\",\"url\":\"https:\/\/www.tech-complex.com\/producto\/olpheel-eat-shrimp\/\",\"name\":\"OLPHEEL EAT SHRIMP - TECH-COMPLEX\",\"isPartOf\":{\"@id\":\"https:\/\/www.tech-complex.com\/#website\"},\"primaryImageOfPage\":{\"@id\":\"https:\/\/www.tech-complex.com\/producto\/olpheel-eat-shrimp\/#primaryimage\"},\"image\":{\"@id\":\"https:\/\/www.tech-complex.com\/producto\/olpheel-eat-shrimp\/#primaryimage\"},\"thumbnailUrl\":\"https:\/\/tech-complex.com\/wp-content\/uploads\/2025\/01\/prawn-denoise-sharpen.jpeg\",\"datePublished\":\"2025-01-20T14:48:34+00:00\",\"dateModified\":\"2025-04-10T13:41:16+00:00\",\"breadcrumb\":{\"@id\":\"https:\/\/www.tech-complex.com\/producto\/olpheel-eat-shrimp\/#breadcrumb\"},\"inLanguage\":\"ca\",\"potentialAction\":[{\"@type\":\"ReadAction\",\"target\":[\"https:\/\/www.tech-complex.com\/producto\/olpheel-eat-shrimp\/\"]}]},{\"@type\":\"ImageObject\",\"inLanguage\":\"ca\",\"@id\":\"https:\/\/www.tech-complex.com\/producto\/olpheel-eat-shrimp\/#primaryimage\",\"url\":\"https:\/\/tech-complex.com\/wp-content\/uploads\/2025\/01\/prawn-denoise-sharpen.jpeg\",\"contentUrl\":\"https:\/\/tech-complex.com\/wp-content\/uploads\/2025\/01\/prawn-denoise-sharpen.jpeg\",\"width\":896,\"height\":1152},{\"@type\":\"BreadcrumbList\",\"@id\":\"https:\/\/www.tech-complex.com\/producto\/olpheel-eat-shrimp\/#breadcrumb\",\"itemListElement\":[{\"@type\":\"ListItem\",\"position\":1,\"name\":\"Portada\",\"item\":\"https:\/\/tech-complex.com\/ca\/\"},{\"@type\":\"ListItem\",\"position\":2,\"name\":\"Productes-tenda\",\"item\":\"https:\/\/www.tech-complex.com\/ca\/productes-tenda\/\"},{\"@type\":\"ListItem\",\"position\":3,\"name\":\"OLPHEEL EAT SHRIMP\"}]},{\"@type\":\"WebSite\",\"@id\":\"https:\/\/www.tech-complex.com\/#website\",\"url\":\"https:\/\/www.tech-complex.com\/\",\"name\":\"TECH-COMPLEX\",\"description\":\"Soluciones nutricionales para el bienestar animal\",\"publisher\":{\"@id\":\"https:\/\/www.tech-complex.com\/#organization\"},\"potentialAction\":[{\"@type\":\"SearchAction\",\"target\":{\"@type\":\"EntryPoint\",\"urlTemplate\":\"https:\/\/www.tech-complex.com\/?s={search_term_string}\"},\"query-input\":{\"@type\":\"PropertyValueSpecification\",\"valueRequired\":true,\"valueName\":\"search_term_string\"}}],\"inLanguage\":\"ca\"},{\"@type\":\"Organization\",\"@id\":\"https:\/\/www.tech-complex.com\/#organization\",\"name\":\"TECH-COMPLEX\",\"url\":\"https:\/\/www.tech-complex.com\/\",\"logo\":{\"@type\":\"ImageObject\",\"inLanguage\":\"ca\",\"@id\":\"https:\/\/www.tech-complex.com\/#\/schema\/logo\/image\/\",\"url\":\"https:\/\/tech-complex.com\/wp-content\/uploads\/2024\/12\/Logo-TECHCOMPLEX-COLOR.png\",\"contentUrl\":\"https:\/\/tech-complex.com\/wp-content\/uploads\/2024\/12\/Logo-TECHCOMPLEX-COLOR.png\",\"width\":2560,\"height\":313,\"caption\":\"TECH-COMPLEX\"},\"image\":{\"@id\":\"https:\/\/www.tech-complex.com\/#\/schema\/logo\/image\/\"}}]}<\/script>\n<!-- \/ Yoast SEO plugin. -->","yoast_head_json":{"title":"OLPHEEL EAT SHRIMP - TECH-COMPLEX","robots":{"index":"index","follow":"follow","max-snippet":"max-snippet:-1","max-image-preview":"max-image-preview:large","max-video-preview":"max-video-preview:-1"},"canonical":"https:\/\/www.tech-complex.com\/producto\/olpheel-eat-shrimp\/","og_locale":"ca_ES","og_type":"article","og_title":"OLPHEEL EAT SHRIMP - TECH-COMPLEX","og_description":"Additiu neurosensorial per a l'estimulaci\u00f3 de la gana en llagostins","og_url":"https:\/\/www.tech-complex.com\/producto\/olpheel-eat-shrimp\/","og_site_name":"TECH-COMPLEX","article_modified_time":"2025-04-10T13:41:16+00:00","og_image":[{"width":896,"height":1152,"url":"https:\/\/www.tech-complex.com\/wp-content\/uploads\/2025\/01\/prawn-denoise-sharpen.jpeg","type":"image\/jpeg"}],"twitter_card":"summary_large_image","twitter_misc":{"Temps estimat de lectura":"1 minut"},"schema":{"@context":"https:\/\/schema.org","@graph":[{"@type":"WebPage","@id":"https:\/\/www.tech-complex.com\/producto\/olpheel-eat-shrimp\/","url":"https:\/\/www.tech-complex.com\/producto\/olpheel-eat-shrimp\/","name":"OLPHEEL EAT SHRIMP - TECH-COMPLEX","isPartOf":{"@id":"https:\/\/www.tech-complex.com\/#website"},"primaryImageOfPage":{"@id":"https:\/\/www.tech-complex.com\/producto\/olpheel-eat-shrimp\/#primaryimage"},"image":{"@id":"https:\/\/www.tech-complex.com\/producto\/olpheel-eat-shrimp\/#primaryimage"},"thumbnailUrl":"https:\/\/tech-complex.com\/wp-content\/uploads\/2025\/01\/prawn-denoise-sharpen.jpeg","datePublished":"2025-01-20T14:48:34+00:00","dateModified":"2025-04-10T13:41:16+00:00","breadcrumb":{"@id":"https:\/\/www.tech-complex.com\/producto\/olpheel-eat-shrimp\/#breadcrumb"},"inLanguage":"ca","potentialAction":[{"@type":"ReadAction","target":["https:\/\/www.tech-complex.com\/producto\/olpheel-eat-shrimp\/"]}]},{"@type":"ImageObject","inLanguage":"ca","@id":"https:\/\/www.tech-complex.com\/producto\/olpheel-eat-shrimp\/#primaryimage","url":"https:\/\/tech-complex.com\/wp-content\/uploads\/2025\/01\/prawn-denoise-sharpen.jpeg","contentUrl":"https:\/\/tech-complex.com\/wp-content\/uploads\/2025\/01\/prawn-denoise-sharpen.jpeg","width":896,"height":1152},{"@type":"BreadcrumbList","@id":"https:\/\/www.tech-complex.com\/producto\/olpheel-eat-shrimp\/#breadcrumb","itemListElement":[{"@type":"ListItem","position":1,"name":"Portada","item":"https:\/\/tech-complex.com\/ca\/"},{"@type":"ListItem","position":2,"name":"Productes-tenda","item":"https:\/\/www.tech-complex.com\/ca\/productes-tenda\/"},{"@type":"ListItem","position":3,"name":"OLPHEEL EAT SHRIMP"}]},{"@type":"WebSite","@id":"https:\/\/www.tech-complex.com\/#website","url":"https:\/\/www.tech-complex.com\/","name":"TECH-COMPLEX","description":"Soluciones nutricionales para el bienestar animal","publisher":{"@id":"https:\/\/www.tech-complex.com\/#organization"},"potentialAction":[{"@type":"SearchAction","target":{"@type":"EntryPoint","urlTemplate":"https:\/\/www.tech-complex.com\/?s={search_term_string}"},"query-input":{"@type":"PropertyValueSpecification","valueRequired":true,"valueName":"search_term_string"}}],"inLanguage":"ca"},{"@type":"Organization","@id":"https:\/\/www.tech-complex.com\/#organization","name":"TECH-COMPLEX","url":"https:\/\/www.tech-complex.com\/","logo":{"@type":"ImageObject","inLanguage":"ca","@id":"https:\/\/www.tech-complex.com\/#\/schema\/logo\/image\/","url":"https:\/\/tech-complex.com\/wp-content\/uploads\/2024\/12\/Logo-TECHCOMPLEX-COLOR.png","contentUrl":"https:\/\/tech-complex.com\/wp-content\/uploads\/2024\/12\/Logo-TECHCOMPLEX-COLOR.png","width":2560,"height":313,"caption":"TECH-COMPLEX"},"image":{"@id":"https:\/\/www.tech-complex.com\/#\/schema\/logo\/image\/"}}]}},"_links":{"self":[{"href":"https:\/\/tech-complex.com\/ca\/wp-json\/wp\/v2\/product\/1713","targetHints":{"allow":["GET"]}}],"collection":[{"href":"https:\/\/tech-complex.com\/ca\/wp-json\/wp\/v2\/product"}],"about":[{"href":"https:\/\/tech-complex.com\/ca\/wp-json\/wp\/v2\/types\/product"}],"replies":[{"embeddable":true,"href":"https:\/\/tech-complex.com\/ca\/wp-json\/wp\/v2\/comments?post=1713"}],"wp:featuredmedia":[{"embeddable":true,"href":"https:\/\/tech-complex.com\/ca\/wp-json\/wp\/v2\/media\/1115"}],"wp:attachment":[{"href":"https:\/\/tech-complex.com\/ca\/wp-json\/wp\/v2\/media?parent=1713"}],"wp:term":[{"taxonomy":"product_brand","embeddable":true,"href":"https:\/\/tech-complex.com\/ca\/wp-json\/wp\/v2\/product_brand?post=1713"},{"taxonomy":"product_cat","embeddable":true,"href":"https:\/\/tech-complex.com\/ca\/wp-json\/wp\/v2\/product_cat?post=1713"},{"taxonomy":"product_tag","embeddable":true,"href":"https:\/\/tech-complex.com\/ca\/wp-json\/wp\/v2\/product_tag?post=1713"}],"curies":[{"name":"wp","href":"https:\/\/api.w.org\/{rel}","templated":true}]}}